{"id":740837,"date":"2025-03-03T18:11:38","date_gmt":"2025-03-03T17:11:38","guid":{"rendered":"https:\/\/stoic-curie.212-227-153-4.plesk.page\/producto\/tessilmare-bimini-plavi-nehrdajuci-celik-3-luka-180-x-200-x-h140cm\/"},"modified":"2026-02-25T00:00:48","modified_gmt":"2026-02-25T00:00:48","slug":"tessilmare-bimini-plavi-nehrdajuci-celik-3-luka-180-x-200-x-h140cm","status":"publish","type":"product","link":"https:\/\/stoic-curie.212-227-153-4.plesk.page\/hr\/product\/tessilmare-bimini-plavi-nehrdajuci-celik-3-luka-180-x-200-x-h140cm\/","title":{"rendered":"Tessilmare Bimini plavi, nehr\u0111aju\u0107i \u010delik, 3 luka, 180 x 200 x H140cm"},"content":{"rendered":"<p>Tessilmare Bimini plavi, nehr\u0111aju\u0107i \u010delik, 3 luka, 180 x 200 x H140cm &#8211; <\/p>\n<p style=\"color: rgb(34, 34, 34); font-family: Arial, Helvetica, sans-serif; font-size: small;\">Biminox se ponosi izvanrednim dizajnom s tri luka koji je istovremeno \u010dvrst i kompaktan, \u0161to ga \u010dini izvrsnim izborom za ljubitelje plovidbe. Ova inovativna struktura uklju\u010duje vodootpornu mre\u017eu i za\u0161titnu navlaku, osiguravaju\u0107i da va\u0161a oprema ostane suha i sigurna. Biminox se mo\u017ee koristiti neovisno, pru\u017eaju\u0107i fleksibilnost za razli\u010dite situacije na vodi, ili ga je mogu\u0107e trajno instalirati uz pomo\u0107 opcionalnih potpornih stupova, \u0161to ga \u010dini posebno pogodnim za otvorene \u010damce i splavove.<\/p>\n<p style=\"color: rgb(34, 34, 34); font-family: Arial, Helvetica, sans-serif; font-size: small;\">Kada primite proizvod, do\u0107i \u0107e rasklopljen; me\u0111utim, otkrit \u0107ete da je sastavljanje prili\u010dno jednostavno, zahvaljuju\u0107i patentiranom dizajnu od strane Tessilmare. Materijali kori\u0161teni u konstrukciji Biminoxa su najvi\u0161e kvalitete, uklju\u010duju\u0107i izdr\u017eljivi nehr\u0111aju\u0107i \u010delik 316 i tkaninu prekrivenu PVC-om od 100% poliestera. Cijevi Biminoxa imaju promjer od 22 mm, pru\u017eaju\u0107i \u010dvrstu strukturu za va\u0161e potrebe na vodi.<\/p>\n<p style=\"color: rgb(34, 34, 34); font-family: Arial, Helvetica, sans-serif; font-size: small;\">Tessilmare je posve\u0107en inovacijama i kvaliteti, \u0161to se o\u010dituje u njihovim rigoroznim testovima u vjetrotunelu i do\u017eivotnoj garanciji koju nude na svoje proizvode. Suncobrani su dostupni u dva klasi\u010dna kolorita: bijelom i tamnoplavom, te dolaze u raznim \u0161irinama od 150 cm do 245 cm. Osim toga, Biminox je dizajniran da izdr\u017ei impresivne brzine do 60 km\/h, \u010dine\u0107i ga pouzdanim izborom za svaku plovidbenu avanturu.<\/p>\n","protected":false},"excerpt":{"rendered":"<p>Tessilmare Bimini plavi, nehr\u0111aju\u0107i \u010delik, 3 luka, 180 x 200 x H140cm &#8211; Biminox se ponosi izvanrednim dizajnom s tri<\/p>\n","protected":false},"featured_media":5939760,"comment_status":"open","ping_status":"closed","template":"","meta":[],"product_brand":[3481],"product_cat":[1689],"product_tag":[],"class_list":{"0":"post-740837","1":"product","2":"type-product","3":"status-publish","4":"has-post-thumbnail","6":"product_brand-tessilmare-hr","7":"product_cat-bimini-tende","9":"first","10":"instock","11":"shipping-taxable","12":"purchasable","13":"product-type-simple"},"_links":{"self":[{"href":"https:\/\/stoic-curie.212-227-153-4.plesk.page\/hr\/wp-json\/wp\/v2\/product\/740837","targetHints":{"allow":["GET"]}}],"collection":[{"href":"https:\/\/stoic-curie.212-227-153-4.plesk.page\/hr\/wp-json\/wp\/v2\/product"}],"about":[{"href":"https:\/\/stoic-curie.212-227-153-4.plesk.page\/hr\/wp-json\/wp\/v2\/types\/product"}],"replies":[{"embeddable":true,"href":"https:\/\/stoic-curie.212-227-153-4.plesk.page\/hr\/wp-json\/wp\/v2\/comments?post=740837"}],"version-history":[{"count":0,"href":"https:\/\/stoic-curie.212-227-153-4.plesk.page\/hr\/wp-json\/wp\/v2\/product\/740837\/revisions"}],"wp:featuredmedia":[{"embeddable":true,"href":"https:\/\/stoic-curie.212-227-153-4.plesk.page\/hr\/wp-json\/wp\/v2\/media\/5939760"}],"wp:attachment":[{"href":"https:\/\/stoic-curie.212-227-153-4.plesk.page\/hr\/wp-json\/wp\/v2\/media?parent=740837"}],"wp:term":[{"taxonomy":"product_brand","embeddable":true,"href":"https:\/\/stoic-curie.212-227-153-4.plesk.page\/hr\/wp-json\/wp\/v2\/product_brand?post=740837"},{"taxonomy":"product_cat","embeddable":true,"href":"https:\/\/stoic-curie.212-227-153-4.plesk.page\/hr\/wp-json\/wp\/v2\/product_cat?post=740837"},{"taxonomy":"product_tag","embeddable":true,"href":"https:\/\/stoic-curie.212-227-153-4.plesk.page\/hr\/wp-json\/wp\/v2\/product_tag?post=740837"}],"curies":[{"name":"wp","href":"https:\/\/api.w.org\/{rel}","templated":true}]}}