{"id":740838,"date":"2025-03-03T18:11:38","date_gmt":"2025-03-03T17:11:38","guid":{"rendered":"https:\/\/stoic-curie.212-227-153-4.plesk.page\/producto\/tessilmare-bimini-plavi-nehrdajuci-celik-3-luka-180-x-230-x-h140cm\/"},"modified":"2026-02-25T00:00:48","modified_gmt":"2026-02-25T00:00:48","slug":"tessilmare-bimini-plavi-nehrdajuci-celik-3-luka-180-x-230-x-h140cm","status":"publish","type":"product","link":"https:\/\/stoic-curie.212-227-153-4.plesk.page\/hr\/product\/tessilmare-bimini-plavi-nehrdajuci-celik-3-luka-180-x-230-x-h140cm\/","title":{"rendered":"Tessilmare Bimini plavi, nehr\u0111aju\u0107i \u010delik, 3 luka, 180 x 230 x H140cm"},"content":{"rendered":"<p>Tessilmare Bimini plavi, nehr\u0111aju\u0107i \u010delik, 3 luka, 180 x 230 x H140cm &#8211; <\/p>\n<p style=\"color: rgb(34, 34, 34); font-family: Arial, Helvetica, sans-serif; font-size: small;\">Dizajn s tri luka je i \u010dvrst i kompaktan, s potpuno vodootpornom mre\u017eom i za\u0161titnom futrolom. Ova konfiguracija omogu\u0107uje jednostavno postavljanje kao samostalnu strukturu ili trajnu instalaciju uz dodatne potporne stubove, \u0161to ga \u010dini savr\u0161enim za otvorene \u010damce i splavi.<\/p>\n<p style=\"color: rgb(34, 34, 34); font-family: Arial, Helvetica, sans-serif; font-size: small;\">Biminox dolazi u rastavljenom obliku, sigurno pakiran u kutiji. Zahvaljuju\u0107i jedinstvenom patentu Tessilmarea, ponovo sastavljanje je jednostavno. Bimini nadstre\u0161nica protiv sunca dolazi s tri uklonjiva luka.<\/p>\n<p style=\"color: rgb(34, 34, 34); font-family: Arial, Helvetica, sans-serif; font-size: small;\">Ira\u0111eno je od okvira od nehr\u0111aju\u0107eg \u010delika 316 i 100% poliesterske tkanine s PVC premazom, cijevi imaju promjer od 22 mm. Uz dodatak opcionalnih potpornih stubova, bimini mo\u017ee ostati u zatvorenom polo\u017eaju, nalik rollbaru.<\/p>\n<p style=\"color: rgb(34, 34, 34); font-family: Arial, Helvetica, sans-serif; font-size: small;\"><strong>Potpuno opremljeni Tessilmare Sun-Tops<\/strong><br \/>Tessilmare sun-tops su izvor ponosa za tvrtku. Inovacija i kreativnost su temeljne vrijednosti u proizvodnom procesu Tessilmarea. Tvrtka redovito provodi ispitivanja u vjetrotunelu na svojim sun-tops kako bi osigurala da ispunjavaju visoke standarde o\u010dekivane u industriji.<\/p>\n<p style=\"color: rgb(34, 34, 34); font-family: Arial, Helvetica, sans-serif; font-size: small;\">Ova sna\u017ena posve\u0107enost kvaliteti razlog je za\u0161to Tessilmare nudi do\u017eivotno jamstvo.<\/p>\n<p style=\"color: rgb(34, 34, 34); font-family: Arial, Helvetica, sans-serif; font-size: small;\">Oznaka &#8220;Made in Italy&#8221; va\u017ean je dio identiteta tvrtke. Tessilmare nabavlja sirovine s lokalnih tr\u017ei\u0161ta, njeguju\u0107i trajne odnose s talijanskim dobavlja\u010dima, i upravlja cjelokupnim procesom proizvodnje unutar tvrtke.<\/p>\n<p style=\"color: rgb(34, 34, 34); font-family: Arial, Helvetica, sans-serif; font-size: small;\"><strong>Opcije boje Sun-Topa<\/strong><\/p>\n<ul style=\"color: rgb(34, 34, 34); font-family: Arial, Helvetica, sans-serif; font-size: small;\">\n<li>Bijela<\/li>\n<li>Mornarsko plava<\/li>\n<\/ul>\n<p style=\"color: rgb(34, 34, 34); font-family: Arial, Helvetica, sans-serif; font-size: small;\"><strong>\u0160irine dostupne Sun-Topa<\/strong><\/p>\n<ul style=\"color: rgb(34, 34, 34); font-family: Arial, Helvetica, sans-serif; font-size: small;\">\n<li>150 cm<\/li>\n<li>170 cm<\/li>\n<li>185 cm<\/li>\n<li>200 cm<\/li>\n<li>215 cm<\/li>\n<li>230 cm<\/li>\n<li>245 cm<\/li>\n<\/ul>\n<p style=\"color: rgb(34, 34, 34); font-family: Arial, Helvetica, sans-serif; font-size: small;\"><strong>Materijal Sun-Topa<\/strong><\/p>\n<ul style=\"color: rgb(34, 34, 34); font-family: Arial, Helvetica, sans-serif; font-size: small;\">\n<li>Inox 22mm<\/li>\n<\/ul>\n<p style=\"color: rgb(34, 34, 34); font-family: Arial, Helvetica, sans-serif; font-size: small;\"><strong>Maksimalna brzina<\/strong><\/p>\n<ul style=\"color: rgb(34, 34, 34); font-family: Arial, Helvetica, sans-serif; font-size: small;\">\n<li>60 km\/h<\/li>\n<\/ul>\n","protected":false},"excerpt":{"rendered":"<p>Tessilmare Bimini plavi, nehr\u0111aju\u0107i \u010delik, 3 luka, 180 x 230 x H140cm &#8211; Dizajn s tri luka je i \u010dvrst<\/p>\n","protected":false},"featured_media":5939763,"comment_status":"open","ping_status":"closed","template":"","meta":[],"product_brand":[3481],"product_cat":[1689],"product_tag":[],"class_list":{"0":"post-740838","1":"product","2":"type-product","3":"status-publish","4":"has-post-thumbnail","6":"product_brand-tessilmare-hr","7":"product_cat-bimini-tende","9":"first","10":"instock","11":"shipping-taxable","12":"purchasable","13":"product-type-simple"},"_links":{"self":[{"href":"https:\/\/stoic-curie.212-227-153-4.plesk.page\/hr\/wp-json\/wp\/v2\/product\/740838","targetHints":{"allow":["GET"]}}],"collection":[{"href":"https:\/\/stoic-curie.212-227-153-4.plesk.page\/hr\/wp-json\/wp\/v2\/product"}],"about":[{"href":"https:\/\/stoic-curie.212-227-153-4.plesk.page\/hr\/wp-json\/wp\/v2\/types\/product"}],"replies":[{"embeddable":true,"href":"https:\/\/stoic-curie.212-227-153-4.plesk.page\/hr\/wp-json\/wp\/v2\/comments?post=740838"}],"version-history":[{"count":0,"href":"https:\/\/stoic-curie.212-227-153-4.plesk.page\/hr\/wp-json\/wp\/v2\/product\/740838\/revisions"}],"wp:featuredmedia":[{"embeddable":true,"href":"https:\/\/stoic-curie.212-227-153-4.plesk.page\/hr\/wp-json\/wp\/v2\/media\/5939763"}],"wp:attachment":[{"href":"https:\/\/stoic-curie.212-227-153-4.plesk.page\/hr\/wp-json\/wp\/v2\/media?parent=740838"}],"wp:term":[{"taxonomy":"product_brand","embeddable":true,"href":"https:\/\/stoic-curie.212-227-153-4.plesk.page\/hr\/wp-json\/wp\/v2\/product_brand?post=740838"},{"taxonomy":"product_cat","embeddable":true,"href":"https:\/\/stoic-curie.212-227-153-4.plesk.page\/hr\/wp-json\/wp\/v2\/product_cat?post=740838"},{"taxonomy":"product_tag","embeddable":true,"href":"https:\/\/stoic-curie.212-227-153-4.plesk.page\/hr\/wp-json\/wp\/v2\/product_tag?post=740838"}],"curies":[{"name":"wp","href":"https:\/\/api.w.org\/{rel}","templated":true}]}}