{"id":740856,"date":"2025-03-03T18:11:43","date_gmt":"2025-03-03T17:11:43","guid":{"rendered":"https:\/\/stoic-curie.212-227-153-4.plesk.page\/producto\/navlaka-za-turbine-180-200-mm\/"},"modified":"2026-02-25T00:00:48","modified_gmt":"2026-02-25T00:00:48","slug":"navlaka-za-turbine-180-200-mm","status":"publish","type":"product","link":"https:\/\/stoic-curie.212-227-153-4.plesk.page\/hr\/product\/navlaka-za-turbine-180-200-mm\/","title":{"rendered":"Navlaka za turbine 180-200 mm"},"content":{"rendered":"<p>Navlaka za turbine 180-200 mm &#8211; <\/p>\n<p>Stakleno platno i kerami\u010dke vlaknaste turboskrovi. Mo\u017ee izdr\u017eati temperature do 800 \u00b0C. Uklju\u010dena je proljetna montacija od nehr\u0111aju\u0107eg \u010delika.<\/p>\n","protected":false},"excerpt":{"rendered":"<p>Navlaka za turbine 180-200 mm &#8211; Stakleno platno i kerami\u010dke vlaknaste turboskrovi. Mo\u017ee izdr\u017eati temperature do 800 \u00b0C. Uklju\u010dena je<\/p>\n","protected":false},"featured_media":5939781,"comment_status":"open","ping_status":"closed","template":"","meta":[],"product_brand":[3291],"product_cat":[1810],"product_tag":[],"class_list":{"0":"post-740856","1":"product","2":"type-product","3":"status-publish","4":"has-post-thumbnail","6":"product_brand-quietlife-hr","7":"product_cat-izolacija-i-zvucna-izolacija","9":"first","10":"instock","11":"shipping-taxable","12":"purchasable","13":"product-type-simple"},"_links":{"self":[{"href":"https:\/\/stoic-curie.212-227-153-4.plesk.page\/hr\/wp-json\/wp\/v2\/product\/740856","targetHints":{"allow":["GET"]}}],"collection":[{"href":"https:\/\/stoic-curie.212-227-153-4.plesk.page\/hr\/wp-json\/wp\/v2\/product"}],"about":[{"href":"https:\/\/stoic-curie.212-227-153-4.plesk.page\/hr\/wp-json\/wp\/v2\/types\/product"}],"replies":[{"embeddable":true,"href":"https:\/\/stoic-curie.212-227-153-4.plesk.page\/hr\/wp-json\/wp\/v2\/comments?post=740856"}],"version-history":[{"count":0,"href":"https:\/\/stoic-curie.212-227-153-4.plesk.page\/hr\/wp-json\/wp\/v2\/product\/740856\/revisions"}],"wp:featuredmedia":[{"embeddable":true,"href":"https:\/\/stoic-curie.212-227-153-4.plesk.page\/hr\/wp-json\/wp\/v2\/media\/5939781"}],"wp:attachment":[{"href":"https:\/\/stoic-curie.212-227-153-4.plesk.page\/hr\/wp-json\/wp\/v2\/media?parent=740856"}],"wp:term":[{"taxonomy":"product_brand","embeddable":true,"href":"https:\/\/stoic-curie.212-227-153-4.plesk.page\/hr\/wp-json\/wp\/v2\/product_brand?post=740856"},{"taxonomy":"product_cat","embeddable":true,"href":"https:\/\/stoic-curie.212-227-153-4.plesk.page\/hr\/wp-json\/wp\/v2\/product_cat?post=740856"},{"taxonomy":"product_tag","embeddable":true,"href":"https:\/\/stoic-curie.212-227-153-4.plesk.page\/hr\/wp-json\/wp\/v2\/product_tag?post=740856"}],"curies":[{"name":"wp","href":"https:\/\/api.w.org\/{rel}","templated":true}]}}