{"id":740859,"date":"2025-03-03T18:11:43","date_gmt":"2025-03-03T17:11:43","guid":{"rendered":"https:\/\/stoic-curie.212-227-153-4.plesk.page\/producto\/termoizolacijska-obloga-za-ispusno-crijevo-100-x-43-cm\/"},"modified":"2026-02-25T00:00:48","modified_gmt":"2026-02-25T00:00:48","slug":"termoizolacijska-obloga-za-ispusno-crijevo-100-x-43-cm","status":"publish","type":"product","link":"https:\/\/stoic-curie.212-227-153-4.plesk.page\/hr\/product\/termoizolacijska-obloga-za-ispusno-crijevo-100-x-43-cm\/","title":{"rendered":"Termoizolacijska obloga za ispu\u0161no crijevo 100 x 43 cm"},"content":{"rendered":"<p>Termoizolacijska obloga za ispu\u0161no crijevo 100 x 43 cm &#8211; <\/p>\n<p>Stakleni platno i termoizolacijske ispuhne obloge od kerami\u010dkih vlakana. Podnose temperature do 800 \u00b0C. Uklju\u010dena opruga za monta\u017eu od nehr\u0111aju\u0107eg \u010delika. R.I.Na. CCE33701-CDS\/467-95\/TAO certificirano.<\/p>\n","protected":false},"excerpt":{"rendered":"<p>Termoizolacijska obloga za ispu\u0161no crijevo 100 x 43 cm &#8211; Stakleni platno i termoizolacijske ispuhne obloge od kerami\u010dkih vlakana. Podnose<\/p>\n","protected":false},"featured_media":5939784,"comment_status":"open","ping_status":"closed","template":"","meta":[],"product_brand":[3291],"product_cat":[1810],"product_tag":[],"class_list":{"0":"post-740859","1":"product","2":"type-product","3":"status-publish","4":"has-post-thumbnail","6":"product_brand-quietlife-hr","7":"product_cat-izolacija-i-zvucna-izolacija","9":"first","10":"instock","11":"shipping-taxable","12":"purchasable","13":"product-type-simple"},"_links":{"self":[{"href":"https:\/\/stoic-curie.212-227-153-4.plesk.page\/hr\/wp-json\/wp\/v2\/product\/740859","targetHints":{"allow":["GET"]}}],"collection":[{"href":"https:\/\/stoic-curie.212-227-153-4.plesk.page\/hr\/wp-json\/wp\/v2\/product"}],"about":[{"href":"https:\/\/stoic-curie.212-227-153-4.plesk.page\/hr\/wp-json\/wp\/v2\/types\/product"}],"replies":[{"embeddable":true,"href":"https:\/\/stoic-curie.212-227-153-4.plesk.page\/hr\/wp-json\/wp\/v2\/comments?post=740859"}],"version-history":[{"count":0,"href":"https:\/\/stoic-curie.212-227-153-4.plesk.page\/hr\/wp-json\/wp\/v2\/product\/740859\/revisions"}],"wp:featuredmedia":[{"embeddable":true,"href":"https:\/\/stoic-curie.212-227-153-4.plesk.page\/hr\/wp-json\/wp\/v2\/media\/5939784"}],"wp:attachment":[{"href":"https:\/\/stoic-curie.212-227-153-4.plesk.page\/hr\/wp-json\/wp\/v2\/media?parent=740859"}],"wp:term":[{"taxonomy":"product_brand","embeddable":true,"href":"https:\/\/stoic-curie.212-227-153-4.plesk.page\/hr\/wp-json\/wp\/v2\/product_brand?post=740859"},{"taxonomy":"product_cat","embeddable":true,"href":"https:\/\/stoic-curie.212-227-153-4.plesk.page\/hr\/wp-json\/wp\/v2\/product_cat?post=740859"},{"taxonomy":"product_tag","embeddable":true,"href":"https:\/\/stoic-curie.212-227-153-4.plesk.page\/hr\/wp-json\/wp\/v2\/product_tag?post=740859"}],"curies":[{"name":"wp","href":"https:\/\/api.w.org\/{rel}","templated":true}]}}