{"id":740862,"date":"2025-03-03T18:11:44","date_gmt":"2025-03-03T17:11:44","guid":{"rendered":"https:\/\/stoic-curie.212-227-153-4.plesk.page\/producto\/termo-izolacijska-obloga-za-ispusno-crijevo-100-x-60-cm\/"},"modified":"2026-02-25T00:00:48","modified_gmt":"2026-02-25T00:00:48","slug":"termo-izolacijska-obloga-za-ispusno-crijevo-100-x-60-cm","status":"publish","type":"product","link":"https:\/\/stoic-curie.212-227-153-4.plesk.page\/hr\/product\/termo-izolacijska-obloga-za-ispusno-crijevo-100-x-60-cm\/","title":{"rendered":"Termo izolacijska obloga za ispu\u0161no crijevo 100 x 60 Cm"},"content":{"rendered":"<p>Termo izolacijska obloga za ispu\u0161no crijevo 100 x 60 Cm &#8211; <\/p>\n<p>Stakleni platno i kerami\u010dke vlaknaste termoizolacijske za\u0161tite ispuha. Mo\u017ee izdr\u017eati temperature do 800 \u00b0C. Uklju\u010dena opruga za montiranje od nehr\u0111aju\u0107eg \u010delika. R.I.Na. CCE33701-CDS\/467-95\/TAO certifikat.<\/p>\n","protected":false},"excerpt":{"rendered":"<p>Termo izolacijska obloga za ispu\u0161no crijevo 100 x 60 Cm &#8211; Stakleni platno i kerami\u010dke vlaknaste termoizolacijske za\u0161tite ispuha. Mo\u017ee<\/p>\n","protected":false},"featured_media":5939784,"comment_status":"open","ping_status":"closed","template":"","meta":[],"product_brand":[3291],"product_cat":[1810],"product_tag":[],"class_list":{"0":"post-740862","1":"product","2":"type-product","3":"status-publish","4":"has-post-thumbnail","6":"product_brand-quietlife-hr","7":"product_cat-izolacija-i-zvucna-izolacija","9":"first","10":"instock","11":"shipping-taxable","12":"purchasable","13":"product-type-simple"},"_links":{"self":[{"href":"https:\/\/stoic-curie.212-227-153-4.plesk.page\/hr\/wp-json\/wp\/v2\/product\/740862","targetHints":{"allow":["GET"]}}],"collection":[{"href":"https:\/\/stoic-curie.212-227-153-4.plesk.page\/hr\/wp-json\/wp\/v2\/product"}],"about":[{"href":"https:\/\/stoic-curie.212-227-153-4.plesk.page\/hr\/wp-json\/wp\/v2\/types\/product"}],"replies":[{"embeddable":true,"href":"https:\/\/stoic-curie.212-227-153-4.plesk.page\/hr\/wp-json\/wp\/v2\/comments?post=740862"}],"version-history":[{"count":0,"href":"https:\/\/stoic-curie.212-227-153-4.plesk.page\/hr\/wp-json\/wp\/v2\/product\/740862\/revisions"}],"wp:featuredmedia":[{"embeddable":true,"href":"https:\/\/stoic-curie.212-227-153-4.plesk.page\/hr\/wp-json\/wp\/v2\/media\/5939784"}],"wp:attachment":[{"href":"https:\/\/stoic-curie.212-227-153-4.plesk.page\/hr\/wp-json\/wp\/v2\/media?parent=740862"}],"wp:term":[{"taxonomy":"product_brand","embeddable":true,"href":"https:\/\/stoic-curie.212-227-153-4.plesk.page\/hr\/wp-json\/wp\/v2\/product_brand?post=740862"},{"taxonomy":"product_cat","embeddable":true,"href":"https:\/\/stoic-curie.212-227-153-4.plesk.page\/hr\/wp-json\/wp\/v2\/product_cat?post=740862"},{"taxonomy":"product_tag","embeddable":true,"href":"https:\/\/stoic-curie.212-227-153-4.plesk.page\/hr\/wp-json\/wp\/v2\/product_tag?post=740862"}],"curies":[{"name":"wp","href":"https:\/\/api.w.org\/{rel}","templated":true}]}}