{"id":740865,"date":"2025-03-03T18:11:45","date_gmt":"2025-03-03T17:11:45","guid":{"rendered":"https:\/\/stoic-curie.212-227-153-4.plesk.page\/producto\/samoljepljiva-protuklizna-traka-plava-10-cm-x-10mt\/"},"modified":"2026-02-25T00:00:48","modified_gmt":"2026-02-25T00:00:48","slug":"samoljepljiva-protuklizna-traka-plava-10-cm-x-10mt","status":"publish","type":"product","link":"https:\/\/stoic-curie.212-227-153-4.plesk.page\/hr\/product\/samoljepljiva-protuklizna-traka-plava-10-cm-x-10mt\/","title":{"rendered":"Samoljepljiva protuklizna traka plava 10 cm x 10mt"},"content":{"rendered":"<p>Samoljepljiva protuklizna traka plava 10 cm x 10mt &#8211; <\/p>\n<p>Kvalitetna, protuklizna, samoljepljiva traka debljine 2,1 mm na kolut. Premaz komplekse poliuretanske elastomere na poliesterskoj podlozi. Vodonepropusna, izoliraju\u0107a i udobna za hodanje bosonoga. Idealna za dekove \u010damaca, napuhavanje, rubove stepenica i prolaze. Veli\u010dine: 2,5 cm x 10 m &#8211; 4 cm x 10 m &#8211; 10 cm x 10 m.<\/p>\n","protected":false},"excerpt":{"rendered":"<p>Samoljepljiva protuklizna traka plava 10 cm x 10mt &#8211; Kvalitetna, protuklizna, samoljepljiva traka debljine 2,1 mm na kolut. Premaz komplekse<\/p>\n","protected":false},"featured_media":5939792,"comment_status":"open","ping_status":"closed","template":"","meta":[],"product_brand":[3451],"product_cat":[1629],"product_tag":[],"class_list":{"0":"post-740865","1":"product","2":"type-product","3":"status-publish","4":"has-post-thumbnail","6":"product_brand-tbs-hr","7":"product_cat-protuklizne-trake-i-podovi","9":"first","10":"instock","11":"shipping-taxable","12":"purchasable","13":"product-type-simple"},"_links":{"self":[{"href":"https:\/\/stoic-curie.212-227-153-4.plesk.page\/hr\/wp-json\/wp\/v2\/product\/740865","targetHints":{"allow":["GET"]}}],"collection":[{"href":"https:\/\/stoic-curie.212-227-153-4.plesk.page\/hr\/wp-json\/wp\/v2\/product"}],"about":[{"href":"https:\/\/stoic-curie.212-227-153-4.plesk.page\/hr\/wp-json\/wp\/v2\/types\/product"}],"replies":[{"embeddable":true,"href":"https:\/\/stoic-curie.212-227-153-4.plesk.page\/hr\/wp-json\/wp\/v2\/comments?post=740865"}],"version-history":[{"count":0,"href":"https:\/\/stoic-curie.212-227-153-4.plesk.page\/hr\/wp-json\/wp\/v2\/product\/740865\/revisions"}],"wp:featuredmedia":[{"embeddable":true,"href":"https:\/\/stoic-curie.212-227-153-4.plesk.page\/hr\/wp-json\/wp\/v2\/media\/5939792"}],"wp:attachment":[{"href":"https:\/\/stoic-curie.212-227-153-4.plesk.page\/hr\/wp-json\/wp\/v2\/media?parent=740865"}],"wp:term":[{"taxonomy":"product_brand","embeddable":true,"href":"https:\/\/stoic-curie.212-227-153-4.plesk.page\/hr\/wp-json\/wp\/v2\/product_brand?post=740865"},{"taxonomy":"product_cat","embeddable":true,"href":"https:\/\/stoic-curie.212-227-153-4.plesk.page\/hr\/wp-json\/wp\/v2\/product_cat?post=740865"},{"taxonomy":"product_tag","embeddable":true,"href":"https:\/\/stoic-curie.212-227-153-4.plesk.page\/hr\/wp-json\/wp\/v2\/product_tag?post=740865"}],"curies":[{"name":"wp","href":"https:\/\/api.w.org\/{rel}","templated":true}]}}