{"id":740871,"date":"2025-03-03T18:11:46","date_gmt":"2025-03-03T17:11:46","guid":{"rendered":"https:\/\/stoic-curie.212-227-153-4.plesk.page\/producto\/koloturnik-od-nehrdajuceg-celika-sprenger-micro-triple-sa-zjevacomi-i-stoperom-od-19-mm-za-konop-do-6-mm\/"},"modified":"2026-02-25T00:00:48","modified_gmt":"2026-02-25T00:00:48","slug":"koloturnik-od-nehrdajuceg-celika-sprenger-micro-triple-sa-zjevacomi-i-stoperom-od-19-mm-za-konop-do-6-mm","status":"publish","type":"product","link":"https:\/\/stoic-curie.212-227-153-4.plesk.page\/hr\/product\/koloturnik-od-nehrdajuceg-celika-sprenger-micro-triple-sa-zjevacomi-i-stoperom-od-19-mm-za-konop-do-6-mm\/","title":{"rendered":"Koloturnik od nehr\u0111aju\u0107eg \u010delika Sprenger Micro Triple sa zjeva\u010domi i \u0161toperom od 19 mm za konop do 6 mm"},"content":{"rendered":"<p>Koloturnik od nehr\u0111aju\u0107eg \u010delika Sprenger Micro Triple sa zjeva\u010domi i \u0161toperom od 19 mm za konop do 6 mm &#8211; <\/p>\n<p>HS blokovi s kugli\u010dnim le\u017eajevima za u\u017ead do 6 mm. Kugli\u010dni le\u017eajevi: Nehr\u0111aju\u0107i \u010delik. Promjer klizne pulte 19 mm: UV-otporna Hi-Q plastika. Bo\u010dne strane: Nehr\u0111aju\u0107i \u010delik. Kapacitet optere\u0107enja: 450 Kg.<\/p>\n","protected":false},"excerpt":{"rendered":"<p>Koloturnik od nehr\u0111aju\u0107eg \u010delika Sprenger Micro Triple sa zjeva\u010domi i \u0161toperom od 19 mm za konop do 6 mm &#8211;<\/p>\n","protected":false},"featured_media":5939843,"comment_status":"open","ping_status":"closed","template":"","meta":[],"product_brand":[3431],"product_cat":[1769],"product_tag":[],"class_list":{"0":"post-740871","1":"product","2":"type-product","3":"status-publish","4":"has-post-thumbnail","6":"product_brand-sprenger-hs-hr","7":"product_cat-koloture-za-jedrilice-sprenger","9":"first","10":"instock","11":"shipping-taxable","12":"purchasable","13":"product-type-simple"},"_links":{"self":[{"href":"https:\/\/stoic-curie.212-227-153-4.plesk.page\/hr\/wp-json\/wp\/v2\/product\/740871","targetHints":{"allow":["GET"]}}],"collection":[{"href":"https:\/\/stoic-curie.212-227-153-4.plesk.page\/hr\/wp-json\/wp\/v2\/product"}],"about":[{"href":"https:\/\/stoic-curie.212-227-153-4.plesk.page\/hr\/wp-json\/wp\/v2\/types\/product"}],"replies":[{"embeddable":true,"href":"https:\/\/stoic-curie.212-227-153-4.plesk.page\/hr\/wp-json\/wp\/v2\/comments?post=740871"}],"version-history":[{"count":0,"href":"https:\/\/stoic-curie.212-227-153-4.plesk.page\/hr\/wp-json\/wp\/v2\/product\/740871\/revisions"}],"wp:featuredmedia":[{"embeddable":true,"href":"https:\/\/stoic-curie.212-227-153-4.plesk.page\/hr\/wp-json\/wp\/v2\/media\/5939843"}],"wp:attachment":[{"href":"https:\/\/stoic-curie.212-227-153-4.plesk.page\/hr\/wp-json\/wp\/v2\/media?parent=740871"}],"wp:term":[{"taxonomy":"product_brand","embeddable":true,"href":"https:\/\/stoic-curie.212-227-153-4.plesk.page\/hr\/wp-json\/wp\/v2\/product_brand?post=740871"},{"taxonomy":"product_cat","embeddable":true,"href":"https:\/\/stoic-curie.212-227-153-4.plesk.page\/hr\/wp-json\/wp\/v2\/product_cat?post=740871"},{"taxonomy":"product_tag","embeddable":true,"href":"https:\/\/stoic-curie.212-227-153-4.plesk.page\/hr\/wp-json\/wp\/v2\/product_tag?post=740871"}],"curies":[{"name":"wp","href":"https:\/\/api.w.org\/{rel}","templated":true}]}}