{"id":740879,"date":"2025-03-03T18:11:48","date_gmt":"2025-03-03T17:11:48","guid":{"rendered":"https:\/\/stoic-curie.212-227-153-4.plesk.page\/producto\/trostruka-kolotura-s-nosacem-sprenger-28-mm-za-konop-do-8-mm\/"},"modified":"2026-02-25T00:00:49","modified_gmt":"2026-02-25T00:00:49","slug":"trostruka-kolotura-s-nosacem-sprenger-28-mm-za-konop-do-8-mm","status":"publish","type":"product","link":"https:\/\/stoic-curie.212-227-153-4.plesk.page\/hr\/product\/trostruka-kolotura-s-nosacem-sprenger-28-mm-za-konop-do-8-mm\/","title":{"rendered":"Trostruka kolotura s nosacem Sprenger, 28 mm za konop do 8 mm"},"content":{"rendered":"<p>Trostruka kolotura s nosacem Sprenger, 28 mm za konop do 8 mm &#8211; <\/p>\n<p>HS blokovi s kugli\u010dnim le\u017eajevima za u\u017ead do 8 mm. <br \/>Kugli\u010dni le\u017eajevi: Nehr\u0111aju\u0107i \u010delik <br \/>Promjer kolotura 28 mm: UV otporna Hi-Q plastika <br \/>Osi: UV otporna Hi-Q plastika i remenice od nehr\u0111aju\u0107eg \u010delika <br \/>Ruptura optere\u0107enja: 600 kg. <\/p>\n","protected":false},"excerpt":{"rendered":"<p>Trostruka kolotura s nosacem Sprenger, 28 mm za konop do 8 mm &#8211; HS blokovi s kugli\u010dnim le\u017eajevima za u\u017ead<\/p>\n","protected":false},"featured_media":5939954,"comment_status":"open","ping_status":"closed","template":"","meta":[],"product_brand":[2218,3431],"product_cat":[1769],"product_tag":[],"class_list":{"0":"post-740879","1":"product","2":"type-product","3":"status-publish","4":"has-post-thumbnail","6":"product_brand-sprenger-hs","7":"product_brand-sprenger-hs-hr","8":"product_cat-koloture-za-jedrilice-sprenger","10":"first","11":"instock","12":"shipping-taxable","13":"purchasable","14":"product-type-simple"},"_links":{"self":[{"href":"https:\/\/stoic-curie.212-227-153-4.plesk.page\/hr\/wp-json\/wp\/v2\/product\/740879","targetHints":{"allow":["GET"]}}],"collection":[{"href":"https:\/\/stoic-curie.212-227-153-4.plesk.page\/hr\/wp-json\/wp\/v2\/product"}],"about":[{"href":"https:\/\/stoic-curie.212-227-153-4.plesk.page\/hr\/wp-json\/wp\/v2\/types\/product"}],"replies":[{"embeddable":true,"href":"https:\/\/stoic-curie.212-227-153-4.plesk.page\/hr\/wp-json\/wp\/v2\/comments?post=740879"}],"version-history":[{"count":0,"href":"https:\/\/stoic-curie.212-227-153-4.plesk.page\/hr\/wp-json\/wp\/v2\/product\/740879\/revisions"}],"wp:featuredmedia":[{"embeddable":true,"href":"https:\/\/stoic-curie.212-227-153-4.plesk.page\/hr\/wp-json\/wp\/v2\/media\/5939954"}],"wp:attachment":[{"href":"https:\/\/stoic-curie.212-227-153-4.plesk.page\/hr\/wp-json\/wp\/v2\/media?parent=740879"}],"wp:term":[{"taxonomy":"product_brand","embeddable":true,"href":"https:\/\/stoic-curie.212-227-153-4.plesk.page\/hr\/wp-json\/wp\/v2\/product_brand?post=740879"},{"taxonomy":"product_cat","embeddable":true,"href":"https:\/\/stoic-curie.212-227-153-4.plesk.page\/hr\/wp-json\/wp\/v2\/product_cat?post=740879"},{"taxonomy":"product_tag","embeddable":true,"href":"https:\/\/stoic-curie.212-227-153-4.plesk.page\/hr\/wp-json\/wp\/v2\/product_tag?post=740879"}],"curies":[{"name":"wp","href":"https:\/\/api.w.org\/{rel}","templated":true}]}}