{"id":740882,"date":"2025-03-03T18:11:49","date_gmt":"2025-03-03T17:11:49","guid":{"rendered":"https:\/\/stoic-curie.212-227-153-4.plesk.page\/producto\/violinska-kolotura-sprenger-36mm-za-konop-do-10mm\/"},"modified":"2026-02-25T00:00:49","modified_gmt":"2026-02-25T00:00:49","slug":"violinska-kolotura-sprenger-36mm-za-konop-do-10mm","status":"publish","type":"product","link":"https:\/\/stoic-curie.212-227-153-4.plesk.page\/hr\/product\/violinska-kolotura-sprenger-36mm-za-konop-do-10mm\/","title":{"rendered":"Violinska kolotura, Sprenger 36mm za konop do 10mm"},"content":{"rendered":"<p>Violinska kolotura, Sprenger 36mm za konop do 10mm &#8211; <\/p>\n<p>HS blokovi kugli\u010dnih le\u017eajeva za konopce do 10 mm.<br \/>Kugli\u010dni le\u017eajevi: Nehr\u0111aju\u0107i \u010delik<br \/>Promjer remenice 36 mm: UV-otporna Hi-Q plastika<br \/>Obloge: UV-otporna Hi-Q plastika i trake od nehr\u0111aju\u0107eg \u010delika<br \/>Optere\u0107enje pri lomu: 850 kg.<\/p>\n","protected":false},"excerpt":{"rendered":"<p>Violinska kolotura, Sprenger 36mm za konop do 10mm &#8211; HS blokovi kugli\u010dnih le\u017eajeva za konopce do 10 mm.Kugli\u010dni le\u017eajevi: Nehr\u0111aju\u0107i<\/p>\n","protected":false},"featured_media":5939960,"comment_status":"open","ping_status":"closed","template":"","meta":[],"product_brand":[2218,3431],"product_cat":[1769],"product_tag":[],"class_list":{"0":"post-740882","1":"product","2":"type-product","3":"status-publish","4":"has-post-thumbnail","6":"product_brand-sprenger-hs","7":"product_brand-sprenger-hs-hr","8":"product_cat-koloture-za-jedrilice-sprenger","10":"first","11":"instock","12":"shipping-taxable","13":"purchasable","14":"product-type-simple"},"_links":{"self":[{"href":"https:\/\/stoic-curie.212-227-153-4.plesk.page\/hr\/wp-json\/wp\/v2\/product\/740882","targetHints":{"allow":["GET"]}}],"collection":[{"href":"https:\/\/stoic-curie.212-227-153-4.plesk.page\/hr\/wp-json\/wp\/v2\/product"}],"about":[{"href":"https:\/\/stoic-curie.212-227-153-4.plesk.page\/hr\/wp-json\/wp\/v2\/types\/product"}],"replies":[{"embeddable":true,"href":"https:\/\/stoic-curie.212-227-153-4.plesk.page\/hr\/wp-json\/wp\/v2\/comments?post=740882"}],"version-history":[{"count":0,"href":"https:\/\/stoic-curie.212-227-153-4.plesk.page\/hr\/wp-json\/wp\/v2\/product\/740882\/revisions"}],"wp:featuredmedia":[{"embeddable":true,"href":"https:\/\/stoic-curie.212-227-153-4.plesk.page\/hr\/wp-json\/wp\/v2\/media\/5939960"}],"wp:attachment":[{"href":"https:\/\/stoic-curie.212-227-153-4.plesk.page\/hr\/wp-json\/wp\/v2\/media?parent=740882"}],"wp:term":[{"taxonomy":"product_brand","embeddable":true,"href":"https:\/\/stoic-curie.212-227-153-4.plesk.page\/hr\/wp-json\/wp\/v2\/product_brand?post=740882"},{"taxonomy":"product_cat","embeddable":true,"href":"https:\/\/stoic-curie.212-227-153-4.plesk.page\/hr\/wp-json\/wp\/v2\/product_cat?post=740882"},{"taxonomy":"product_tag","embeddable":true,"href":"https:\/\/stoic-curie.212-227-153-4.plesk.page\/hr\/wp-json\/wp\/v2\/product_tag?post=740882"}],"curies":[{"name":"wp","href":"https:\/\/api.w.org\/{rel}","templated":true}]}}