{"id":740883,"date":"2025-03-03T18:11:49","date_gmt":"2025-03-03T17:11:49","guid":{"rendered":"https:\/\/stoic-curie.212-227-153-4.plesk.page\/producto\/koloturnik-violinski-36mm-sprenger-sa-stoperom-i-nosacem-za-konop-do-10mm-2\/"},"modified":"2026-02-25T00:00:49","modified_gmt":"2026-02-25T00:00:49","slug":"koloturnik-violinski-36mm-sprenger-sa-stoperom-i-nosacem-za-konop-do-10mm-2","status":"publish","type":"product","link":"https:\/\/stoic-curie.212-227-153-4.plesk.page\/hr\/product\/koloturnik-violinski-36mm-sprenger-sa-stoperom-i-nosacem-za-konop-do-10mm-2\/","title":{"rendered":"Koloturnik violinski 36mm, Sprenger, sa \u0161toperom i nosacem za konop do 10mm"},"content":{"rendered":"<p>Koloturnik violinski 36mm, Sprenger, sa \u0161toperom i nosacem za konop do 10mm &#8211; <\/p>\n<p>HS blokovi s kugli\u010dnim le\u017eajevima za u\u017ead promjera do 10 mm.<br \/> Kugli\u010dni le\u017eajevi: Nehr\u0111aju\u0107i \u010delik<br \/> Promjer remenice 36 mm: UV otporna Hi-Q plastika<br \/> \u0160koljke: UV otporna Hi-Q plastika i trake od nehr\u0111aju\u0107eg \u010delika<br \/> Pukotinska optere\u0107enja: 850 kg.<\/p>\n","protected":false},"excerpt":{"rendered":"<p>Koloturnik violinski 36mm, Sprenger, sa \u0161toperom i nosacem za konop do 10mm &#8211; HS blokovi s kugli\u010dnim le\u017eajevima za u\u017ead<\/p>\n","protected":false},"featured_media":5939964,"comment_status":"open","ping_status":"closed","template":"","meta":[],"product_brand":[3431],"product_cat":[1769],"product_tag":[],"class_list":{"0":"post-740883","1":"product","2":"type-product","3":"status-publish","4":"has-post-thumbnail","6":"product_brand-sprenger-hs-hr","7":"product_cat-koloture-za-jedrilice-sprenger","9":"first","10":"instock","11":"shipping-taxable","12":"purchasable","13":"product-type-simple"},"_links":{"self":[{"href":"https:\/\/stoic-curie.212-227-153-4.plesk.page\/hr\/wp-json\/wp\/v2\/product\/740883","targetHints":{"allow":["GET"]}}],"collection":[{"href":"https:\/\/stoic-curie.212-227-153-4.plesk.page\/hr\/wp-json\/wp\/v2\/product"}],"about":[{"href":"https:\/\/stoic-curie.212-227-153-4.plesk.page\/hr\/wp-json\/wp\/v2\/types\/product"}],"replies":[{"embeddable":true,"href":"https:\/\/stoic-curie.212-227-153-4.plesk.page\/hr\/wp-json\/wp\/v2\/comments?post=740883"}],"version-history":[{"count":0,"href":"https:\/\/stoic-curie.212-227-153-4.plesk.page\/hr\/wp-json\/wp\/v2\/product\/740883\/revisions"}],"wp:featuredmedia":[{"embeddable":true,"href":"https:\/\/stoic-curie.212-227-153-4.plesk.page\/hr\/wp-json\/wp\/v2\/media\/5939964"}],"wp:attachment":[{"href":"https:\/\/stoic-curie.212-227-153-4.plesk.page\/hr\/wp-json\/wp\/v2\/media?parent=740883"}],"wp:term":[{"taxonomy":"product_brand","embeddable":true,"href":"https:\/\/stoic-curie.212-227-153-4.plesk.page\/hr\/wp-json\/wp\/v2\/product_brand?post=740883"},{"taxonomy":"product_cat","embeddable":true,"href":"https:\/\/stoic-curie.212-227-153-4.plesk.page\/hr\/wp-json\/wp\/v2\/product_cat?post=740883"},{"taxonomy":"product_tag","embeddable":true,"href":"https:\/\/stoic-curie.212-227-153-4.plesk.page\/hr\/wp-json\/wp\/v2\/product_tag?post=740883"}],"curies":[{"name":"wp","href":"https:\/\/api.w.org\/{rel}","templated":true}]}}