{"id":740884,"date":"2025-03-03T18:11:49","date_gmt":"2025-03-03T17:11:49","guid":{"rendered":"https:\/\/stoic-curie.212-227-153-4.plesk.page\/producto\/vviolinska-kolotura-jednostruka-36mm-sprenger-sa-stoperom-i-nosacem-za-konop-do-10mm\/"},"modified":"2026-02-25T00:00:49","modified_gmt":"2026-02-25T00:00:49","slug":"vviolinska-kolotura-jednostruka-36mm-sprenger-sa-stoperom-i-nosacem-za-konop-do-10mm","status":"publish","type":"product","link":"https:\/\/stoic-curie.212-227-153-4.plesk.page\/hr\/product\/vviolinska-kolotura-jednostruka-36mm-sprenger-sa-stoperom-i-nosacem-za-konop-do-10mm\/","title":{"rendered":"Vviolinska kolotura jednostruka 36mm, Sprenger, sa \u0161toperom i nosacem za konop do 10mm"},"content":{"rendered":"<p>Vviolinska kolotura jednostruka 36mm, Sprenger, sa \u0161toperom i nosacem za konop do 10mm &#8211; <\/p>\n<p>HS blokovi s kugli\u010dnim le\u017eajevima za u\u017ead do 10 mm. Kugli\u010dni le\u017eajevi: Nehr\u0111aju\u0107i \u010delik. Promjer kota\u010da 36 mm: UV-otporna Hi-Q plastika. Bo\u010dne strane: UV-otporna Hi-Q plastika i trake od nehr\u0111aju\u0107eg \u010delika. Sna\u017enost prekida: 850 kg.<\/p>\n","protected":false},"excerpt":{"rendered":"<p>Vviolinska kolotura jednostruka 36mm, Sprenger, sa \u0161toperom i nosacem za konop do 10mm &#8211; HS blokovi s kugli\u010dnim le\u017eajevima za<\/p>\n","protected":false},"featured_media":5939966,"comment_status":"open","ping_status":"closed","template":"","meta":[],"product_brand":[3431],"product_cat":[1769],"product_tag":[],"class_list":{"0":"post-740884","1":"product","2":"type-product","3":"status-publish","4":"has-post-thumbnail","6":"product_brand-sprenger-hs-hr","7":"product_cat-koloture-za-jedrilice-sprenger","9":"first","10":"instock","11":"shipping-taxable","12":"purchasable","13":"product-type-simple"},"_links":{"self":[{"href":"https:\/\/stoic-curie.212-227-153-4.plesk.page\/hr\/wp-json\/wp\/v2\/product\/740884","targetHints":{"allow":["GET"]}}],"collection":[{"href":"https:\/\/stoic-curie.212-227-153-4.plesk.page\/hr\/wp-json\/wp\/v2\/product"}],"about":[{"href":"https:\/\/stoic-curie.212-227-153-4.plesk.page\/hr\/wp-json\/wp\/v2\/types\/product"}],"replies":[{"embeddable":true,"href":"https:\/\/stoic-curie.212-227-153-4.plesk.page\/hr\/wp-json\/wp\/v2\/comments?post=740884"}],"version-history":[{"count":0,"href":"https:\/\/stoic-curie.212-227-153-4.plesk.page\/hr\/wp-json\/wp\/v2\/product\/740884\/revisions"}],"wp:featuredmedia":[{"embeddable":true,"href":"https:\/\/stoic-curie.212-227-153-4.plesk.page\/hr\/wp-json\/wp\/v2\/media\/5939966"}],"wp:attachment":[{"href":"https:\/\/stoic-curie.212-227-153-4.plesk.page\/hr\/wp-json\/wp\/v2\/media?parent=740884"}],"wp:term":[{"taxonomy":"product_brand","embeddable":true,"href":"https:\/\/stoic-curie.212-227-153-4.plesk.page\/hr\/wp-json\/wp\/v2\/product_brand?post=740884"},{"taxonomy":"product_cat","embeddable":true,"href":"https:\/\/stoic-curie.212-227-153-4.plesk.page\/hr\/wp-json\/wp\/v2\/product_cat?post=740884"},{"taxonomy":"product_tag","embeddable":true,"href":"https:\/\/stoic-curie.212-227-153-4.plesk.page\/hr\/wp-json\/wp\/v2\/product_tag?post=740884"}],"curies":[{"name":"wp","href":"https:\/\/api.w.org\/{rel}","templated":true}]}}