{"id":740886,"date":"2025-03-03T18:11:50","date_gmt":"2025-03-03T17:11:50","guid":{"rendered":"https:\/\/stoic-curie.212-227-153-4.plesk.page\/producto\/koloturnik-violinski-50mm-sprenger-sa-stoperom-i-nosacem-za-konop-do-12mm\/"},"modified":"2026-02-25T00:00:49","modified_gmt":"2026-02-25T00:00:49","slug":"koloturnik-violinski-50mm-sprenger-sa-stoperom-i-nosacem-za-konop-do-12mm","status":"publish","type":"product","link":"https:\/\/stoic-curie.212-227-153-4.plesk.page\/hr\/product\/koloturnik-violinski-50mm-sprenger-sa-stoperom-i-nosacem-za-konop-do-12mm\/","title":{"rendered":"Koloturnik violinski 50mm, Sprenger, sa \u0161toperom i nosacem za konop do 12mm"},"content":{"rendered":"<p>Koloturnik violinski 50mm, Sprenger, sa \u0161toperom i nosacem za konop do 12mm &#8211; <\/p>\n<p>Klizni le\u017eajevi HS blokovi za u\u017ee do 12 mm. <br \/>Klizni le\u017eaj: UV otporna Hi-Q plastika <br \/>Promjer koluta 50 mm: UV otporna Hi-Q plastika <br \/>Bo\u010dne strane: UV otporna Hi-Q plastika i nehr\u0111aju\u0107i \u010deli\u010dni remeni <br \/>Snaga lomljenja: 1000 kg.<\/p>\n","protected":false},"excerpt":{"rendered":"<p>Koloturnik violinski 50mm, Sprenger, sa \u0161toperom i nosacem za konop do 12mm &#8211; Klizni le\u017eajevi HS blokovi za u\u017ee do<\/p>\n","protected":false},"featured_media":5939975,"comment_status":"open","ping_status":"closed","template":"","meta":[],"product_brand":[3431],"product_cat":[1769],"product_tag":[],"class_list":{"0":"post-740886","1":"product","2":"type-product","3":"status-publish","4":"has-post-thumbnail","6":"product_brand-sprenger-hs-hr","7":"product_cat-koloture-za-jedrilice-sprenger","9":"first","10":"instock","11":"shipping-taxable","12":"purchasable","13":"product-type-simple"},"_links":{"self":[{"href":"https:\/\/stoic-curie.212-227-153-4.plesk.page\/hr\/wp-json\/wp\/v2\/product\/740886","targetHints":{"allow":["GET"]}}],"collection":[{"href":"https:\/\/stoic-curie.212-227-153-4.plesk.page\/hr\/wp-json\/wp\/v2\/product"}],"about":[{"href":"https:\/\/stoic-curie.212-227-153-4.plesk.page\/hr\/wp-json\/wp\/v2\/types\/product"}],"replies":[{"embeddable":true,"href":"https:\/\/stoic-curie.212-227-153-4.plesk.page\/hr\/wp-json\/wp\/v2\/comments?post=740886"}],"version-history":[{"count":0,"href":"https:\/\/stoic-curie.212-227-153-4.plesk.page\/hr\/wp-json\/wp\/v2\/product\/740886\/revisions"}],"wp:featuredmedia":[{"embeddable":true,"href":"https:\/\/stoic-curie.212-227-153-4.plesk.page\/hr\/wp-json\/wp\/v2\/media\/5939975"}],"wp:attachment":[{"href":"https:\/\/stoic-curie.212-227-153-4.plesk.page\/hr\/wp-json\/wp\/v2\/media?parent=740886"}],"wp:term":[{"taxonomy":"product_brand","embeddable":true,"href":"https:\/\/stoic-curie.212-227-153-4.plesk.page\/hr\/wp-json\/wp\/v2\/product_brand?post=740886"},{"taxonomy":"product_cat","embeddable":true,"href":"https:\/\/stoic-curie.212-227-153-4.plesk.page\/hr\/wp-json\/wp\/v2\/product_cat?post=740886"},{"taxonomy":"product_tag","embeddable":true,"href":"https:\/\/stoic-curie.212-227-153-4.plesk.page\/hr\/wp-json\/wp\/v2\/product_tag?post=740886"}],"curies":[{"name":"wp","href":"https:\/\/api.w.org\/{rel}","templated":true}]}}