{"id":740889,"date":"2025-03-03T18:11:50","date_gmt":"2025-03-03T17:11:50","guid":{"rendered":"https:\/\/stoic-curie.212-227-153-4.plesk.page\/producto\/violinski-koloturnik-50-mm-sprenger-s-nosacem-za-konop-do-12-mm\/"},"modified":"2026-02-25T00:00:49","modified_gmt":"2026-02-25T00:00:49","slug":"violinski-koloturnik-50-mm-sprenger-s-nosacem-za-konop-do-12-mm","status":"publish","type":"product","link":"https:\/\/stoic-curie.212-227-153-4.plesk.page\/hr\/product\/violinski-koloturnik-50-mm-sprenger-s-nosacem-za-konop-do-12-mm\/","title":{"rendered":"Violinski koloturnik 50 mm, Sprenger, s nosa\u010dem, za konop do 12 mm"},"content":{"rendered":"<p>Violinski koloturnik 50 mm, Sprenger, s nosa\u010dem, za konop do 12 mm &#8211; <\/p>\n<p>Kugli\u010dni HS blokovi za u\u017ead do 12 mm. <br \/> Kuglice: Nehr\u0111aju\u0107i \u010delik <br \/> Promjer koluta 50 mm: UV otporna Hi-Q plastika <br \/> Stranice: UV otporna Hi-Q plastika i trakice od nehr\u0111aju\u0107eg \u010delika <br \/> Nosivost: 1000 kg.<\/p>\n","protected":false},"excerpt":{"rendered":"<p>Violinski koloturnik 50 mm, Sprenger, s nosa\u010dem, za konop do 12 mm &#8211; Kugli\u010dni HS blokovi za u\u017ead do 12<\/p>\n","protected":false},"featured_media":5939982,"comment_status":"open","ping_status":"closed","template":"","meta":[],"product_brand":[3431],"product_cat":[1769],"product_tag":[],"class_list":{"0":"post-740889","1":"product","2":"type-product","3":"status-publish","4":"has-post-thumbnail","6":"product_brand-sprenger-hs-hr","7":"product_cat-koloture-za-jedrilice-sprenger","9":"first","10":"instock","11":"shipping-taxable","12":"purchasable","13":"product-type-simple"},"_links":{"self":[{"href":"https:\/\/stoic-curie.212-227-153-4.plesk.page\/hr\/wp-json\/wp\/v2\/product\/740889","targetHints":{"allow":["GET"]}}],"collection":[{"href":"https:\/\/stoic-curie.212-227-153-4.plesk.page\/hr\/wp-json\/wp\/v2\/product"}],"about":[{"href":"https:\/\/stoic-curie.212-227-153-4.plesk.page\/hr\/wp-json\/wp\/v2\/types\/product"}],"replies":[{"embeddable":true,"href":"https:\/\/stoic-curie.212-227-153-4.plesk.page\/hr\/wp-json\/wp\/v2\/comments?post=740889"}],"version-history":[{"count":0,"href":"https:\/\/stoic-curie.212-227-153-4.plesk.page\/hr\/wp-json\/wp\/v2\/product\/740889\/revisions"}],"wp:featuredmedia":[{"embeddable":true,"href":"https:\/\/stoic-curie.212-227-153-4.plesk.page\/hr\/wp-json\/wp\/v2\/media\/5939982"}],"wp:attachment":[{"href":"https:\/\/stoic-curie.212-227-153-4.plesk.page\/hr\/wp-json\/wp\/v2\/media?parent=740889"}],"wp:term":[{"taxonomy":"product_brand","embeddable":true,"href":"https:\/\/stoic-curie.212-227-153-4.plesk.page\/hr\/wp-json\/wp\/v2\/product_brand?post=740889"},{"taxonomy":"product_cat","embeddable":true,"href":"https:\/\/stoic-curie.212-227-153-4.plesk.page\/hr\/wp-json\/wp\/v2\/product_cat?post=740889"},{"taxonomy":"product_tag","embeddable":true,"href":"https:\/\/stoic-curie.212-227-153-4.plesk.page\/hr\/wp-json\/wp\/v2\/product_tag?post=740889"}],"curies":[{"name":"wp","href":"https:\/\/api.w.org\/{rel}","templated":true}]}}