{"id":740890,"date":"2025-03-03T18:11:51","date_gmt":"2025-03-03T17:11:51","guid":{"rendered":"https:\/\/stoic-curie.212-227-153-4.plesk.page\/producto\/koloturnik-jednostruki-sa-stoperom-i-nosacem-od-50-mm-za-konop-do-12-mm\/"},"modified":"2026-02-25T00:00:49","modified_gmt":"2026-02-25T00:00:49","slug":"koloturnik-jednostruki-sa-stoperom-i-nosacem-od-50-mm-za-konop-do-12-mm","status":"publish","type":"product","link":"https:\/\/stoic-curie.212-227-153-4.plesk.page\/hr\/product\/koloturnik-jednostruki-sa-stoperom-i-nosacem-od-50-mm-za-konop-do-12-mm\/","title":{"rendered":"Koloturnik jednostruki sa \u0161toperom i nosa\u010dem od 50 mm za konop do 12 mm"},"content":{"rendered":"<p>Koloturnik jednostruki sa \u0161toperom i nosa\u010dem od 50 mm za konop do 12 mm &#8211; <\/p>\n<p>Kugli\u010dni le\u017eajevi HS blokovi za u\u017ead do 12 mm.<br \/>Kugli\u010dni le\u017eajevi: Nehr\u0111aju\u0107i \u010delik<br \/>Promjer kolotura 50 mm: UV otporni Hi-Q plastika<br \/>Stranice: UV otpornik Hi-Q plastike i nehr\u0111aju\u0107i \u010delik<br \/>Optere\u0107enje pucanja: 1000 kg.<\/p>\n","protected":false},"excerpt":{"rendered":"<p>Koloturnik jednostruki sa \u0161toperom i nosa\u010dem od 50 mm za konop do 12 mm &#8211; Kugli\u010dni le\u017eajevi HS blokovi za<\/p>\n","protected":false},"featured_media":5939984,"comment_status":"open","ping_status":"closed","template":"","meta":[],"product_brand":[3431],"product_cat":[1769],"product_tag":[],"class_list":{"0":"post-740890","1":"product","2":"type-product","3":"status-publish","4":"has-post-thumbnail","6":"product_brand-sprenger-hs-hr","7":"product_cat-koloture-za-jedrilice-sprenger","9":"first","10":"instock","11":"shipping-taxable","12":"purchasable","13":"product-type-simple"},"_links":{"self":[{"href":"https:\/\/stoic-curie.212-227-153-4.plesk.page\/hr\/wp-json\/wp\/v2\/product\/740890","targetHints":{"allow":["GET"]}}],"collection":[{"href":"https:\/\/stoic-curie.212-227-153-4.plesk.page\/hr\/wp-json\/wp\/v2\/product"}],"about":[{"href":"https:\/\/stoic-curie.212-227-153-4.plesk.page\/hr\/wp-json\/wp\/v2\/types\/product"}],"replies":[{"embeddable":true,"href":"https:\/\/stoic-curie.212-227-153-4.plesk.page\/hr\/wp-json\/wp\/v2\/comments?post=740890"}],"version-history":[{"count":0,"href":"https:\/\/stoic-curie.212-227-153-4.plesk.page\/hr\/wp-json\/wp\/v2\/product\/740890\/revisions"}],"wp:featuredmedia":[{"embeddable":true,"href":"https:\/\/stoic-curie.212-227-153-4.plesk.page\/hr\/wp-json\/wp\/v2\/media\/5939984"}],"wp:attachment":[{"href":"https:\/\/stoic-curie.212-227-153-4.plesk.page\/hr\/wp-json\/wp\/v2\/media?parent=740890"}],"wp:term":[{"taxonomy":"product_brand","embeddable":true,"href":"https:\/\/stoic-curie.212-227-153-4.plesk.page\/hr\/wp-json\/wp\/v2\/product_brand?post=740890"},{"taxonomy":"product_cat","embeddable":true,"href":"https:\/\/stoic-curie.212-227-153-4.plesk.page\/hr\/wp-json\/wp\/v2\/product_cat?post=740890"},{"taxonomy":"product_tag","embeddable":true,"href":"https:\/\/stoic-curie.212-227-153-4.plesk.page\/hr\/wp-json\/wp\/v2\/product_tag?post=740890"}],"curies":[{"name":"wp","href":"https:\/\/api.w.org\/{rel}","templated":true}]}}