{"id":740893,"date":"2025-03-03T18:11:51","date_gmt":"2025-03-03T17:11:51","guid":{"rendered":"https:\/\/stoic-curie.212-227-153-4.plesk.page\/producto\/koloturnik-sprenger-dvostruki-sa-nosacem-50-mm-za-konope-do-12-mm\/"},"modified":"2026-02-25T00:00:49","modified_gmt":"2026-02-25T00:00:49","slug":"koloturnik-sprenger-dvostruki-sa-nosacem-50-mm-za-konope-do-12-mm","status":"publish","type":"product","link":"https:\/\/stoic-curie.212-227-153-4.plesk.page\/hr\/product\/koloturnik-sprenger-dvostruki-sa-nosacem-50-mm-za-konope-do-12-mm\/","title":{"rendered":"Koloturnik Sprenger dvostruki sa nosa\u010dem, 50 mm, za konope do 12 mm"},"content":{"rendered":"<p>Koloturnik Sprenger dvostruki sa nosa\u010dem, 50 mm, za konope do 12 mm &#8211; <\/p>\n<p>HS blokovi s kugli\u010dnim le\u017eajevima za u\u017ead do 12 mm. <br \/>Kugli\u010dni le\u017eajevi: Nehr\u0111aju\u0107i \u010delik <br \/>Promjer kota\u010da 50 mm: UV-otporna Hi-Q plastika <br \/>Obradci: UV-otporna Hi-Q plastika i trake od nehr\u0111aju\u0107eg \u010delika <br \/>Nosivost: 1000 kg.<\/p>\n","protected":false},"excerpt":{"rendered":"<p>Koloturnik Sprenger dvostruki sa nosa\u010dem, 50 mm, za konope do 12 mm &#8211; HS blokovi s kugli\u010dnim le\u017eajevima za u\u017ead<\/p>\n","protected":false},"featured_media":5939970,"comment_status":"open","ping_status":"closed","template":"","meta":[],"product_brand":[3431],"product_cat":[1769],"product_tag":[],"class_list":{"0":"post-740893","1":"product","2":"type-product","3":"status-publish","4":"has-post-thumbnail","6":"product_brand-sprenger-hs-hr","7":"product_cat-koloture-za-jedrilice-sprenger","9":"first","10":"instock","11":"shipping-taxable","12":"purchasable","13":"product-type-simple"},"_links":{"self":[{"href":"https:\/\/stoic-curie.212-227-153-4.plesk.page\/hr\/wp-json\/wp\/v2\/product\/740893","targetHints":{"allow":["GET"]}}],"collection":[{"href":"https:\/\/stoic-curie.212-227-153-4.plesk.page\/hr\/wp-json\/wp\/v2\/product"}],"about":[{"href":"https:\/\/stoic-curie.212-227-153-4.plesk.page\/hr\/wp-json\/wp\/v2\/types\/product"}],"replies":[{"embeddable":true,"href":"https:\/\/stoic-curie.212-227-153-4.plesk.page\/hr\/wp-json\/wp\/v2\/comments?post=740893"}],"version-history":[{"count":0,"href":"https:\/\/stoic-curie.212-227-153-4.plesk.page\/hr\/wp-json\/wp\/v2\/product\/740893\/revisions"}],"wp:featuredmedia":[{"embeddable":true,"href":"https:\/\/stoic-curie.212-227-153-4.plesk.page\/hr\/wp-json\/wp\/v2\/media\/5939970"}],"wp:attachment":[{"href":"https:\/\/stoic-curie.212-227-153-4.plesk.page\/hr\/wp-json\/wp\/v2\/media?parent=740893"}],"wp:term":[{"taxonomy":"product_brand","embeddable":true,"href":"https:\/\/stoic-curie.212-227-153-4.plesk.page\/hr\/wp-json\/wp\/v2\/product_brand?post=740893"},{"taxonomy":"product_cat","embeddable":true,"href":"https:\/\/stoic-curie.212-227-153-4.plesk.page\/hr\/wp-json\/wp\/v2\/product_cat?post=740893"},{"taxonomy":"product_tag","embeddable":true,"href":"https:\/\/stoic-curie.212-227-153-4.plesk.page\/hr\/wp-json\/wp\/v2\/product_tag?post=740893"}],"curies":[{"name":"wp","href":"https:\/\/api.w.org\/{rel}","templated":true}]}}