{"id":740897,"date":"2025-03-03T18:11:52","date_gmt":"2025-03-03T17:11:52","guid":{"rendered":"https:\/\/stoic-curie.212-227-153-4.plesk.page\/producto\/stoper-antal-v-grip-dvostrukii-8-12mm\/"},"modified":"2026-02-25T00:00:49","modified_gmt":"2026-02-25T00:00:49","slug":"stoper-antal-v-grip-dvostrukii-8-12mm","status":"publish","type":"product","link":"https:\/\/stoic-curie.212-227-153-4.plesk.page\/hr\/product\/stoper-antal-v-grip-dvostrukii-8-12mm\/","title":{"rendered":"Stoper Antal V-Grip dvostrukii 8-12mm"},"content":{"rendered":"<p>Stoper Antal V-Grip dvostrukii 8-12mm &#8211; <\/p>\n<p>Antal V-Grip blokada ima pove\u0107anu snagu dr\u017eanja. Ne uzrokuje o\u0161te\u0107enja pokrova \u017eice. Savr\u0161en je za kompozitne \u017eice poput Kevlara, Vectrana i Spectre. Izvrsno za poliester. \u010celi\u010dna unutarnja konstrukcija. Nema klizanja \u017eice. Omogu\u0107uje otpu\u0161tanje \u017eice pod maksimalnim optere\u0107enjem bez upotrebe vitla. \u017dica se tako\u0111er mo\u017ee provu\u0107i kroz blokadu bez otvaranja mehanizma za kam. Samo 6,5 cm visine tijela.<\/p>\n","protected":false},"excerpt":{"rendered":"<p>Stoper Antal V-Grip dvostrukii 8-12mm &#8211; Antal V-Grip blokada ima pove\u0107anu snagu dr\u017eanja. Ne uzrokuje o\u0161te\u0107enja pokrova \u017eice. Savr\u0161en je<\/p>\n","protected":false},"featured_media":5939998,"comment_status":"open","ping_status":"closed","template":"","meta":[],"product_brand":[2786],"product_cat":[1772],"product_tag":[],"class_list":{"0":"post-740897","1":"product","2":"type-product","3":"status-publish","4":"has-post-thumbnail","6":"product_brand-antal-hr","7":"product_cat-stoperi-i-kljune-za-jedrilice","9":"first","10":"instock","11":"shipping-taxable","12":"purchasable","13":"product-type-simple"},"_links":{"self":[{"href":"https:\/\/stoic-curie.212-227-153-4.plesk.page\/hr\/wp-json\/wp\/v2\/product\/740897","targetHints":{"allow":["GET"]}}],"collection":[{"href":"https:\/\/stoic-curie.212-227-153-4.plesk.page\/hr\/wp-json\/wp\/v2\/product"}],"about":[{"href":"https:\/\/stoic-curie.212-227-153-4.plesk.page\/hr\/wp-json\/wp\/v2\/types\/product"}],"replies":[{"embeddable":true,"href":"https:\/\/stoic-curie.212-227-153-4.plesk.page\/hr\/wp-json\/wp\/v2\/comments?post=740897"}],"version-history":[{"count":0,"href":"https:\/\/stoic-curie.212-227-153-4.plesk.page\/hr\/wp-json\/wp\/v2\/product\/740897\/revisions"}],"wp:featuredmedia":[{"embeddable":true,"href":"https:\/\/stoic-curie.212-227-153-4.plesk.page\/hr\/wp-json\/wp\/v2\/media\/5939998"}],"wp:attachment":[{"href":"https:\/\/stoic-curie.212-227-153-4.plesk.page\/hr\/wp-json\/wp\/v2\/media?parent=740897"}],"wp:term":[{"taxonomy":"product_brand","embeddable":true,"href":"https:\/\/stoic-curie.212-227-153-4.plesk.page\/hr\/wp-json\/wp\/v2\/product_brand?post=740897"},{"taxonomy":"product_cat","embeddable":true,"href":"https:\/\/stoic-curie.212-227-153-4.plesk.page\/hr\/wp-json\/wp\/v2\/product_cat?post=740897"},{"taxonomy":"product_tag","embeddable":true,"href":"https:\/\/stoic-curie.212-227-153-4.plesk.page\/hr\/wp-json\/wp\/v2\/product_tag?post=740897"}],"curies":[{"name":"wp","href":"https:\/\/api.w.org\/{rel}","templated":true}]}}