{"id":740898,"date":"2025-03-03T18:11:53","date_gmt":"2025-03-03T17:11:53","guid":{"rendered":"https:\/\/stoic-curie.212-227-153-4.plesk.page\/producto\/stoper-antal-v-grip-dvostruki-10-14mm\/"},"modified":"2026-02-25T00:00:49","modified_gmt":"2026-02-25T00:00:49","slug":"stoper-antal-v-grip-dvostruki-10-14mm","status":"publish","type":"product","link":"https:\/\/stoic-curie.212-227-153-4.plesk.page\/hr\/product\/stoper-antal-v-grip-dvostruki-10-14mm\/","title":{"rendered":"Stoper Antal V-Grip dvostruki 10-14mm"},"content":{"rendered":"<p>Stoper Antal V-Grip dvostruki 10-14mm &#8211; <\/p>\n<p>Antal V-Grip blokator nudi pove\u0107anu snagu dr\u017eanja. Ne uzrokuje o\u0161te\u0107enje pokrova u\u017eeta. Savr\u0161eno za kompozitne u\u017eadi poput Kevlara, Vectrana i Spectre. Izvrsno za poliester. \u010celi\u010dna unutarnja konstrukcija. Nema klizanja u\u017eeta. Omogu\u0107uje otpu\u0161tanje u\u017eeta pod maksimalnim optere\u0107enjem bez kori\u0161tenja vitla. Tako\u0111er se mo\u017ee provu\u0107i kroz blokator bez otvaranja mehanizma za kam.<\/p>\n","protected":false},"excerpt":{"rendered":"<p>Stoper Antal V-Grip dvostruki 10-14mm &#8211; Antal V-Grip blokator nudi pove\u0107anu snagu dr\u017eanja. Ne uzrokuje o\u0161te\u0107enje pokrova u\u017eeta. Savr\u0161eno za<\/p>\n","protected":false},"featured_media":5936220,"comment_status":"open","ping_status":"closed","template":"","meta":[],"product_brand":[2786],"product_cat":[1772],"product_tag":[],"class_list":{"0":"post-740898","1":"product","2":"type-product","3":"status-publish","4":"has-post-thumbnail","6":"product_brand-antal-hr","7":"product_cat-stoperi-i-kljune-za-jedrilice","9":"first","10":"instock","11":"shipping-taxable","12":"purchasable","13":"product-type-simple"},"_links":{"self":[{"href":"https:\/\/stoic-curie.212-227-153-4.plesk.page\/hr\/wp-json\/wp\/v2\/product\/740898","targetHints":{"allow":["GET"]}}],"collection":[{"href":"https:\/\/stoic-curie.212-227-153-4.plesk.page\/hr\/wp-json\/wp\/v2\/product"}],"about":[{"href":"https:\/\/stoic-curie.212-227-153-4.plesk.page\/hr\/wp-json\/wp\/v2\/types\/product"}],"replies":[{"embeddable":true,"href":"https:\/\/stoic-curie.212-227-153-4.plesk.page\/hr\/wp-json\/wp\/v2\/comments?post=740898"}],"version-history":[{"count":0,"href":"https:\/\/stoic-curie.212-227-153-4.plesk.page\/hr\/wp-json\/wp\/v2\/product\/740898\/revisions"}],"wp:featuredmedia":[{"embeddable":true,"href":"https:\/\/stoic-curie.212-227-153-4.plesk.page\/hr\/wp-json\/wp\/v2\/media\/5936220"}],"wp:attachment":[{"href":"https:\/\/stoic-curie.212-227-153-4.plesk.page\/hr\/wp-json\/wp\/v2\/media?parent=740898"}],"wp:term":[{"taxonomy":"product_brand","embeddable":true,"href":"https:\/\/stoic-curie.212-227-153-4.plesk.page\/hr\/wp-json\/wp\/v2\/product_brand?post=740898"},{"taxonomy":"product_cat","embeddable":true,"href":"https:\/\/stoic-curie.212-227-153-4.plesk.page\/hr\/wp-json\/wp\/v2\/product_cat?post=740898"},{"taxonomy":"product_tag","embeddable":true,"href":"https:\/\/stoic-curie.212-227-153-4.plesk.page\/hr\/wp-json\/wp\/v2\/product_tag?post=740898"}],"curies":[{"name":"wp","href":"https:\/\/api.w.org\/{rel}","templated":true}]}}