{"id":740909,"date":"2025-03-03T18:11:55","date_gmt":"2025-03-03T17:11:55","guid":{"rendered":"https:\/\/stoic-curie.212-227-153-4.plesk.page\/producto\/palubni-organizatori-za-jedrilice-hs-2-valjka-12mm\/"},"modified":"2026-02-25T00:00:49","modified_gmt":"2026-02-25T00:00:49","slug":"palubni-organizatori-za-jedrilice-hs-2-valjka-12mm","status":"publish","type":"product","link":"https:\/\/stoic-curie.212-227-153-4.plesk.page\/hr\/product\/palubni-organizatori-za-jedrilice-hs-2-valjka-12mm\/","title":{"rendered":"Palubni organizatori za jedrilice HS &#8211; 2 Valjka &#8211; 12mm"},"content":{"rendered":"<p>Palubni organizatori za jedrilice HS &#8211; 2 Valjka &#8211; 12mm &#8211; <\/p>\n<p>HS organizatori vi\u0161ekrovnih paluba s 1 &#8211; 2 &#8211; 3 remenima. &#8211; Jako optere\u0107eni klizni le\u017eajevi &#8211; Visokokvalitetne plasti\u010dne remenice otporne na UV zrake &#8211; Nehr\u0111aju\u0107i \u010delik i crne anodizirane aluminijske bo\u010dne dijelove otporne na more<\/p>\n","protected":false},"excerpt":{"rendered":"<p>Palubni organizatori za jedrilice HS &#8211; 2 Valjka &#8211; 12mm &#8211; HS organizatori vi\u0161ekrovnih paluba s 1 &#8211; 2 &#8211;<\/p>\n","protected":false},"featured_media":5940019,"comment_status":"open","ping_status":"closed","template":"","meta":[],"product_brand":[2218,3431],"product_cat":[1769,1760],"product_tag":[],"class_list":{"0":"post-740909","1":"product","2":"type-product","3":"status-publish","4":"has-post-thumbnail","6":"product_brand-sprenger-hs","7":"product_brand-sprenger-hs-hr","8":"product_cat-koloture-za-jedrilice-sprenger","9":"product_cat-palubni-organizatori-za-jedrilice","11":"first","12":"instock","13":"shipping-taxable","14":"purchasable","15":"product-type-simple"},"_links":{"self":[{"href":"https:\/\/stoic-curie.212-227-153-4.plesk.page\/hr\/wp-json\/wp\/v2\/product\/740909","targetHints":{"allow":["GET"]}}],"collection":[{"href":"https:\/\/stoic-curie.212-227-153-4.plesk.page\/hr\/wp-json\/wp\/v2\/product"}],"about":[{"href":"https:\/\/stoic-curie.212-227-153-4.plesk.page\/hr\/wp-json\/wp\/v2\/types\/product"}],"replies":[{"embeddable":true,"href":"https:\/\/stoic-curie.212-227-153-4.plesk.page\/hr\/wp-json\/wp\/v2\/comments?post=740909"}],"version-history":[{"count":0,"href":"https:\/\/stoic-curie.212-227-153-4.plesk.page\/hr\/wp-json\/wp\/v2\/product\/740909\/revisions"}],"wp:featuredmedia":[{"embeddable":true,"href":"https:\/\/stoic-curie.212-227-153-4.plesk.page\/hr\/wp-json\/wp\/v2\/media\/5940019"}],"wp:attachment":[{"href":"https:\/\/stoic-curie.212-227-153-4.plesk.page\/hr\/wp-json\/wp\/v2\/media?parent=740909"}],"wp:term":[{"taxonomy":"product_brand","embeddable":true,"href":"https:\/\/stoic-curie.212-227-153-4.plesk.page\/hr\/wp-json\/wp\/v2\/product_brand?post=740909"},{"taxonomy":"product_cat","embeddable":true,"href":"https:\/\/stoic-curie.212-227-153-4.plesk.page\/hr\/wp-json\/wp\/v2\/product_cat?post=740909"},{"taxonomy":"product_tag","embeddable":true,"href":"https:\/\/stoic-curie.212-227-153-4.plesk.page\/hr\/wp-json\/wp\/v2\/product_tag?post=740909"}],"curies":[{"name":"wp","href":"https:\/\/api.w.org\/{rel}","templated":true}]}}