{"id":740910,"date":"2025-03-03T18:11:55","date_gmt":"2025-03-03T17:11:55","guid":{"rendered":"https:\/\/stoic-curie.212-227-153-4.plesk.page\/producto\/palubni-organizatori-za-jedrilice-hs-3-valjka-12mm\/"},"modified":"2026-02-25T00:00:49","modified_gmt":"2026-02-25T00:00:49","slug":"palubni-organizatori-za-jedrilice-hs-3-valjka-12mm","status":"publish","type":"product","link":"https:\/\/stoic-curie.212-227-153-4.plesk.page\/hr\/product\/palubni-organizatori-za-jedrilice-hs-3-valjka-12mm\/","title":{"rendered":"Palubni organizatori za jedrilice HS &#8211; 3 Valjka &#8211; 12mm"},"content":{"rendered":"<p>Palubni organizatori za jedrilice HS &#8211; 3 Valjka &#8211; 12mm &#8211; <\/p>\n<p>HS vi\u0161eslojne organizatore s 1 &#8211; 2 &#8211; 3 sheevima.<br \/>&#8211; Visoko optere\u0107eni klizni le\u017eajevi.<br \/>&#8211; Visokokvalitetne UV-otporn\u00e9 plasti\u010dne sheeve.<br \/>&#8211; Nehr\u0111aju\u0107i \u010delik i morskoj vodi otporno crno anodizirano aluminijske strane.<\/p>\n","protected":false},"excerpt":{"rendered":"<p>Palubni organizatori za jedrilice HS &#8211; 3 Valjka &#8211; 12mm &#8211; HS vi\u0161eslojne organizatore s 1 &#8211; 2 &#8211; 3<\/p>\n","protected":false},"featured_media":5940019,"comment_status":"open","ping_status":"closed","template":"","meta":[],"product_brand":[3431],"product_cat":[1769,1760],"product_tag":[],"class_list":{"0":"post-740910","1":"product","2":"type-product","3":"status-publish","4":"has-post-thumbnail","6":"product_brand-sprenger-hs-hr","7":"product_cat-koloture-za-jedrilice-sprenger","8":"product_cat-palubni-organizatori-za-jedrilice","10":"first","11":"instock","12":"shipping-taxable","13":"purchasable","14":"product-type-simple"},"_links":{"self":[{"href":"https:\/\/stoic-curie.212-227-153-4.plesk.page\/hr\/wp-json\/wp\/v2\/product\/740910","targetHints":{"allow":["GET"]}}],"collection":[{"href":"https:\/\/stoic-curie.212-227-153-4.plesk.page\/hr\/wp-json\/wp\/v2\/product"}],"about":[{"href":"https:\/\/stoic-curie.212-227-153-4.plesk.page\/hr\/wp-json\/wp\/v2\/types\/product"}],"replies":[{"embeddable":true,"href":"https:\/\/stoic-curie.212-227-153-4.plesk.page\/hr\/wp-json\/wp\/v2\/comments?post=740910"}],"version-history":[{"count":0,"href":"https:\/\/stoic-curie.212-227-153-4.plesk.page\/hr\/wp-json\/wp\/v2\/product\/740910\/revisions"}],"wp:featuredmedia":[{"embeddable":true,"href":"https:\/\/stoic-curie.212-227-153-4.plesk.page\/hr\/wp-json\/wp\/v2\/media\/5940019"}],"wp:attachment":[{"href":"https:\/\/stoic-curie.212-227-153-4.plesk.page\/hr\/wp-json\/wp\/v2\/media?parent=740910"}],"wp:term":[{"taxonomy":"product_brand","embeddable":true,"href":"https:\/\/stoic-curie.212-227-153-4.plesk.page\/hr\/wp-json\/wp\/v2\/product_brand?post=740910"},{"taxonomy":"product_cat","embeddable":true,"href":"https:\/\/stoic-curie.212-227-153-4.plesk.page\/hr\/wp-json\/wp\/v2\/product_cat?post=740910"},{"taxonomy":"product_tag","embeddable":true,"href":"https:\/\/stoic-curie.212-227-153-4.plesk.page\/hr\/wp-json\/wp\/v2\/product_tag?post=740910"}],"curies":[{"name":"wp","href":"https:\/\/api.w.org\/{rel}","templated":true}]}}