{"id":740913,"date":"2025-03-03T18:11:56","date_gmt":"2025-03-03T17:11:56","guid":{"rendered":"https:\/\/stoic-curie.212-227-153-4.plesk.page\/producto\/organizator-palube-antal-v-cam-814-6-prolaza-za-konop-14-mm\/"},"modified":"2026-02-25T00:00:49","modified_gmt":"2026-02-25T00:00:49","slug":"organizator-palube-antal-v-cam-814-6-prolaza-za-konop-14-mm","status":"publish","type":"product","link":"https:\/\/stoic-curie.212-227-153-4.plesk.page\/hr\/product\/organizator-palube-antal-v-cam-814-6-prolaza-za-konop-14-mm\/","title":{"rendered":"Organizator palube Antal V-cam 814 6 prolaza za konop 14 mm"},"content":{"rendered":"<p>Organizator palube Antal V-cam 814 6 prolaza za konop 14 mm &#8211; <\/p>\n<p>Organizer koji omogu\u0107ava preusmjeravanje u\u017eeta prema vitlu. Crno polirani aluminijski ku\u0107i\u0161te i koloturi s kugli\u010dnim le\u017eajevima. Maksimalno radno optere\u0107enje 400 kg.<\/p>\n","protected":false},"excerpt":{"rendered":"<p>Organizator palube Antal V-cam 814 6 prolaza za konop 14 mm &#8211; Organizer koji omogu\u0107ava preusmjeravanje u\u017eeta prema vitlu. Crno<\/p>\n","protected":false},"featured_media":5940020,"comment_status":"open","ping_status":"closed","template":"","meta":[],"product_brand":[2786],"product_cat":[1762,1760],"product_tag":[],"class_list":{"0":"post-740913","1":"product","2":"type-product","3":"status-publish","4":"has-post-thumbnail","6":"product_brand-antal-hr","7":"product_cat-antal-koloture-za-jedrilice","8":"product_cat-palubni-organizatori-za-jedrilice","10":"first","11":"outofstock","12":"shipping-taxable","13":"purchasable","14":"product-type-simple"},"_links":{"self":[{"href":"https:\/\/stoic-curie.212-227-153-4.plesk.page\/hr\/wp-json\/wp\/v2\/product\/740913","targetHints":{"allow":["GET"]}}],"collection":[{"href":"https:\/\/stoic-curie.212-227-153-4.plesk.page\/hr\/wp-json\/wp\/v2\/product"}],"about":[{"href":"https:\/\/stoic-curie.212-227-153-4.plesk.page\/hr\/wp-json\/wp\/v2\/types\/product"}],"replies":[{"embeddable":true,"href":"https:\/\/stoic-curie.212-227-153-4.plesk.page\/hr\/wp-json\/wp\/v2\/comments?post=740913"}],"version-history":[{"count":0,"href":"https:\/\/stoic-curie.212-227-153-4.plesk.page\/hr\/wp-json\/wp\/v2\/product\/740913\/revisions"}],"wp:featuredmedia":[{"embeddable":true,"href":"https:\/\/stoic-curie.212-227-153-4.plesk.page\/hr\/wp-json\/wp\/v2\/media\/5940020"}],"wp:attachment":[{"href":"https:\/\/stoic-curie.212-227-153-4.plesk.page\/hr\/wp-json\/wp\/v2\/media?parent=740913"}],"wp:term":[{"taxonomy":"product_brand","embeddable":true,"href":"https:\/\/stoic-curie.212-227-153-4.plesk.page\/hr\/wp-json\/wp\/v2\/product_brand?post=740913"},{"taxonomy":"product_cat","embeddable":true,"href":"https:\/\/stoic-curie.212-227-153-4.plesk.page\/hr\/wp-json\/wp\/v2\/product_cat?post=740913"},{"taxonomy":"product_tag","embeddable":true,"href":"https:\/\/stoic-curie.212-227-153-4.plesk.page\/hr\/wp-json\/wp\/v2\/product_tag?post=740913"}],"curies":[{"name":"wp","href":"https:\/\/api.w.org\/{rel}","templated":true}]}}