{"id":740922,"date":"2025-03-03T18:11:58","date_gmt":"2025-03-03T17:11:58","guid":{"rendered":"https:\/\/stoic-curie.212-227-153-4.plesk.page\/producto\/eva-branik-b80-linear-85x12x8cm\/"},"modified":"2026-02-25T00:00:49","modified_gmt":"2026-02-25T00:00:49","slug":"eva-branik-b80-linear-85x12x8cm","status":"publish","type":"product","link":"https:\/\/stoic-curie.212-227-153-4.plesk.page\/hr\/product\/eva-branik-b80-linear-85x12x8cm\/","title":{"rendered":"EVA branik B80 Linear &#8211; 85x12x8cm"},"content":{"rendered":"<p>EVA branik B80 Linear &#8211; 85x12x8cm &#8211; <\/p>\n<p>B80\/90 duga i tanka za\u0161tita za vezove, pontone, prste i utovarne rampe. Izra\u0111ena od ekstra sna\u017ene E.V.A. mekane pjene koja se vra\u0107a u svoj izvorni oblik \u010dak i kada je sna\u017eno savijena. Otporna na vremenske uvjete, ulja i otapala.<\/p>\n","protected":false},"excerpt":{"rendered":"<p>EVA branik B80 Linear &#8211; 85x12x8cm &#8211; B80\/90 duga i tanka za\u0161tita za vezove, pontone, prste i utovarne rampe. Izra\u0111ena<\/p>\n","protected":false},"featured_media":5940059,"comment_status":"open","ping_status":"closed","template":"","meta":[],"product_brand":[3091],"product_cat":[1849],"product_tag":[],"class_list":{"0":"post-740922","1":"product","2":"type-product","3":"status-publish","4":"has-post-thumbnail","6":"product_brand-majoni-hr","7":"product_cat-bokobrani-za-dokove","9":"first","10":"outofstock","11":"shipping-taxable","12":"purchasable","13":"product-type-simple"},"_links":{"self":[{"href":"https:\/\/stoic-curie.212-227-153-4.plesk.page\/hr\/wp-json\/wp\/v2\/product\/740922","targetHints":{"allow":["GET"]}}],"collection":[{"href":"https:\/\/stoic-curie.212-227-153-4.plesk.page\/hr\/wp-json\/wp\/v2\/product"}],"about":[{"href":"https:\/\/stoic-curie.212-227-153-4.plesk.page\/hr\/wp-json\/wp\/v2\/types\/product"}],"replies":[{"embeddable":true,"href":"https:\/\/stoic-curie.212-227-153-4.plesk.page\/hr\/wp-json\/wp\/v2\/comments?post=740922"}],"version-history":[{"count":0,"href":"https:\/\/stoic-curie.212-227-153-4.plesk.page\/hr\/wp-json\/wp\/v2\/product\/740922\/revisions"}],"wp:featuredmedia":[{"embeddable":true,"href":"https:\/\/stoic-curie.212-227-153-4.plesk.page\/hr\/wp-json\/wp\/v2\/media\/5940059"}],"wp:attachment":[{"href":"https:\/\/stoic-curie.212-227-153-4.plesk.page\/hr\/wp-json\/wp\/v2\/media?parent=740922"}],"wp:term":[{"taxonomy":"product_brand","embeddable":true,"href":"https:\/\/stoic-curie.212-227-153-4.plesk.page\/hr\/wp-json\/wp\/v2\/product_brand?post=740922"},{"taxonomy":"product_cat","embeddable":true,"href":"https:\/\/stoic-curie.212-227-153-4.plesk.page\/hr\/wp-json\/wp\/v2\/product_cat?post=740922"},{"taxonomy":"product_tag","embeddable":true,"href":"https:\/\/stoic-curie.212-227-153-4.plesk.page\/hr\/wp-json\/wp\/v2\/product_tag?post=740922"}],"curies":[{"name":"wp","href":"https:\/\/api.w.org\/{rel}","templated":true}]}}