{"id":740927,"date":"2025-03-03T18:11:59","date_gmt":"2025-03-03T17:11:59","guid":{"rendered":"https:\/\/stoic-curie.212-227-153-4.plesk.page\/producto\/polyform-f4-1050x215mm\/"},"modified":"2026-02-25T00:00:49","modified_gmt":"2026-02-25T00:00:49","slug":"polyform-f4-1050x215mm","status":"publish","type":"product","link":"https:\/\/stoic-curie.212-227-153-4.plesk.page\/hr\/product\/polyform-f4-1050x215mm\/","title":{"rendered":"Polyform F4"},"content":{"rendered":"<p>Polyform F4 &#8211; <\/p>\n<p>Polyform F4 (1050x215mm). POLYFORM\u00ae F4 je vrhunski, be\u0161avni, izdr\u017eljivi fender koji sadr\u017ei robustan, unaprijed izra\u0111eni dr\u017ea\u010d u\u017eeta od injekcijskog kalupa. Ovaj fender i njegov dr\u017ea\u010d u\u017eeta oja\u010dan rebrima integrirani su pomo\u0107u na\u0161e patentirane POLYMATIQ tehnologije. F-serija fendera izra\u0111ena je od jedinstvene mje\u0161avine visokokvalitetnih, fleksibilnih vinilnih materijala, \u0161to osigurava izdr\u017eljivost u svim vremenskim uvjetima. Ovi fenderi se koriste \u0161irom svijeta za razne primjene, uklju\u010duju\u0107i plovne brodove, jahte, radne brodove i pilot brodove. Najve\u0107i fenderi F-serije koriste \u010dak i nacionalne mornarice za plovila te\u0161ka do 1500 tona.<\/p>\n<p><strong>Specifikacije proizvoda:<\/strong><\/p>\n<ul>\n<li>Broj artikla: F4<\/li>\n<li>Maksimalni promjer: 220 mm<\/li>\n<li>Maksimalna visina: 1040 mm<\/li>\n<li>Nominativna te\u017eina: 2.9 kg<\/li>\n<li>Promjer oka za dr\u017ea\u010d u\u017eeta: 28 mm<\/li>\n<li>Tip ventila: V10<\/li>\n<li>Bruto volumen: 35 L<\/li>\n<\/ul>\n<p><strong>Tehni\u010dke informacije:<\/strong><\/p>\n<ul>\n<li>Nosivost za dr\u017ea\u010d u\u017eeta: 1400 kp<\/li>\n<li>Tvrdina materijala tijela (Shore A): 66<\/li>\n<li>Elasti\u010dnost: 13.9 MPa<\/li>\n<li>Produ\u017eetak pri lomu: 587%<\/li>\n<li>Temperatura hladnog savijanja: -33\u00b0C<\/li>\n<li>Preporu\u010dena maksimalna temperatura: 40\u00b0C<\/li>\n<li>Maksimalna temperatura: 50\u00b0C<\/li>\n<li>Specifi\u010dna te\u017eina: 1.17<\/li>\n<\/ul>\n<p>Tijelo i dr\u017ea\u010d u\u017eeta izra\u0111eni su od PVC-a, osiguravaju\u0107i da nema upotrebe CFC-a i da su bez kadmija.<\/p>\n","protected":false},"excerpt":{"rendered":"<p>Polyform F4 &#8211; Polyform F4 (1050x215mm). POLYFORM\u00ae F4 je vrhunski, be\u0161avni, izdr\u017eljivi fender koji sadr\u017ei robustan, unaprijed izra\u0111eni dr\u017ea\u010d u\u017eeta<\/p>\n","protected":false},"featured_media":5940078,"comment_status":"open","ping_status":"closed","template":"","meta":[],"product_brand":[3271],"product_cat":[1848],"product_tag":[],"class_list":{"0":"post-740927","1":"product","2":"type-product","3":"status-publish","4":"has-post-thumbnail","6":"product_brand-polyform-hr","7":"product_cat-brodski-bokobrani","9":"first","10":"instock","11":"shipping-taxable","12":"purchasable","13":"product-type-simple"},"_links":{"self":[{"href":"https:\/\/stoic-curie.212-227-153-4.plesk.page\/hr\/wp-json\/wp\/v2\/product\/740927","targetHints":{"allow":["GET"]}}],"collection":[{"href":"https:\/\/stoic-curie.212-227-153-4.plesk.page\/hr\/wp-json\/wp\/v2\/product"}],"about":[{"href":"https:\/\/stoic-curie.212-227-153-4.plesk.page\/hr\/wp-json\/wp\/v2\/types\/product"}],"replies":[{"embeddable":true,"href":"https:\/\/stoic-curie.212-227-153-4.plesk.page\/hr\/wp-json\/wp\/v2\/comments?post=740927"}],"version-history":[{"count":0,"href":"https:\/\/stoic-curie.212-227-153-4.plesk.page\/hr\/wp-json\/wp\/v2\/product\/740927\/revisions"}],"wp:featuredmedia":[{"embeddable":true,"href":"https:\/\/stoic-curie.212-227-153-4.plesk.page\/hr\/wp-json\/wp\/v2\/media\/5940078"}],"wp:attachment":[{"href":"https:\/\/stoic-curie.212-227-153-4.plesk.page\/hr\/wp-json\/wp\/v2\/media?parent=740927"}],"wp:term":[{"taxonomy":"product_brand","embeddable":true,"href":"https:\/\/stoic-curie.212-227-153-4.plesk.page\/hr\/wp-json\/wp\/v2\/product_brand?post=740927"},{"taxonomy":"product_cat","embeddable":true,"href":"https:\/\/stoic-curie.212-227-153-4.plesk.page\/hr\/wp-json\/wp\/v2\/product_cat?post=740927"},{"taxonomy":"product_tag","embeddable":true,"href":"https:\/\/stoic-curie.212-227-153-4.plesk.page\/hr\/wp-json\/wp\/v2\/product_tag?post=740927"}],"curies":[{"name":"wp","href":"https:\/\/api.w.org\/{rel}","templated":true}]}}