{"id":740928,"date":"2025-03-03T18:11:59","date_gmt":"2025-03-03T17:11:59","guid":{"rendered":"https:\/\/stoic-curie.212-227-153-4.plesk.page\/producto\/polyform-f5-770x300mm\/"},"modified":"2026-02-25T00:00:49","modified_gmt":"2026-02-25T00:00:49","slug":"polyform-f5-770x300mm","status":"publish","type":"product","link":"https:\/\/stoic-curie.212-227-153-4.plesk.page\/hr\/product\/polyform-f5-770x300mm\/","title":{"rendered":"Polyform F5"},"content":{"rendered":"<p>Polyform F5 &#8211; <\/p>\n<p>Polyform F5 (770x300mm). POLYFORM\u00ae F5 je vrhunski izdr\u017eljiv fender s robusnim, unaprijed izra\u0111enim dr\u017ea\u010dem za konop. Ovaj fender i njegov oja\u010dani dr\u017ea\u010d konopa besprijekorno su integrirani uz pomo\u0107 na\u0161e patentirane WELCOTEC tehnologije rotomoldinga. F-serija je izra\u0111ena od jedinstvene kombinacije visokokvalitetnih, fleksibilnih vinilnih materijala, osiguravaju\u0107i trajnost u svim vremenskim uvjetima. Ovi fenderi koriste se globalno za za\u0161titu jahti, plovila za u\u017eivanje, radnih brodova i pilot brodova. Najve\u0107i fenderi F-serije koriste se \u010dak i od strane nacionalnih mornarica za plovila te\u0161ka do 1.500 tona.<\/p>\n<p><strong>Specifikacije proizvoda:<\/strong><\/p>\n<ul>\n<li>Broj artikla: F5<\/li>\n<li>Maksimalni promjer: 290 mm<\/li>\n<li>Maksimalna visina: 775 mm<\/li>\n<li>Nominalna te\u017eina: 3.0 kg<\/li>\n<li>Promjer oka za dr\u017ea\u010d konopa: 28 mm<\/li>\n<li>Tip ventila: V10<\/li>\n<li>Bruto volumen: 35 L<\/li>\n<\/ul>\n<p><strong>Tehni\u010dke informacije:<\/strong><\/p>\n<ul>\n<li>Nosivost za dr\u017ea\u010d konopa: 1400 kp<\/li>\n<li>Tvrdo\u0107a tijela boje: Shore A 66<\/li>\n<li>Tla\u010dna \u010dvrsto\u0107a: 13.9 MPa<\/li>\n<li>Pove\u0107anje pri lomu: 587%<\/li>\n<li>Temperatura fleksibilnosti na hladno\u0107i: -33\u00b0C<\/li>\n<li>Preporu\u010dena maksimalna temperatura: 40\u00b0C<\/li>\n<li>Maksimalna temperatura: 50\u00b0C<\/li>\n<li>Specifi\u010dna te\u017eina: 1.17<\/li>\n<\/ul>\n<p>Kako tijelo, tako i dr\u017ea\u010d konopa izra\u0111eni su od PVC-a, bez CFC-a i kadmija.<\/p>\n","protected":false},"excerpt":{"rendered":"<p>Polyform F5 &#8211; Polyform F5 (770x300mm). POLYFORM\u00ae F5 je vrhunski izdr\u017eljiv fender s robusnim, unaprijed izra\u0111enim dr\u017ea\u010dem za konop. Ovaj<\/p>\n","protected":false},"featured_media":5940078,"comment_status":"open","ping_status":"closed","template":"","meta":[],"product_brand":[3271],"product_cat":[1848],"product_tag":[],"class_list":{"0":"post-740928","1":"product","2":"type-product","3":"status-publish","4":"has-post-thumbnail","6":"product_brand-polyform-hr","7":"product_cat-brodski-bokobrani","9":"first","10":"instock","11":"shipping-taxable","12":"purchasable","13":"product-type-simple"},"_links":{"self":[{"href":"https:\/\/stoic-curie.212-227-153-4.plesk.page\/hr\/wp-json\/wp\/v2\/product\/740928","targetHints":{"allow":["GET"]}}],"collection":[{"href":"https:\/\/stoic-curie.212-227-153-4.plesk.page\/hr\/wp-json\/wp\/v2\/product"}],"about":[{"href":"https:\/\/stoic-curie.212-227-153-4.plesk.page\/hr\/wp-json\/wp\/v2\/types\/product"}],"replies":[{"embeddable":true,"href":"https:\/\/stoic-curie.212-227-153-4.plesk.page\/hr\/wp-json\/wp\/v2\/comments?post=740928"}],"version-history":[{"count":0,"href":"https:\/\/stoic-curie.212-227-153-4.plesk.page\/hr\/wp-json\/wp\/v2\/product\/740928\/revisions"}],"wp:featuredmedia":[{"embeddable":true,"href":"https:\/\/stoic-curie.212-227-153-4.plesk.page\/hr\/wp-json\/wp\/v2\/media\/5940078"}],"wp:attachment":[{"href":"https:\/\/stoic-curie.212-227-153-4.plesk.page\/hr\/wp-json\/wp\/v2\/media?parent=740928"}],"wp:term":[{"taxonomy":"product_brand","embeddable":true,"href":"https:\/\/stoic-curie.212-227-153-4.plesk.page\/hr\/wp-json\/wp\/v2\/product_brand?post=740928"},{"taxonomy":"product_cat","embeddable":true,"href":"https:\/\/stoic-curie.212-227-153-4.plesk.page\/hr\/wp-json\/wp\/v2\/product_cat?post=740928"},{"taxonomy":"product_tag","embeddable":true,"href":"https:\/\/stoic-curie.212-227-153-4.plesk.page\/hr\/wp-json\/wp\/v2\/product_tag?post=740928"}],"curies":[{"name":"wp","href":"https:\/\/api.w.org\/{rel}","templated":true}]}}