{"id":740929,"date":"2025-03-03T18:12:00","date_gmt":"2025-03-03T17:12:00","guid":{"rendered":"https:\/\/stoic-curie.212-227-153-4.plesk.page\/producto\/polyform-f6-1095x300mm\/"},"modified":"2026-02-25T00:00:49","modified_gmt":"2026-02-25T00:00:49","slug":"polyform-f6-1095x300mm","status":"publish","type":"product","link":"https:\/\/stoic-curie.212-227-153-4.plesk.page\/hr\/product\/polyform-f6-1095x300mm\/","title":{"rendered":"Polyform F6"},"content":{"rendered":"<p>Polyform F6 &#8211; <\/p>\n<p>POLYFORM\u00ae F6 (1095x300mm) je vrhunski izdr\u017eljiv fender s robusnim, unaprijed napravljenim dr\u017ea\u010dem u\u017eeta koji je oblikovan injekcijom. Ovaj fender i njegov oja\u010dani dr\u017ea\u010d u\u017eeta su besprijekorno integrirani pomo\u0107u na\u0161e vlastite WELCOTEC tehnologije rotomoldinga. F-serija je izra\u0111ena od jedinstvene mje\u0161avine visokokvalitetnih, fleksibilnih vinilnih materijala, \u0161to osigurava trajnost u svim vremenskim uvjetima. Ovi fenderi se globalno koriste za za\u0161titu privrednih plovila, jahti, radnih brodova i pilot-brodova. Najve\u0107i fenderi iz F-serije \u010dak koriste i nacionalne mornarice za plovila te\u017eine do 1500 tona.<\/p>\n<p><strong>Specifikacije:<\/strong><\/p>\n<ul>\n<li>Broj artikla: F6<\/li>\n<li>Maksimalni promjer: 290 mm<\/li>\n<li>Maksimalna visina: 1090 mm<\/li>\n<li>Nominalna te\u017eina: 4.2 kg<\/li>\n<li>Promjer za dr\u017ea\u010d u\u017eeta: 28 mm<\/li>\n<li>Tip ventila: V10<\/li>\n<li>Bruto volumen: 60 L<\/li>\n<\/ul>\n<p><strong>Tehni\u010dke informacije:<\/strong><\/p>\n<ul>\n<li>Optere\u0107enje na lomu za dr\u017ea\u010d u\u017eeta: 1400 kp<\/li>\n<li>Tvrdoca materijala tijela (Shore A): 66<\/li>\n<li>\u010cvrsto\u0107a na rastezanje: 13.9 MPa<\/li>\n<li>Produ\u017eetak pri lomu: 587%<\/li>\n<li>Temperatura fleksibilnosti na hladno\u0107i: -33\u00b0C<\/li>\n<li>Preporu\u010dena maksimalna temperatura: 40\u00b0C<\/li>\n<li>Maksimalna temperatura: 50\u00b0C<\/li>\n<li>Specifi\u010dna te\u017eina: 1.17<\/li>\n<\/ul>\n<p>Kako tijelo tako i dr\u017ea\u010d u\u017eeta izra\u0111eni su od PVC-a, osiguravaju\u0107i da nema kori\u0161tenja CFC-a i da su bez kadmija.<\/p>\n","protected":false},"excerpt":{"rendered":"<p>Polyform F6 &#8211; POLYFORM\u00ae F6 (1095x300mm) je vrhunski izdr\u017eljiv fender s robusnim, unaprijed napravljenim dr\u017ea\u010dem u\u017eeta koji je oblikovan injekcijom.<\/p>\n","protected":false},"featured_media":5940078,"comment_status":"open","ping_status":"closed","template":"","meta":[],"product_brand":[3271],"product_cat":[1848],"product_tag":[],"class_list":{"0":"post-740929","1":"product","2":"type-product","3":"status-publish","4":"has-post-thumbnail","6":"product_brand-polyform-hr","7":"product_cat-brodski-bokobrani","9":"first","10":"instock","11":"shipping-taxable","12":"purchasable","13":"product-type-simple"},"_links":{"self":[{"href":"https:\/\/stoic-curie.212-227-153-4.plesk.page\/hr\/wp-json\/wp\/v2\/product\/740929","targetHints":{"allow":["GET"]}}],"collection":[{"href":"https:\/\/stoic-curie.212-227-153-4.plesk.page\/hr\/wp-json\/wp\/v2\/product"}],"about":[{"href":"https:\/\/stoic-curie.212-227-153-4.plesk.page\/hr\/wp-json\/wp\/v2\/types\/product"}],"replies":[{"embeddable":true,"href":"https:\/\/stoic-curie.212-227-153-4.plesk.page\/hr\/wp-json\/wp\/v2\/comments?post=740929"}],"version-history":[{"count":0,"href":"https:\/\/stoic-curie.212-227-153-4.plesk.page\/hr\/wp-json\/wp\/v2\/product\/740929\/revisions"}],"wp:featuredmedia":[{"embeddable":true,"href":"https:\/\/stoic-curie.212-227-153-4.plesk.page\/hr\/wp-json\/wp\/v2\/media\/5940078"}],"wp:attachment":[{"href":"https:\/\/stoic-curie.212-227-153-4.plesk.page\/hr\/wp-json\/wp\/v2\/media?parent=740929"}],"wp:term":[{"taxonomy":"product_brand","embeddable":true,"href":"https:\/\/stoic-curie.212-227-153-4.plesk.page\/hr\/wp-json\/wp\/v2\/product_brand?post=740929"},{"taxonomy":"product_cat","embeddable":true,"href":"https:\/\/stoic-curie.212-227-153-4.plesk.page\/hr\/wp-json\/wp\/v2\/product_cat?post=740929"},{"taxonomy":"product_tag","embeddable":true,"href":"https:\/\/stoic-curie.212-227-153-4.plesk.page\/hr\/wp-json\/wp\/v2\/product_tag?post=740929"}],"curies":[{"name":"wp","href":"https:\/\/api.w.org\/{rel}","templated":true}]}}