{"id":740930,"date":"2025-03-03T18:12:00","date_gmt":"2025-03-03T17:12:00","guid":{"rendered":"https:\/\/stoic-curie.212-227-153-4.plesk.page\/producto\/polyform-f7-1030x380mm\/"},"modified":"2026-02-25T00:00:49","modified_gmt":"2026-02-25T00:00:49","slug":"polyform-f7-1030x380mm","status":"publish","type":"product","link":"https:\/\/stoic-curie.212-227-153-4.plesk.page\/hr\/product\/polyform-f7-1030x380mm\/","title":{"rendered":"Polyform F7"},"content":{"rendered":"<p>Polyform F7 &#8211; <\/p>\n<div>Polyform F7 (1030x380mm). POLYFORM\u00ae F7 je \u010dvrsta, otpornja fender koja sadr\u017ei izdr\u017eljivo, unaprijed oblikovano dr\u017ea\u010d u\u017eeta. Koriste\u0107i na\u0161u naprednu rotomold tehnoloiju WELCOTEC, fender je besprijekorno integriran s dr\u017ea\u010dem u\u017eeta oja\u010danim rebrima. F-serija fendera proizvedena je od jedinstvene kombinacije visokokvalitetnih, fleksibilnih vinilnih materijala, \u0161to jam\u010di njihovu izdr\u017eljivost u svim vremenskim uvjetima. Ovi fenderi koriste se globalno za za\u0161titu plovila, jahti, radnih \u010damaca i pilot brodova. Najve\u0107i fenderi u F-seriji \u010dak koriste nacionalne mornarice za brodove te\u017eine do 1.500 tona.<\/div>\n<p><strong>Specifikacije proizvoda:<\/strong><\/p>\n<ul>\n<li>Broj artikla: F7<\/li>\n<li> Maksimalni promjer: 375 mm<\/li>\n<li>Maksimalna visina: 1020 mm<\/li>\n<li>Nominalna te\u017eina: 5.3 kg<\/li>\n<li>Promjer oka za dr\u017ea\u010d u\u017eeta: 28 mm<\/li>\n<li>Vrsta ventila: V10<\/li>\n<li>Bruto volumen: 85 L<\/li>\n<\/ul>\n<p><strong>Tehni\u010dke informacije:<\/strong><\/p>\n<ul>\n<li>Razorna optere\u0107enja za dr\u017ea\u010d u\u017eeta: 1400 kp<\/li>\n<li>Materijal tijela boje \u010dvrsto\u0107e: Shore A 66<\/li>\n<li>Tla\u010dna \u010dvrsto\u0107a: 13.9 MPa<\/li>\n<li>Produ\u017eenje pri lomu: 587%<\/li>\n<li>Temperatura fleksije na hladno\u0107i: -33\u00b0C<\/li>\n<li>Preporu\u010dena maksimalna temperatura: 40\u00b0C<\/li>\n<li>Maksimalna temperatura: 50\u00b0C<\/li>\n<li>Specifi\u010dna te\u017eina: 1.17<\/li>\n<\/ul>\n<p>Kako tijelo fendera tako i dr\u017ea\u010d u\u017eeta izra\u0111eni su od PVC-a, osiguravaju\u0107i da u procesu proizvodnje nema CFC-a niti kadmija.<\/p>\n","protected":false},"excerpt":{"rendered":"<p>Polyform F7 &#8211; Polyform F7 (1030x380mm). POLYFORM\u00ae F7 je \u010dvrsta, otpornja fender koja sadr\u017ei izdr\u017eljivo, unaprijed oblikovano dr\u017ea\u010d u\u017eeta. Koriste\u0107i<\/p>\n","protected":false},"featured_media":5940085,"comment_status":"open","ping_status":"closed","template":"","meta":[],"product_brand":[3271],"product_cat":[1848],"product_tag":[],"class_list":{"0":"post-740930","1":"product","2":"type-product","3":"status-publish","4":"has-post-thumbnail","6":"product_brand-polyform-hr","7":"product_cat-brodski-bokobrani","9":"first","10":"instock","11":"shipping-taxable","12":"purchasable","13":"product-type-simple"},"_links":{"self":[{"href":"https:\/\/stoic-curie.212-227-153-4.plesk.page\/hr\/wp-json\/wp\/v2\/product\/740930","targetHints":{"allow":["GET"]}}],"collection":[{"href":"https:\/\/stoic-curie.212-227-153-4.plesk.page\/hr\/wp-json\/wp\/v2\/product"}],"about":[{"href":"https:\/\/stoic-curie.212-227-153-4.plesk.page\/hr\/wp-json\/wp\/v2\/types\/product"}],"replies":[{"embeddable":true,"href":"https:\/\/stoic-curie.212-227-153-4.plesk.page\/hr\/wp-json\/wp\/v2\/comments?post=740930"}],"version-history":[{"count":0,"href":"https:\/\/stoic-curie.212-227-153-4.plesk.page\/hr\/wp-json\/wp\/v2\/product\/740930\/revisions"}],"wp:featuredmedia":[{"embeddable":true,"href":"https:\/\/stoic-curie.212-227-153-4.plesk.page\/hr\/wp-json\/wp\/v2\/media\/5940085"}],"wp:attachment":[{"href":"https:\/\/stoic-curie.212-227-153-4.plesk.page\/hr\/wp-json\/wp\/v2\/media?parent=740930"}],"wp:term":[{"taxonomy":"product_brand","embeddable":true,"href":"https:\/\/stoic-curie.212-227-153-4.plesk.page\/hr\/wp-json\/wp\/v2\/product_brand?post=740930"},{"taxonomy":"product_cat","embeddable":true,"href":"https:\/\/stoic-curie.212-227-153-4.plesk.page\/hr\/wp-json\/wp\/v2\/product_cat?post=740930"},{"taxonomy":"product_tag","embeddable":true,"href":"https:\/\/stoic-curie.212-227-153-4.plesk.page\/hr\/wp-json\/wp\/v2\/product_tag?post=740930"}],"curies":[{"name":"wp","href":"https:\/\/api.w.org\/{rel}","templated":true}]}}