{"id":740931,"date":"2025-03-03T18:12:00","date_gmt":"2025-03-03T17:12:00","guid":{"rendered":"https:\/\/stoic-curie.212-227-153-4.plesk.page\/producto\/polyform-f8-1475x380mm\/"},"modified":"2026-02-25T00:00:49","modified_gmt":"2026-02-25T00:00:49","slug":"polyform-f8-1475x380mm","status":"publish","type":"product","link":"https:\/\/stoic-curie.212-227-153-4.plesk.page\/hr\/product\/polyform-f8-1475x380mm\/","title":{"rendered":"Polyform F8"},"content":{"rendered":"<p>Polyform F8 &#8211; <\/p>\n<p>Polyform F8 (1475x380mm)<\/p>\n<p>POLYFORM\u00ae F8 je \u010dvrst, robustan fender koji dolazi s opcionalnim sustavom dvostrukog ventila, integriranim u svoje sna\u017ene, unaprijed oblikovane uvale za u\u017ee. Primjenom na\u0161e ekskluzivne WELCOTEC rotomold tehnologije, fender i njegovo rebrovito uvo su besprijekorno spojeni. F-serija izra\u0111ena je od jedinstvene kombinacije visokokvalitetnih, fleksibilnih vinilnih materijala koji pru\u017eaju izvrsnu otpornost na razli\u010dite vremenske uvjete. Ovi fenderi koriste se \u0161irom svijeta za razne svrhe, uklju\u010duju\u0107i rekreacijske \u010damce, jahte, radne \u010damce i pilotne brodove. Najve\u0107i fenderi iz F-serije koriste se \u010dak i od nacionalnih mornarica za brodove te\u017eine do 1500 tona.<\/p>\n<p>Specifikacije:<\/p>\n<ul>\n<li>Maksimalni promjer: 375 mm<\/li>\n<li>Maksimalna visina: 1440 mm<\/li>\n<li>Nominalna te\u017eina: 7,6 kg<\/li>\n<li>Promjer uvale za u\u017ee: 28 mm<\/li>\n<li>Vrsta ventila: Opcionalni V10 (2 x V10)<\/li>\n<li>Bruto volumen: 135 L<\/li>\n<\/ul>\n<p>Tehni\u010dke informacije:<\/p>\n<ul>\n<li>Nosivost uvale za u\u017ee: 1400 kp<\/li>\n<li>Tvrdo\u0107a materijala tijela (Shore A): 66<\/li>\n<li>Tenzijska \u010dvrsto\u0107a: 13,9 MPa<\/li>\n<li>Produ\u017eenje pri lomu: 587%<\/li>\n<li>Temperatura hladnog savijanja: -33\u00b0C<\/li>\n<li>Preporu\u010dena maksimalna temperatura: 40\u00b0C<\/li>\n<li>Maksimalna temperatura: 50\u00b0C<\/li>\n<li>Specifi\u010dna te\u017eina: 1,17<\/li>\n<\/ul>\n<p>I tijelo fendera i uvala za u\u017ee izra\u0111eni su od PVC-a, osiguravaju\u0107i da ne sadr\u017ee CFC i kadmij.<\/p>\n","protected":false},"excerpt":{"rendered":"<p>Polyform F8 &#8211; Polyform F8 (1475x380mm) POLYFORM\u00ae F8 je \u010dvrst, robustan fender koji dolazi s opcionalnim sustavom dvostrukog ventila, integriranim<\/p>\n","protected":false},"featured_media":5940085,"comment_status":"open","ping_status":"closed","template":"","meta":[],"product_brand":[3271],"product_cat":[1848],"product_tag":[],"class_list":{"0":"post-740931","1":"product","2":"type-product","3":"status-publish","4":"has-post-thumbnail","6":"product_brand-polyform-hr","7":"product_cat-brodski-bokobrani","9":"first","10":"instock","11":"shipping-taxable","12":"purchasable","13":"product-type-simple"},"_links":{"self":[{"href":"https:\/\/stoic-curie.212-227-153-4.plesk.page\/hr\/wp-json\/wp\/v2\/product\/740931","targetHints":{"allow":["GET"]}}],"collection":[{"href":"https:\/\/stoic-curie.212-227-153-4.plesk.page\/hr\/wp-json\/wp\/v2\/product"}],"about":[{"href":"https:\/\/stoic-curie.212-227-153-4.plesk.page\/hr\/wp-json\/wp\/v2\/types\/product"}],"replies":[{"embeddable":true,"href":"https:\/\/stoic-curie.212-227-153-4.plesk.page\/hr\/wp-json\/wp\/v2\/comments?post=740931"}],"version-history":[{"count":0,"href":"https:\/\/stoic-curie.212-227-153-4.plesk.page\/hr\/wp-json\/wp\/v2\/product\/740931\/revisions"}],"wp:featuredmedia":[{"embeddable":true,"href":"https:\/\/stoic-curie.212-227-153-4.plesk.page\/hr\/wp-json\/wp\/v2\/media\/5940085"}],"wp:attachment":[{"href":"https:\/\/stoic-curie.212-227-153-4.plesk.page\/hr\/wp-json\/wp\/v2\/media?parent=740931"}],"wp:term":[{"taxonomy":"product_brand","embeddable":true,"href":"https:\/\/stoic-curie.212-227-153-4.plesk.page\/hr\/wp-json\/wp\/v2\/product_brand?post=740931"},{"taxonomy":"product_cat","embeddable":true,"href":"https:\/\/stoic-curie.212-227-153-4.plesk.page\/hr\/wp-json\/wp\/v2\/product_cat?post=740931"},{"taxonomy":"product_tag","embeddable":true,"href":"https:\/\/stoic-curie.212-227-153-4.plesk.page\/hr\/wp-json\/wp\/v2\/product_tag?post=740931"}],"curies":[{"name":"wp","href":"https:\/\/api.w.org\/{rel}","templated":true}]}}