{"id":740932,"date":"2025-03-03T18:12:00","date_gmt":"2025-03-03T17:12:00","guid":{"rendered":"https:\/\/stoic-curie.212-227-153-4.plesk.page\/producto\/polyform-f11-1455x600mm\/"},"modified":"2026-02-25T00:00:49","modified_gmt":"2026-02-25T00:00:49","slug":"polyform-f11-1455x600mm","status":"publish","type":"product","link":"https:\/\/stoic-curie.212-227-153-4.plesk.page\/hr\/product\/polyform-f11-1455x600mm\/","title":{"rendered":"Polyform F11"},"content":{"rendered":"<p>Polyform F11 &#8211; <\/p>\n<p>Polyform F11 (1455x600mm)<\/p>\n<p>POLYFORM\u00ae F11 je \u010dvrsti, izdr\u017eljivi fender koji sadr\u017ei sustav dvostrukih ventila ugra\u0111en u njegove izdr\u017eljive, unaprijed oblikovane u\u017ee otvore. Fender i oja\u010dani otvor za u\u017ee su vrhunski povezani na\u0161om ekskluzivnom rotomolding WELCOTEC tehnologijom. F-serija fendera izra\u0111ena je od jedinstvene kombinacije visokokvalitetnih, fleksibilnih vinil materijala, osiguravaju\u0107i da mogu izdr\u017eati sve vrste vremenskih uvjeta.<\/p>\n<p>Ovi fenderi se koriste \u0161irom svijeta u razne svrhe, uklju\u010duju\u0107i rekreativne \u010damce, jahte, radne \u010damce i pilot brodove. Najve\u0107i fenderi u F-seriji koriste se \u010dak i od strane nacionalnih mornarica za brodove te\u017eine do 1500 tona.<\/p>\n<p><strong>Specifikacije proizvoda:<\/strong><\/p>\n<ul>\n<li>Broj artikla: F11<\/li>\n<li>Maksimalkan promjer: 590 mm<\/li>\n<li>Maksimalna visina: 1455 mm<\/li>\n<li>Nominalna te\u017eina: 10,5 kg<\/li>\n<li>Promjer otvora za u\u017ee: 28 mm<\/li>\n<li>Tip ventila: 2 x V10<\/li>\n<li>Bruto volumen: 275 L<\/li>\n<\/ul>\n<p><strong>Tehni\u010dke informacije:<\/strong><\/p>\n<ul>\n<li>Sna\u017ena optere\u0107enja za otvor za u\u017ee: 2000 kp<\/li>\n<li>\u010cvrsto\u0107a tijela (Shore A): 66<\/li>\n<li>Otpornost na istezanje: 13,9 MPa<\/li>\n<li>Produ\u017eenje do loma: 587%<\/li>\n<li>Temperatura fleksibilnosti na hladno\u0107i: -33\u00b0C<\/li>\n<li>Preporu\u010dena maksimalna temperatura: 40\u00b0C<\/li>\n<li>Maksimalna temperatura: 50\u00b0C<\/li>\n<li>Specifi\u010dna te\u017eina: 1,17<\/li>\n<\/ul>\n<p>Kako tijelo fendera, tako i otvor za u\u017ee izra\u0111eni su od PVC-a, bez CFC-a i kadmija. Ovaj proizvod se proizvodi koriste\u0107i Welcotec tehnologiju proizvodnje.<\/p>\n","protected":false},"excerpt":{"rendered":"<p>Polyform F11 &#8211; Polyform F11 (1455x600mm) POLYFORM\u00ae F11 je \u010dvrsti, izdr\u017eljivi fender koji sadr\u017ei sustav dvostrukih ventila ugra\u0111en u njegove<\/p>\n","protected":false},"featured_media":5940085,"comment_status":"open","ping_status":"closed","template":"","meta":[],"product_brand":[3271],"product_cat":[1848],"product_tag":[],"class_list":{"0":"post-740932","1":"product","2":"type-product","3":"status-publish","4":"has-post-thumbnail","6":"product_brand-polyform-hr","7":"product_cat-brodski-bokobrani","9":"first","10":"instock","11":"shipping-taxable","12":"purchasable","13":"product-type-simple"},"_links":{"self":[{"href":"https:\/\/stoic-curie.212-227-153-4.plesk.page\/hr\/wp-json\/wp\/v2\/product\/740932","targetHints":{"allow":["GET"]}}],"collection":[{"href":"https:\/\/stoic-curie.212-227-153-4.plesk.page\/hr\/wp-json\/wp\/v2\/product"}],"about":[{"href":"https:\/\/stoic-curie.212-227-153-4.plesk.page\/hr\/wp-json\/wp\/v2\/types\/product"}],"replies":[{"embeddable":true,"href":"https:\/\/stoic-curie.212-227-153-4.plesk.page\/hr\/wp-json\/wp\/v2\/comments?post=740932"}],"version-history":[{"count":0,"href":"https:\/\/stoic-curie.212-227-153-4.plesk.page\/hr\/wp-json\/wp\/v2\/product\/740932\/revisions"}],"wp:featuredmedia":[{"embeddable":true,"href":"https:\/\/stoic-curie.212-227-153-4.plesk.page\/hr\/wp-json\/wp\/v2\/media\/5940085"}],"wp:attachment":[{"href":"https:\/\/stoic-curie.212-227-153-4.plesk.page\/hr\/wp-json\/wp\/v2\/media?parent=740932"}],"wp:term":[{"taxonomy":"product_brand","embeddable":true,"href":"https:\/\/stoic-curie.212-227-153-4.plesk.page\/hr\/wp-json\/wp\/v2\/product_brand?post=740932"},{"taxonomy":"product_cat","embeddable":true,"href":"https:\/\/stoic-curie.212-227-153-4.plesk.page\/hr\/wp-json\/wp\/v2\/product_cat?post=740932"},{"taxonomy":"product_tag","embeddable":true,"href":"https:\/\/stoic-curie.212-227-153-4.plesk.page\/hr\/wp-json\/wp\/v2\/product_tag?post=740932"}],"curies":[{"name":"wp","href":"https:\/\/api.w.org\/{rel}","templated":true}]}}