{"id":740933,"date":"2025-03-03T18:12:01","date_gmt":"2025-03-03T17:12:01","guid":{"rendered":"https:\/\/stoic-curie.212-227-153-4.plesk.page\/producto\/polyform-f02-660x190mm\/"},"modified":"2026-02-25T00:00:49","modified_gmt":"2026-02-25T00:00:49","slug":"polyform-f02-660x190mm","status":"publish","type":"product","link":"https:\/\/stoic-curie.212-227-153-4.plesk.page\/hr\/product\/polyform-f02-660x190mm\/","title":{"rendered":"Polyform F02"},"content":{"rendered":"<p>Polyform F02 &#8211; <\/p>\n<p>Polyform F02 (660x190mm). POLYFORM\u00ae F02 je vrhunska, izdr\u017eljiva fender izra\u0111ena od jedinstvene mje\u0161avine visokokvalitetnih materijala. Dizajnirana kao jedinstveni komad, F-serija fendera sadr\u017ei poja\u010dane rupice za u\u017ee i rotomolded je od izdr\u017eljivog, fleksibilnog vinila. Ovi fenderi podnose sve vremenske uvjete, \u0161to ih \u010dini idealnim za razne primjene.<\/p>\n<p>Kori\u0161teni \u0161irom svijeta, fenderi F-serije savr\u0161eni su za motornjake, jahte, radne \u010damce i \u010damce za pilota. Najve\u0107i modeli koriste se \u010dak i od strane nacionalnih marinskih snaga za plovila te\u0161ka do 1.500 tona.<\/p>\n<p><strong>Specifikacije proizvoda:<\/strong><\/p>\n<ul>\n<li>Broj artikla: F02<\/li>\n<li>Maksimalni promjer: 200 mm<\/li>\n<li>Visina: 660 mm<\/li>\n<li>Nominalna te\u017eina: 1.65 kg<\/li>\n<li>Promjer o\u010di\u0161ta za u\u017ee: 25 mm<\/li>\n<li>Tip ventila: V10<\/li>\n<li>Bruto volumen: 15 L<\/li>\n<\/ul>\n<p><strong>Tehni\u010dke informacije:<\/strong><\/p>\n<ul>\n<li>Otpornost na optere\u0107enje rupe za u\u017ee: 1.100 kp<\/li>\n<li>Tvrdoca materijala tijela (Shore A): 66<\/li>\n<li>\u010cvrsto\u0107a na zatezanje: 13,9 MPa<\/li>\n<li>Produ\u017eenje pri lomu: 587%<\/li>\n<li>Temperatura savijanja na hladno\u0107i: -33\u00b0C<\/li>\n<li>Preporu\u010dena maksimalna temperatura: 40\u00b0C<\/li>\n<li>Maksimalna temperatura: 50\u00b0C<\/li>\n<li>Specifi\u010dna te\u017eina: 1,17<\/li>\n<\/ul>\n<p>Kako tijelo tako i rupica za u\u017ee izra\u0111eni su od PVC-a, osiguravaju\u0107i da nema upotrebe CFC-a i da su bez kadmija.<\/p>\n","protected":false},"excerpt":{"rendered":"<p>Polyform F02 &#8211; Polyform F02 (660x190mm). POLYFORM\u00ae F02 je vrhunska, izdr\u017eljiva fender izra\u0111ena od jedinstvene mje\u0161avine visokokvalitetnih materijala. Dizajnirana kao<\/p>\n","protected":false},"featured_media":5940078,"comment_status":"open","ping_status":"closed","template":"","meta":[],"product_brand":[3271],"product_cat":[1848],"product_tag":[],"class_list":{"0":"post-740933","1":"product","2":"type-product","3":"status-publish","4":"has-post-thumbnail","6":"product_brand-polyform-hr","7":"product_cat-brodski-bokobrani","9":"first","10":"instock","11":"shipping-taxable","12":"purchasable","13":"product-type-simple"},"_links":{"self":[{"href":"https:\/\/stoic-curie.212-227-153-4.plesk.page\/hr\/wp-json\/wp\/v2\/product\/740933","targetHints":{"allow":["GET"]}}],"collection":[{"href":"https:\/\/stoic-curie.212-227-153-4.plesk.page\/hr\/wp-json\/wp\/v2\/product"}],"about":[{"href":"https:\/\/stoic-curie.212-227-153-4.plesk.page\/hr\/wp-json\/wp\/v2\/types\/product"}],"replies":[{"embeddable":true,"href":"https:\/\/stoic-curie.212-227-153-4.plesk.page\/hr\/wp-json\/wp\/v2\/comments?post=740933"}],"version-history":[{"count":0,"href":"https:\/\/stoic-curie.212-227-153-4.plesk.page\/hr\/wp-json\/wp\/v2\/product\/740933\/revisions"}],"wp:featuredmedia":[{"embeddable":true,"href":"https:\/\/stoic-curie.212-227-153-4.plesk.page\/hr\/wp-json\/wp\/v2\/media\/5940078"}],"wp:attachment":[{"href":"https:\/\/stoic-curie.212-227-153-4.plesk.page\/hr\/wp-json\/wp\/v2\/media?parent=740933"}],"wp:term":[{"taxonomy":"product_brand","embeddable":true,"href":"https:\/\/stoic-curie.212-227-153-4.plesk.page\/hr\/wp-json\/wp\/v2\/product_brand?post=740933"},{"taxonomy":"product_cat","embeddable":true,"href":"https:\/\/stoic-curie.212-227-153-4.plesk.page\/hr\/wp-json\/wp\/v2\/product_cat?post=740933"},{"taxonomy":"product_tag","embeddable":true,"href":"https:\/\/stoic-curie.212-227-153-4.plesk.page\/hr\/wp-json\/wp\/v2\/product_tag?post=740933"}],"curies":[{"name":"wp","href":"https:\/\/api.w.org\/{rel}","templated":true}]}}