{"id":740945,"date":"2025-03-03T18:12:04","date_gmt":"2025-03-03T17:12:04","guid":{"rendered":"https:\/\/stoic-curie.212-227-153-4.plesk.page\/producto\/plosnati-bokobran-plavi-950x310x80mm\/"},"modified":"2026-02-25T00:00:49","modified_gmt":"2026-02-25T00:00:49","slug":"plosnati-bokobran-plavi-950x310x80mm","status":"publish","type":"product","link":"https:\/\/stoic-curie.212-227-153-4.plesk.page\/hr\/product\/plosnati-bokobran-plavi-950x310x80mm\/","title":{"rendered":"Plosnati bokobran plavi 950x310x80mm"},"content":{"rendered":"<p>Plosnati bokobran plavi 950x310x80mm &#8211; <\/p>\n<p>Visoko otporni E.V.A. zatvoreni pjenasti ravni modularni fendere. Laka pohrana zahvaljuju\u0107i ravnom obliku, koriste se kada nema dovoljno prostora izme\u0111u dviju brodova. Lako se povezuju zajedno kako bi se stvorila za\u0161titna barijera. S 4 rupe za u\u017ee i 2 rupe za remen. Uklju\u010deno u\u017ee duljine 2,40 m.<\/p>\n","protected":false},"excerpt":{"rendered":"<p>Plosnati bokobran plavi 950x310x80mm &#8211; Visoko otporni E.V.A. zatvoreni pjenasti ravni modularni fendere. Laka pohrana zahvaljuju\u0107i ravnom obliku, koriste se<\/p>\n","protected":false},"featured_media":5940116,"comment_status":"open","ping_status":"closed","template":"","meta":[],"product_brand":[3091],"product_cat":[1849,1848],"product_tag":[],"class_list":{"0":"post-740945","1":"product","2":"type-product","3":"status-publish","4":"has-post-thumbnail","6":"product_brand-majoni-hr","7":"product_cat-bokobrani-za-dokove","8":"product_cat-brodski-bokobrani","10":"first","11":"instock","12":"shipping-taxable","13":"purchasable","14":"product-type-simple"},"_links":{"self":[{"href":"https:\/\/stoic-curie.212-227-153-4.plesk.page\/hr\/wp-json\/wp\/v2\/product\/740945","targetHints":{"allow":["GET"]}}],"collection":[{"href":"https:\/\/stoic-curie.212-227-153-4.plesk.page\/hr\/wp-json\/wp\/v2\/product"}],"about":[{"href":"https:\/\/stoic-curie.212-227-153-4.plesk.page\/hr\/wp-json\/wp\/v2\/types\/product"}],"replies":[{"embeddable":true,"href":"https:\/\/stoic-curie.212-227-153-4.plesk.page\/hr\/wp-json\/wp\/v2\/comments?post=740945"}],"version-history":[{"count":0,"href":"https:\/\/stoic-curie.212-227-153-4.plesk.page\/hr\/wp-json\/wp\/v2\/product\/740945\/revisions"}],"wp:featuredmedia":[{"embeddable":true,"href":"https:\/\/stoic-curie.212-227-153-4.plesk.page\/hr\/wp-json\/wp\/v2\/media\/5940116"}],"wp:attachment":[{"href":"https:\/\/stoic-curie.212-227-153-4.plesk.page\/hr\/wp-json\/wp\/v2\/media?parent=740945"}],"wp:term":[{"taxonomy":"product_brand","embeddable":true,"href":"https:\/\/stoic-curie.212-227-153-4.plesk.page\/hr\/wp-json\/wp\/v2\/product_brand?post=740945"},{"taxonomy":"product_cat","embeddable":true,"href":"https:\/\/stoic-curie.212-227-153-4.plesk.page\/hr\/wp-json\/wp\/v2\/product_cat?post=740945"},{"taxonomy":"product_tag","embeddable":true,"href":"https:\/\/stoic-curie.212-227-153-4.plesk.page\/hr\/wp-json\/wp\/v2\/product_tag?post=740945"}],"curies":[{"name":"wp","href":"https:\/\/api.w.org\/{rel}","templated":true}]}}