{"id":740946,"date":"2025-03-03T18:12:04","date_gmt":"2025-03-03T17:12:04","guid":{"rendered":"https:\/\/stoic-curie.212-227-153-4.plesk.page\/producto\/nawa-kosare-za-bokobrane-kit-x2-170mm\/"},"modified":"2026-02-25T00:00:49","modified_gmt":"2026-02-25T00:00:49","slug":"nawa-kosare-za-bokobrane-kit-x2-170mm","status":"publish","type":"product","link":"https:\/\/stoic-curie.212-227-153-4.plesk.page\/hr\/product\/nawa-kosare-za-bokobrane-kit-x2-170mm\/","title":{"rendered":"Nawa ko\u0161are za bokobrane Kit x2 170mm"},"content":{"rendered":"<p>Nawa ko\u0161are za bokobrane Kit x2 170mm &#8211; <\/p>\n<p>Najve\u0107a svestranost rje\u0161enja za pohranu fendera koje omogu\u0107ava pri\u010dvr\u0161\u0107ivanje ko\u0161ara na bilo koju ogradu u bilo kojoj kombinaciji. Sve \u0161to vam je potrebno za instalaciju je odvija\u010d. Visokokvalitetni modularni set fendera NAWA od nehr\u0111aju\u0107eg \u010delika 316 uklju\u010duje: 2 ko\u0161are za fendere promjera 170\/190\/215\/230 mm, 3 zakretne spojnice za cijevi od 25 mm i 2 paralelna spoja za spajanje dvije ko\u0161are.<\/p>\n","protected":false},"excerpt":{"rendered":"<p>Nawa ko\u0161are za bokobrane Kit x2 170mm &#8211; Najve\u0107a svestranost rje\u0161enja za pohranu fendera koje omogu\u0107ava pri\u010dvr\u0161\u0107ivanje ko\u0161ara na bilo<\/p>\n","protected":false},"featured_media":5940120,"comment_status":"open","ping_status":"closed","template":"","meta":[],"product_brand":[3181],"product_cat":[1847],"product_tag":[],"class_list":{"0":"post-740946","1":"product","2":"type-product","3":"status-publish","4":"has-post-thumbnail","6":"product_brand-nawa-hr","7":"product_cat-pribor-za-bokobrane","9":"first","10":"instock","11":"shipping-taxable","12":"purchasable","13":"product-type-simple"},"_links":{"self":[{"href":"https:\/\/stoic-curie.212-227-153-4.plesk.page\/hr\/wp-json\/wp\/v2\/product\/740946","targetHints":{"allow":["GET"]}}],"collection":[{"href":"https:\/\/stoic-curie.212-227-153-4.plesk.page\/hr\/wp-json\/wp\/v2\/product"}],"about":[{"href":"https:\/\/stoic-curie.212-227-153-4.plesk.page\/hr\/wp-json\/wp\/v2\/types\/product"}],"replies":[{"embeddable":true,"href":"https:\/\/stoic-curie.212-227-153-4.plesk.page\/hr\/wp-json\/wp\/v2\/comments?post=740946"}],"version-history":[{"count":0,"href":"https:\/\/stoic-curie.212-227-153-4.plesk.page\/hr\/wp-json\/wp\/v2\/product\/740946\/revisions"}],"wp:featuredmedia":[{"embeddable":true,"href":"https:\/\/stoic-curie.212-227-153-4.plesk.page\/hr\/wp-json\/wp\/v2\/media\/5940120"}],"wp:attachment":[{"href":"https:\/\/stoic-curie.212-227-153-4.plesk.page\/hr\/wp-json\/wp\/v2\/media?parent=740946"}],"wp:term":[{"taxonomy":"product_brand","embeddable":true,"href":"https:\/\/stoic-curie.212-227-153-4.plesk.page\/hr\/wp-json\/wp\/v2\/product_brand?post=740946"},{"taxonomy":"product_cat","embeddable":true,"href":"https:\/\/stoic-curie.212-227-153-4.plesk.page\/hr\/wp-json\/wp\/v2\/product_cat?post=740946"},{"taxonomy":"product_tag","embeddable":true,"href":"https:\/\/stoic-curie.212-227-153-4.plesk.page\/hr\/wp-json\/wp\/v2\/product_tag?post=740946"}],"curies":[{"name":"wp","href":"https:\/\/api.w.org\/{rel}","templated":true}]}}