{"id":740952,"date":"2025-03-03T18:12:06","date_gmt":"2025-03-03T17:12:06","guid":{"rendered":"https:\/\/stoic-curie.212-227-153-4.plesk.page\/producto\/klasicni-drzaci-bokobrana-x3-190mm\/"},"modified":"2026-02-25T00:00:49","modified_gmt":"2026-02-25T00:00:49","slug":"klasicni-drzaci-bokobrana-x3-190mm","status":"publish","type":"product","link":"https:\/\/stoic-curie.212-227-153-4.plesk.page\/hr\/product\/klasicni-drzaci-bokobrana-x3-190mm\/","title":{"rendered":"Klasicni dr\u017eaci bokobrana x3 190mm"},"content":{"rendered":"<p>Klasicni dr\u017eaci bokobrana x3 190mm &#8211; <\/p>\n<p>Klasi\u010dni dr\u017ea\u010di fendera od nehr\u0111aju\u0107eg \u010delika s spojnicama za stezanje za monta\u017eu na pramac ili ogradu.<\/p>\n","protected":false},"excerpt":{"rendered":"<p>Klasicni dr\u017eaci bokobrana x3 190mm &#8211; Klasi\u010dni dr\u017ea\u010di fendera od nehr\u0111aju\u0107eg \u010delika s spojnicama za stezanje za monta\u017eu na pramac<\/p>\n","protected":false},"featured_media":5940125,"comment_status":"open","ping_status":"closed","template":"","meta":[],"product_brand":[3181],"product_cat":[1847],"product_tag":[],"class_list":{"0":"post-740952","1":"product","2":"type-product","3":"status-publish","4":"has-post-thumbnail","6":"product_brand-nawa-hr","7":"product_cat-pribor-za-bokobrane","9":"first","10":"instock","11":"shipping-taxable","12":"purchasable","13":"product-type-simple"},"_links":{"self":[{"href":"https:\/\/stoic-curie.212-227-153-4.plesk.page\/hr\/wp-json\/wp\/v2\/product\/740952","targetHints":{"allow":["GET"]}}],"collection":[{"href":"https:\/\/stoic-curie.212-227-153-4.plesk.page\/hr\/wp-json\/wp\/v2\/product"}],"about":[{"href":"https:\/\/stoic-curie.212-227-153-4.plesk.page\/hr\/wp-json\/wp\/v2\/types\/product"}],"replies":[{"embeddable":true,"href":"https:\/\/stoic-curie.212-227-153-4.plesk.page\/hr\/wp-json\/wp\/v2\/comments?post=740952"}],"version-history":[{"count":0,"href":"https:\/\/stoic-curie.212-227-153-4.plesk.page\/hr\/wp-json\/wp\/v2\/product\/740952\/revisions"}],"wp:featuredmedia":[{"embeddable":true,"href":"https:\/\/stoic-curie.212-227-153-4.plesk.page\/hr\/wp-json\/wp\/v2\/media\/5940125"}],"wp:attachment":[{"href":"https:\/\/stoic-curie.212-227-153-4.plesk.page\/hr\/wp-json\/wp\/v2\/media?parent=740952"}],"wp:term":[{"taxonomy":"product_brand","embeddable":true,"href":"https:\/\/stoic-curie.212-227-153-4.plesk.page\/hr\/wp-json\/wp\/v2\/product_brand?post=740952"},{"taxonomy":"product_cat","embeddable":true,"href":"https:\/\/stoic-curie.212-227-153-4.plesk.page\/hr\/wp-json\/wp\/v2\/product_cat?post=740952"},{"taxonomy":"product_tag","embeddable":true,"href":"https:\/\/stoic-curie.212-227-153-4.plesk.page\/hr\/wp-json\/wp\/v2\/product_tag?post=740952"}],"curies":[{"name":"wp","href":"https:\/\/api.w.org\/{rel}","templated":true}]}}