{"id":740954,"date":"2025-03-03T18:12:06","date_gmt":"2025-03-03T17:12:06","guid":{"rendered":"https:\/\/stoic-curie.212-227-153-4.plesk.page\/producto\/plutaca-za-privez-narancasta-sa-sipkom-od-nehrdajuceg-celika-800x320mm\/"},"modified":"2026-02-25T00:00:49","modified_gmt":"2026-02-25T00:00:49","slug":"plutaca-za-privez-narancasta-sa-sipkom-od-nehrdajuceg-celika-800x320mm","status":"publish","type":"product","link":"https:\/\/stoic-curie.212-227-153-4.plesk.page\/hr\/product\/plutaca-za-privez-narancasta-sa-sipkom-od-nehrdajuceg-celika-800x320mm\/","title":{"rendered":"Plutaca za privez narancasta sa \u0161ipkom od nehr\u0111aju\u0107eg \u010delika 800x320mm"},"content":{"rendered":"<p>Plutaca za privez narancasta sa \u0161ipkom od nehr\u0111aju\u0107eg \u010delika 800x320mm &#8211; <\/p>\n<p>Bouy za sidrenje od polietilena ispunjena pjenom od poliuretana s zatvorenim \u0107elijama. Nehr\u0111aju\u0107i \u010delik kroz \u0161ipku i okretne spojnice.<\/p>\n","protected":false},"excerpt":{"rendered":"<p>Plutaca za privez narancasta sa \u0161ipkom od nehr\u0111aju\u0107eg \u010delika 800x320mm &#8211; Bouy za sidrenje od polietilena ispunjena pjenom od poliuretana<\/p>\n","protected":false},"featured_media":5940139,"comment_status":"open","ping_status":"closed","template":"","meta":[],"product_brand":[2856],"product_cat":[1850],"product_tag":[],"class_list":{"0":"post-740954","1":"product","2":"type-product","3":"status-publish","4":"has-post-thumbnail","6":"product_brand-can-marine-hr","7":"product_cat-plutace-za-privez-i-signalizaciju","9":"first","10":"instock","11":"shipping-taxable","12":"purchasable","13":"product-type-simple"},"_links":{"self":[{"href":"https:\/\/stoic-curie.212-227-153-4.plesk.page\/hr\/wp-json\/wp\/v2\/product\/740954","targetHints":{"allow":["GET"]}}],"collection":[{"href":"https:\/\/stoic-curie.212-227-153-4.plesk.page\/hr\/wp-json\/wp\/v2\/product"}],"about":[{"href":"https:\/\/stoic-curie.212-227-153-4.plesk.page\/hr\/wp-json\/wp\/v2\/types\/product"}],"replies":[{"embeddable":true,"href":"https:\/\/stoic-curie.212-227-153-4.plesk.page\/hr\/wp-json\/wp\/v2\/comments?post=740954"}],"version-history":[{"count":0,"href":"https:\/\/stoic-curie.212-227-153-4.plesk.page\/hr\/wp-json\/wp\/v2\/product\/740954\/revisions"}],"wp:featuredmedia":[{"embeddable":true,"href":"https:\/\/stoic-curie.212-227-153-4.plesk.page\/hr\/wp-json\/wp\/v2\/media\/5940139"}],"wp:attachment":[{"href":"https:\/\/stoic-curie.212-227-153-4.plesk.page\/hr\/wp-json\/wp\/v2\/media?parent=740954"}],"wp:term":[{"taxonomy":"product_brand","embeddable":true,"href":"https:\/\/stoic-curie.212-227-153-4.plesk.page\/hr\/wp-json\/wp\/v2\/product_brand?post=740954"},{"taxonomy":"product_cat","embeddable":true,"href":"https:\/\/stoic-curie.212-227-153-4.plesk.page\/hr\/wp-json\/wp\/v2\/product_cat?post=740954"},{"taxonomy":"product_tag","embeddable":true,"href":"https:\/\/stoic-curie.212-227-153-4.plesk.page\/hr\/wp-json\/wp\/v2\/product_tag?post=740954"}],"curies":[{"name":"wp","href":"https:\/\/api.w.org\/{rel}","templated":true}]}}