{"id":740957,"date":"2025-03-03T18:12:07","date_gmt":"2025-03-03T17:12:07","guid":{"rendered":"https:\/\/stoic-curie.212-227-153-4.plesk.page\/producto\/pvc-bokostitnica-za-dokove-h60-mm-x-3-mt\/"},"modified":"2026-02-25T00:00:49","modified_gmt":"2026-02-25T00:00:49","slug":"pvc-bokostitnica-za-dokove-h60-mm-x-3-mt","status":"publish","type":"product","link":"https:\/\/stoic-curie.212-227-153-4.plesk.page\/hr\/product\/pvc-bokostitnica-za-dokove-h60-mm-x-3-mt\/","title":{"rendered":"PVC boko\u0161titnica za dokove H60 mm x 3 mt"},"content":{"rendered":"<p>PVC boko\u0161titnica za dokove H60 mm x 3 mt &#8211; <\/p>\n<p>Profilirani fenderi du\u017eine 3 metra za dokove, pontone i op\u0107u za\u0161titu. Proizvedeni od PVC-a visoke otpornosti na udarce s vrlo niskim koeficijentom trenja, ne ostavljaju tragove na gel-coatu \u010damca, za razliku od gume. Mogu se postaviti pojedina\u010dno ili u vi\u0161e. Fiksacija: umetnite aluminijsku ili pocin\u010danu plo\u010du veli\u010dine 30&#215;5 mm i probijte kako biste umetnuli vijake za pri\u010dvr\u0161\u0107ivanje.<\/p>\n","protected":false},"excerpt":{"rendered":"<p>PVC boko\u0161titnica za dokove H60 mm x 3 mt &#8211; Profilirani fenderi du\u017eine 3 metra za dokove, pontone i op\u0107u<\/p>\n","protected":false},"featured_media":5940166,"comment_status":"open","ping_status":"closed","template":"","meta":[],"product_brand":[3481],"product_cat":[1849],"product_tag":[],"class_list":{"0":"post-740957","1":"product","2":"type-product","3":"status-publish","4":"has-post-thumbnail","6":"product_brand-tessilmare-hr","7":"product_cat-bokobrani-za-dokove","9":"first","10":"instock","11":"shipping-taxable","12":"purchasable","13":"product-type-simple"},"_links":{"self":[{"href":"https:\/\/stoic-curie.212-227-153-4.plesk.page\/hr\/wp-json\/wp\/v2\/product\/740957","targetHints":{"allow":["GET"]}}],"collection":[{"href":"https:\/\/stoic-curie.212-227-153-4.plesk.page\/hr\/wp-json\/wp\/v2\/product"}],"about":[{"href":"https:\/\/stoic-curie.212-227-153-4.plesk.page\/hr\/wp-json\/wp\/v2\/types\/product"}],"replies":[{"embeddable":true,"href":"https:\/\/stoic-curie.212-227-153-4.plesk.page\/hr\/wp-json\/wp\/v2\/comments?post=740957"}],"version-history":[{"count":0,"href":"https:\/\/stoic-curie.212-227-153-4.plesk.page\/hr\/wp-json\/wp\/v2\/product\/740957\/revisions"}],"wp:featuredmedia":[{"embeddable":true,"href":"https:\/\/stoic-curie.212-227-153-4.plesk.page\/hr\/wp-json\/wp\/v2\/media\/5940166"}],"wp:attachment":[{"href":"https:\/\/stoic-curie.212-227-153-4.plesk.page\/hr\/wp-json\/wp\/v2\/media?parent=740957"}],"wp:term":[{"taxonomy":"product_brand","embeddable":true,"href":"https:\/\/stoic-curie.212-227-153-4.plesk.page\/hr\/wp-json\/wp\/v2\/product_brand?post=740957"},{"taxonomy":"product_cat","embeddable":true,"href":"https:\/\/stoic-curie.212-227-153-4.plesk.page\/hr\/wp-json\/wp\/v2\/product_cat?post=740957"},{"taxonomy":"product_tag","embeddable":true,"href":"https:\/\/stoic-curie.212-227-153-4.plesk.page\/hr\/wp-json\/wp\/v2\/product_tag?post=740957"}],"curies":[{"name":"wp","href":"https:\/\/api.w.org\/{rel}","templated":true}]}}