{"id":740962,"date":"2025-03-03T18:12:08","date_gmt":"2025-03-03T17:12:08","guid":{"rendered":"https:\/\/stoic-curie.212-227-153-4.plesk.page\/producto\/zavrsni-profil-crni-35-5mm-15mt\/"},"modified":"2026-02-25T00:00:49","modified_gmt":"2026-02-25T00:00:49","slug":"zavrsni-profil-crni-35-5mm-15mt","status":"publish","type":"product","link":"https:\/\/stoic-curie.212-227-153-4.plesk.page\/hr\/product\/zavrsni-profil-crni-35-5mm-15mt\/","title":{"rendered":"Zavr\u0161ni profil crni 3,5 &#8211; 5mm 15mt"},"content":{"rendered":"<p>Zavr\u0161ni profil crni 3,5 &#8211; 5mm 15mt &#8211; <\/p>\n<p>Trim-Lok profil za za\u0161titu i zavr\u0161etak rubova i kutova. Lako se montira zahvaljuju\u0107i fleksibilnoj PVC strukturi s segmentiranim aluminijskim sredi\u0161tem koje se prilago\u0111ava obliku rubova koji treba pokriti. Zaklju\u010dna kop\u010da osigurava savr\u0161eno brtvljenje \u010dak i bez ljepila. Pakiranje od 15 metara.<\/p>\n","protected":false},"excerpt":{"rendered":"<p>Zavr\u0161ni profil crni 3,5 &#8211; 5mm 15mt &#8211; Trim-Lok profil za za\u0161titu i zavr\u0161etak rubova i kutova. Lako se montira<\/p>\n","protected":false},"featured_media":5940168,"comment_status":"open","ping_status":"closed","template":"","meta":[],"product_brand":[3481],"product_cat":[1852],"product_tag":[],"class_list":{"0":"post-740962","1":"product","2":"type-product","3":"status-publish","4":"has-post-thumbnail","6":"product_brand-tessilmare-hr","7":"product_cat-profili-za-bokobrane","9":"first","10":"instock","11":"shipping-taxable","12":"purchasable","13":"product-type-simple"},"_links":{"self":[{"href":"https:\/\/stoic-curie.212-227-153-4.plesk.page\/hr\/wp-json\/wp\/v2\/product\/740962","targetHints":{"allow":["GET"]}}],"collection":[{"href":"https:\/\/stoic-curie.212-227-153-4.plesk.page\/hr\/wp-json\/wp\/v2\/product"}],"about":[{"href":"https:\/\/stoic-curie.212-227-153-4.plesk.page\/hr\/wp-json\/wp\/v2\/types\/product"}],"replies":[{"embeddable":true,"href":"https:\/\/stoic-curie.212-227-153-4.plesk.page\/hr\/wp-json\/wp\/v2\/comments?post=740962"}],"version-history":[{"count":0,"href":"https:\/\/stoic-curie.212-227-153-4.plesk.page\/hr\/wp-json\/wp\/v2\/product\/740962\/revisions"}],"wp:featuredmedia":[{"embeddable":true,"href":"https:\/\/stoic-curie.212-227-153-4.plesk.page\/hr\/wp-json\/wp\/v2\/media\/5940168"}],"wp:attachment":[{"href":"https:\/\/stoic-curie.212-227-153-4.plesk.page\/hr\/wp-json\/wp\/v2\/media?parent=740962"}],"wp:term":[{"taxonomy":"product_brand","embeddable":true,"href":"https:\/\/stoic-curie.212-227-153-4.plesk.page\/hr\/wp-json\/wp\/v2\/product_brand?post=740962"},{"taxonomy":"product_cat","embeddable":true,"href":"https:\/\/stoic-curie.212-227-153-4.plesk.page\/hr\/wp-json\/wp\/v2\/product_cat?post=740962"},{"taxonomy":"product_tag","embeddable":true,"href":"https:\/\/stoic-curie.212-227-153-4.plesk.page\/hr\/wp-json\/wp\/v2\/product_tag?post=740962"}],"curies":[{"name":"wp","href":"https:\/\/api.w.org\/{rel}","templated":true}]}}