{"id":740968,"date":"2025-03-03T18:12:10","date_gmt":"2025-03-03T17:12:10","guid":{"rendered":"https:\/\/stoic-curie.212-227-153-4.plesk.page\/producto\/saralon-poklopci-280-x-381-mm\/"},"modified":"2026-02-25T00:00:49","modified_gmt":"2026-02-25T00:00:49","slug":"saralon-poklopci-280-x-381-mm","status":"publish","type":"product","link":"https:\/\/stoic-curie.212-227-153-4.plesk.page\/hr\/product\/saralon-poklopci-280-x-381-mm\/","title":{"rendered":"Saralon poklopci 280 x 381 mm"},"content":{"rendered":"<p>Saralon poklopci 280 x 381 mm &#8211; <\/p>\n<p>Almost indistructible Saralon poli propilenski hatch door. Hoda, otpornik na udarce i ne mo\u017ee biti o\u0161te\u0107en UV zra\u010denjem, otapalima i gorivima. Otvaranje od 180\u00b0 s nehr\u0111aju\u0107im \u010delicima. Ugra\u0111ena brtva osigurava savr\u0161eno vodonepropusno zaptivanje. Monta\u017ea na palubi ili pregradi. CE certificirano.<\/p>\n","protected":false},"excerpt":{"rendered":"<p>Saralon poklopci 280 x 381 mm &#8211; Almost indistructible Saralon poli propilenski hatch door. Hoda, otpornik na udarce i ne<\/p>\n","protected":false},"featured_media":5940198,"comment_status":"open","ping_status":"closed","template":"","meta":[],"product_brand":[3036],"product_cat":[1695],"product_tag":[],"class_list":{"0":"post-740968","1":"product","2":"type-product","3":"status-publish","4":"has-post-thumbnail","6":"product_brand-jba-marine-hr","7":"product_cat-brodski-plasticni-otvori","9":"first","10":"instock","11":"shipping-taxable","12":"purchasable","13":"product-type-simple"},"_links":{"self":[{"href":"https:\/\/stoic-curie.212-227-153-4.plesk.page\/hr\/wp-json\/wp\/v2\/product\/740968","targetHints":{"allow":["GET"]}}],"collection":[{"href":"https:\/\/stoic-curie.212-227-153-4.plesk.page\/hr\/wp-json\/wp\/v2\/product"}],"about":[{"href":"https:\/\/stoic-curie.212-227-153-4.plesk.page\/hr\/wp-json\/wp\/v2\/types\/product"}],"replies":[{"embeddable":true,"href":"https:\/\/stoic-curie.212-227-153-4.plesk.page\/hr\/wp-json\/wp\/v2\/comments?post=740968"}],"version-history":[{"count":0,"href":"https:\/\/stoic-curie.212-227-153-4.plesk.page\/hr\/wp-json\/wp\/v2\/product\/740968\/revisions"}],"wp:featuredmedia":[{"embeddable":true,"href":"https:\/\/stoic-curie.212-227-153-4.plesk.page\/hr\/wp-json\/wp\/v2\/media\/5940198"}],"wp:attachment":[{"href":"https:\/\/stoic-curie.212-227-153-4.plesk.page\/hr\/wp-json\/wp\/v2\/media?parent=740968"}],"wp:term":[{"taxonomy":"product_brand","embeddable":true,"href":"https:\/\/stoic-curie.212-227-153-4.plesk.page\/hr\/wp-json\/wp\/v2\/product_brand?post=740968"},{"taxonomy":"product_cat","embeddable":true,"href":"https:\/\/stoic-curie.212-227-153-4.plesk.page\/hr\/wp-json\/wp\/v2\/product_cat?post=740968"},{"taxonomy":"product_tag","embeddable":true,"href":"https:\/\/stoic-curie.212-227-153-4.plesk.page\/hr\/wp-json\/wp\/v2\/product_tag?post=740968"}],"curies":[{"name":"wp","href":"https:\/\/api.w.org\/{rel}","templated":true}]}}