{"id":740972,"date":"2025-03-03T18:12:11","date_gmt":"2025-03-03T17:12:11","guid":{"rendered":"https:\/\/stoic-curie.212-227-153-4.plesk.page\/producto\/poklopac-od-anodiziranog-aluminija-bijeli-460-x-510-mm\/"},"modified":"2026-02-25T00:00:49","modified_gmt":"2026-02-25T00:00:49","slug":"poklopac-od-anodiziranog-aluminija-bijeli-460-x-510-mm","status":"publish","type":"product","link":"https:\/\/stoic-curie.212-227-153-4.plesk.page\/hr\/product\/poklopac-od-anodiziranog-aluminija-bijeli-460-x-510-mm\/","title":{"rendered":"Poklopac od anodiziranog aluminija, bijeli, 460 x 510 mm"},"content":{"rendered":"<p>Poklopac od anodiziranog aluminija, bijeli, 460 x 510 mm &#8211; <\/p>\n<p style=\"color: rgb(34, 34, 34); font-family: Arial, Helvetica, sans-serif; font-size: small;\">Bijeli anodizirani aluminijski pristupni otvor<\/p>\n<p style=\"color: rgb(34, 34, 34); font-family: Arial, Helvetica, sans-serif; font-size: small;\">Ovaj veliki pristupni otvor dizajniran je za izdr\u017eljivost i otpornost. Izra\u0111en je od \u010dvrstog, udarno otpornog aluminija, s vodootpornom konstrukcijom i elegantnim zavr\u0161etkom. Otvor uklju\u010duje konusne rupe za jednostavnu ugradnju.<\/p>\n<p style=\"color: rgb(34, 34, 34); font-family: Arial, Helvetica, sans-serif; font-size: small;\">Boja: Bijela<br \/>Debljina materijala: 6 mm<br \/>Promjer rupa: 6,8 mm<\/p>\n<p style=\"color: rgb(34, 34, 34); font-family: Arial, Helvetica, sans-serif; font-size: small;\">Va\u017ena napomena:<br \/>Galvanske struje mogu ozbiljno o\u0161tetiti aluminijske otvore. Uvijek postavite otvor s anodom kako biste ga za\u0161titili. Tijekom ugradnje koristite samo aluminijske zakovice kako biste izbjegli koroziju. Ako trebate koristiti vijke od nehr\u0111aju\u0107eg \u010delika, obavezno iskoristite uklju\u010dene plasti\u010dne o\u010di.<br \/>Vanjske dimenzije: 510 x 460 mm<br \/>Unutarnje dimenzije: 400 x 345 mm<br \/>Boja: Bijela 9010<br \/>Materijal: Aluminij<\/p>\n","protected":false},"excerpt":{"rendered":"<p>Poklopac od anodiziranog aluminija, bijeli, 460 x 510 mm &#8211; Bijeli anodizirani aluminijski pristupni otvor Ovaj veliki pristupni otvor dizajniran<\/p>\n","protected":false},"featured_media":5940204,"comment_status":"open","ping_status":"closed","template":"","meta":[],"product_brand":[2861],"product_cat":[1702],"product_tag":[],"class_list":{"0":"post-740972","1":"product","2":"type-product","3":"status-publish","4":"has-post-thumbnail","6":"product_brand-ceredi-hr","7":"product_cat-brodske-grotlasca-i-otvori","9":"first","10":"instock","11":"shipping-taxable","12":"purchasable","13":"product-type-simple"},"_links":{"self":[{"href":"https:\/\/stoic-curie.212-227-153-4.plesk.page\/hr\/wp-json\/wp\/v2\/product\/740972","targetHints":{"allow":["GET"]}}],"collection":[{"href":"https:\/\/stoic-curie.212-227-153-4.plesk.page\/hr\/wp-json\/wp\/v2\/product"}],"about":[{"href":"https:\/\/stoic-curie.212-227-153-4.plesk.page\/hr\/wp-json\/wp\/v2\/types\/product"}],"replies":[{"embeddable":true,"href":"https:\/\/stoic-curie.212-227-153-4.plesk.page\/hr\/wp-json\/wp\/v2\/comments?post=740972"}],"version-history":[{"count":0,"href":"https:\/\/stoic-curie.212-227-153-4.plesk.page\/hr\/wp-json\/wp\/v2\/product\/740972\/revisions"}],"wp:featuredmedia":[{"embeddable":true,"href":"https:\/\/stoic-curie.212-227-153-4.plesk.page\/hr\/wp-json\/wp\/v2\/media\/5940204"}],"wp:attachment":[{"href":"https:\/\/stoic-curie.212-227-153-4.plesk.page\/hr\/wp-json\/wp\/v2\/media?parent=740972"}],"wp:term":[{"taxonomy":"product_brand","embeddable":true,"href":"https:\/\/stoic-curie.212-227-153-4.plesk.page\/hr\/wp-json\/wp\/v2\/product_brand?post=740972"},{"taxonomy":"product_cat","embeddable":true,"href":"https:\/\/stoic-curie.212-227-153-4.plesk.page\/hr\/wp-json\/wp\/v2\/product_cat?post=740972"},{"taxonomy":"product_tag","embeddable":true,"href":"https:\/\/stoic-curie.212-227-153-4.plesk.page\/hr\/wp-json\/wp\/v2\/product_tag?post=740972"}],"curies":[{"name":"wp","href":"https:\/\/api.w.org\/{rel}","templated":true}]}}