{"id":740973,"date":"2025-03-03T18:12:11","date_gmt":"2025-03-03T17:12:11","guid":{"rendered":"https:\/\/stoic-curie.212-227-153-4.plesk.page\/producto\/poklopac-od-anodiziranog-aluminija-sivi-460-x-510-mm\/"},"modified":"2026-02-25T00:00:49","modified_gmt":"2026-02-25T00:00:49","slug":"poklopac-od-anodiziranog-aluminija-sivi-460-x-510-mm","status":"publish","type":"product","link":"https:\/\/stoic-curie.212-227-153-4.plesk.page\/hr\/product\/poklopac-od-anodiziranog-aluminija-sivi-460-x-510-mm\/","title":{"rendered":"Poklopac od anodiziranog aluminija, sivi, 460 x 510 mm"},"content":{"rendered":"<p>Poklopac od anodiziranog aluminija, sivi, 460 x 510 mm &#8211; <\/p>\n<p>Siva anodizirana aluminijska pristupna vrata<\/p>\n<p>Ova prostrana pristupna vrata dizajnirana su za snagu i dugovje\u010dnost. Izra\u0111ena od robusnog, udarno otpornog aluminija, ima vodonepropusni dizajn i elegantan fini\u0161. Vrata su opremljena konusnim aluminijskim rupama za jednostavnu instalaciju.<\/p>\n<p>Boja: Siva<br \/>Debljina materijala: 6 mm<br \/>Promjer rupa: 6,8 mm<\/p>\n<p>Va\u017ena napomena:<br \/>Galvanske struje mogu zna\u010dajno o\u0161tetiti aluminijska vrata. Uvijek osigurajte da su vrata postavljena s anodom za za\u0161titu. Za instalaciju koristite isklju\u010divo aluminijske zakovice kako biste sprije\u010dili koroziju. Ako su potrebni vijci od nehr\u0111aju\u0107eg \u010delika, obavezno koristite plasti\u010dne okove koji su prilo\u017eeni.<\/p>\n<p>Vanjske dimenzije: 510 x 460 mm<br \/>Unutarnje dimenzije: 400 x 345 mm<br \/>Materijal: Aluminij<\/p>\n","protected":false},"excerpt":{"rendered":"<p>Poklopac od anodiziranog aluminija, sivi, 460 x 510 mm &#8211; Siva anodizirana aluminijska pristupna vrata Ova prostrana pristupna vrata dizajnirana<\/p>\n","protected":false},"featured_media":5940206,"comment_status":"open","ping_status":"closed","template":"","meta":[],"product_brand":[2861],"product_cat":[1702],"product_tag":[],"class_list":{"0":"post-740973","1":"product","2":"type-product","3":"status-publish","4":"has-post-thumbnail","6":"product_brand-ceredi-hr","7":"product_cat-brodske-grotlasca-i-otvori","9":"first","10":"instock","11":"shipping-taxable","12":"purchasable","13":"product-type-simple"},"_links":{"self":[{"href":"https:\/\/stoic-curie.212-227-153-4.plesk.page\/hr\/wp-json\/wp\/v2\/product\/740973","targetHints":{"allow":["GET"]}}],"collection":[{"href":"https:\/\/stoic-curie.212-227-153-4.plesk.page\/hr\/wp-json\/wp\/v2\/product"}],"about":[{"href":"https:\/\/stoic-curie.212-227-153-4.plesk.page\/hr\/wp-json\/wp\/v2\/types\/product"}],"replies":[{"embeddable":true,"href":"https:\/\/stoic-curie.212-227-153-4.plesk.page\/hr\/wp-json\/wp\/v2\/comments?post=740973"}],"version-history":[{"count":0,"href":"https:\/\/stoic-curie.212-227-153-4.plesk.page\/hr\/wp-json\/wp\/v2\/product\/740973\/revisions"}],"wp:featuredmedia":[{"embeddable":true,"href":"https:\/\/stoic-curie.212-227-153-4.plesk.page\/hr\/wp-json\/wp\/v2\/media\/5940206"}],"wp:attachment":[{"href":"https:\/\/stoic-curie.212-227-153-4.plesk.page\/hr\/wp-json\/wp\/v2\/media?parent=740973"}],"wp:term":[{"taxonomy":"product_brand","embeddable":true,"href":"https:\/\/stoic-curie.212-227-153-4.plesk.page\/hr\/wp-json\/wp\/v2\/product_brand?post=740973"},{"taxonomy":"product_cat","embeddable":true,"href":"https:\/\/stoic-curie.212-227-153-4.plesk.page\/hr\/wp-json\/wp\/v2\/product_cat?post=740973"},{"taxonomy":"product_tag","embeddable":true,"href":"https:\/\/stoic-curie.212-227-153-4.plesk.page\/hr\/wp-json\/wp\/v2\/product_tag?post=740973"}],"curies":[{"name":"wp","href":"https:\/\/api.w.org\/{rel}","templated":true}]}}