{"id":740976,"date":"2025-03-03T18:12:12","date_gmt":"2025-03-03T17:12:12","guid":{"rendered":"https:\/\/stoic-curie.212-227-153-4.plesk.page\/producto\/spremnici-za-gorivo-eltex-28-l-450-x-390-x-200-mm\/"},"modified":"2026-02-25T00:00:50","modified_gmt":"2026-02-25T00:00:50","slug":"spremnici-za-gorivo-eltex-28-l-450-x-390-x-200-mm","status":"publish","type":"product","link":"https:\/\/stoic-curie.212-227-153-4.plesk.page\/hr\/product\/spremnici-za-gorivo-eltex-28-l-450-x-390-x-200-mm\/","title":{"rendered":"Spremnici za gorivo Eltex 28 L 450 x 390 x 200 mm"},"content":{"rendered":"<p>Spremnici za gorivo Eltex 28 L 450 x 390 x 200 mm &#8211; <\/p>\n<p>Eltex rezervoari goriva s inspekcijskim prozorom, ventil za otpu\u0161tanje 17-19 mm, cijev za uranjanje goriva 12 mm i navojni poklopac. Treba ga dodatno opremiti ulazom 38\/50\/60 mm. CE-ISO 21487 certificiran. Visina pri\u010dvr\u0161\u0107iva\u010da prozora je 85 mm.<\/p>\n","protected":false},"excerpt":{"rendered":"<p>Spremnici za gorivo Eltex 28 L 450 x 390 x 200 mm &#8211; Eltex rezervoari goriva s inspekcijskim prozorom, ventil<\/p>\n","protected":false},"featured_media":5940222,"comment_status":"open","ping_status":"closed","template":"","meta":[],"product_brand":[2856],"product_cat":[1827,1800],"product_tag":[],"class_list":{"0":"post-740976","1":"product","2":"type-product","3":"status-publish","4":"has-post-thumbnail","6":"product_brand-can-marine-hr","7":"product_cat-dodatna-oprema-za-vanbrodske-motore","8":"product_cat-spremnici-goriva","10":"first","11":"instock","12":"shipping-taxable","13":"purchasable","14":"product-type-simple"},"_links":{"self":[{"href":"https:\/\/stoic-curie.212-227-153-4.plesk.page\/hr\/wp-json\/wp\/v2\/product\/740976","targetHints":{"allow":["GET"]}}],"collection":[{"href":"https:\/\/stoic-curie.212-227-153-4.plesk.page\/hr\/wp-json\/wp\/v2\/product"}],"about":[{"href":"https:\/\/stoic-curie.212-227-153-4.plesk.page\/hr\/wp-json\/wp\/v2\/types\/product"}],"replies":[{"embeddable":true,"href":"https:\/\/stoic-curie.212-227-153-4.plesk.page\/hr\/wp-json\/wp\/v2\/comments?post=740976"}],"version-history":[{"count":0,"href":"https:\/\/stoic-curie.212-227-153-4.plesk.page\/hr\/wp-json\/wp\/v2\/product\/740976\/revisions"}],"wp:featuredmedia":[{"embeddable":true,"href":"https:\/\/stoic-curie.212-227-153-4.plesk.page\/hr\/wp-json\/wp\/v2\/media\/5940222"}],"wp:attachment":[{"href":"https:\/\/stoic-curie.212-227-153-4.plesk.page\/hr\/wp-json\/wp\/v2\/media?parent=740976"}],"wp:term":[{"taxonomy":"product_brand","embeddable":true,"href":"https:\/\/stoic-curie.212-227-153-4.plesk.page\/hr\/wp-json\/wp\/v2\/product_brand?post=740976"},{"taxonomy":"product_cat","embeddable":true,"href":"https:\/\/stoic-curie.212-227-153-4.plesk.page\/hr\/wp-json\/wp\/v2\/product_cat?post=740976"},{"taxonomy":"product_tag","embeddable":true,"href":"https:\/\/stoic-curie.212-227-153-4.plesk.page\/hr\/wp-json\/wp\/v2\/product_tag?post=740976"}],"curies":[{"name":"wp","href":"https:\/\/api.w.org\/{rel}","templated":true}]}}