{"id":740994,"date":"2025-03-03T18:12:16","date_gmt":"2025-03-03T17:12:16","guid":{"rendered":"https:\/\/stoic-curie.212-227-153-4.plesk.page\/producto\/spremnik-za-gorivo-od-nehrdajuceg-celika-vertikalni-21-l-400-x-170-x-h320-mm\/"},"modified":"2026-02-25T00:00:50","modified_gmt":"2026-02-25T00:00:50","slug":"spremnik-za-gorivo-od-nehrdajuceg-celika-vertikalni-21-l-400-x-170-x-h320-mm","status":"publish","type":"product","link":"https:\/\/stoic-curie.212-227-153-4.plesk.page\/hr\/product\/spremnik-za-gorivo-od-nehrdajuceg-celika-vertikalni-21-l-400-x-170-x-h320-mm\/","title":{"rendered":"Spremnik za gorivo od nehr\u0111aju\u0107eg \u010delika vertikalni 21 L (400 x 170 x H320 mm)"},"content":{"rendered":"<p>Spremnik za gorivo od nehr\u0111aju\u0107eg \u010delika vertikalni 21 L (400 x 170 x H320 mm) &#8211; <\/p>\n<p>Uske posude od nehr\u0111aju\u0107eg \u010delika s poklopcem, ventilacija cijevi na crijevo od 16 mm i 2&#215;10 mm priklju\u010dci za gorivo od cijevi na crijevo.<\/p>\n","protected":false},"excerpt":{"rendered":"<p>Spremnik za gorivo od nehr\u0111aju\u0107eg \u010delika vertikalni 21 L (400 x 170 x H320 mm) &#8211; Uske posude od nehr\u0111aju\u0107eg<\/p>\n","protected":false},"featured_media":5940261,"comment_status":"open","ping_status":"closed","template":"","meta":[],"product_brand":[2856],"product_cat":[1800],"product_tag":[],"class_list":{"0":"post-740994","1":"product","2":"type-product","3":"status-publish","4":"has-post-thumbnail","6":"product_brand-can-marine-hr","7":"product_cat-spremnici-goriva","9":"first","10":"instock","11":"shipping-taxable","12":"purchasable","13":"product-type-simple"},"_links":{"self":[{"href":"https:\/\/stoic-curie.212-227-153-4.plesk.page\/hr\/wp-json\/wp\/v2\/product\/740994","targetHints":{"allow":["GET"]}}],"collection":[{"href":"https:\/\/stoic-curie.212-227-153-4.plesk.page\/hr\/wp-json\/wp\/v2\/product"}],"about":[{"href":"https:\/\/stoic-curie.212-227-153-4.plesk.page\/hr\/wp-json\/wp\/v2\/types\/product"}],"replies":[{"embeddable":true,"href":"https:\/\/stoic-curie.212-227-153-4.plesk.page\/hr\/wp-json\/wp\/v2\/comments?post=740994"}],"version-history":[{"count":0,"href":"https:\/\/stoic-curie.212-227-153-4.plesk.page\/hr\/wp-json\/wp\/v2\/product\/740994\/revisions"}],"wp:featuredmedia":[{"embeddable":true,"href":"https:\/\/stoic-curie.212-227-153-4.plesk.page\/hr\/wp-json\/wp\/v2\/media\/5940261"}],"wp:attachment":[{"href":"https:\/\/stoic-curie.212-227-153-4.plesk.page\/hr\/wp-json\/wp\/v2\/media?parent=740994"}],"wp:term":[{"taxonomy":"product_brand","embeddable":true,"href":"https:\/\/stoic-curie.212-227-153-4.plesk.page\/hr\/wp-json\/wp\/v2\/product_brand?post=740994"},{"taxonomy":"product_cat","embeddable":true,"href":"https:\/\/stoic-curie.212-227-153-4.plesk.page\/hr\/wp-json\/wp\/v2\/product_cat?post=740994"},{"taxonomy":"product_tag","embeddable":true,"href":"https:\/\/stoic-curie.212-227-153-4.plesk.page\/hr\/wp-json\/wp\/v2\/product_tag?post=740994"}],"curies":[{"name":"wp","href":"https:\/\/api.w.org\/{rel}","templated":true}]}}