{"id":740995,"date":"2025-03-03T18:12:16","date_gmt":"2025-03-03T17:12:16","guid":{"rendered":"https:\/\/stoic-curie.212-227-153-4.plesk.page\/producto\/elektromagnetski-ventil-za-gorivo-solenoid-9300-12v\/"},"modified":"2026-02-25T00:00:50","modified_gmt":"2026-02-25T00:00:50","slug":"elektromagnetski-ventil-za-gorivo-solenoid-9300-12v","status":"publish","type":"product","link":"https:\/\/stoic-curie.212-227-153-4.plesk.page\/hr\/product\/elektromagnetski-ventil-za-gorivo-solenoid-9300-12v\/","title":{"rendered":"Elektromagnetski ventil za gorivo, solenoid, 9300 12V"},"content":{"rendered":"<p>Elektromagnetski ventil za gorivo, solenoid, 9300 12V &#8211; <\/p>\n<p>Elektri\u010dni ventil za isklju\u010divanje goriva s ru\u010dnom sigurnosnom bravom i navojnim priklju\u010dcima, koji se treba dovr\u0161iti sa spojnicama.<\/p>\n","protected":false},"excerpt":{"rendered":"<p>Elektromagnetski ventil za gorivo, solenoid, 9300 12V &#8211; Elektri\u010dni ventil za isklju\u010divanje goriva s ru\u010dnom sigurnosnom bravom i navojnim priklju\u010dcima,<\/p>\n","protected":false},"featured_media":5940267,"comment_status":"open","ping_status":"closed","template":"","meta":[],"product_brand":[3141],"product_cat":[1787,1800],"product_tag":[],"class_list":{"0":"post-740995","1":"product","2":"type-product","3":"status-publish","4":"has-post-thumbnail","6":"product_brand-matromarine-hr","7":"product_cat-pumpe-za-naftu-i-gorivo","8":"product_cat-spremnici-goriva","10":"first","11":"instock","12":"shipping-taxable","13":"purchasable","14":"product-type-simple"},"_links":{"self":[{"href":"https:\/\/stoic-curie.212-227-153-4.plesk.page\/hr\/wp-json\/wp\/v2\/product\/740995","targetHints":{"allow":["GET"]}}],"collection":[{"href":"https:\/\/stoic-curie.212-227-153-4.plesk.page\/hr\/wp-json\/wp\/v2\/product"}],"about":[{"href":"https:\/\/stoic-curie.212-227-153-4.plesk.page\/hr\/wp-json\/wp\/v2\/types\/product"}],"replies":[{"embeddable":true,"href":"https:\/\/stoic-curie.212-227-153-4.plesk.page\/hr\/wp-json\/wp\/v2\/comments?post=740995"}],"version-history":[{"count":0,"href":"https:\/\/stoic-curie.212-227-153-4.plesk.page\/hr\/wp-json\/wp\/v2\/product\/740995\/revisions"}],"wp:featuredmedia":[{"embeddable":true,"href":"https:\/\/stoic-curie.212-227-153-4.plesk.page\/hr\/wp-json\/wp\/v2\/media\/5940267"}],"wp:attachment":[{"href":"https:\/\/stoic-curie.212-227-153-4.plesk.page\/hr\/wp-json\/wp\/v2\/media?parent=740995"}],"wp:term":[{"taxonomy":"product_brand","embeddable":true,"href":"https:\/\/stoic-curie.212-227-153-4.plesk.page\/hr\/wp-json\/wp\/v2\/product_brand?post=740995"},{"taxonomy":"product_cat","embeddable":true,"href":"https:\/\/stoic-curie.212-227-153-4.plesk.page\/hr\/wp-json\/wp\/v2\/product_cat?post=740995"},{"taxonomy":"product_tag","embeddable":true,"href":"https:\/\/stoic-curie.212-227-153-4.plesk.page\/hr\/wp-json\/wp\/v2\/product_tag?post=740995"}],"curies":[{"name":"wp","href":"https:\/\/api.w.org\/{rel}","templated":true}]}}