{"id":741004,"date":"2025-03-03T18:12:18","date_gmt":"2025-03-03T17:12:18","guid":{"rendered":"https:\/\/stoic-curie.212-227-153-4.plesk.page\/producto\/filtar-za-benzin-ancor-b-100-100lt-h\/"},"modified":"2026-02-25T00:00:50","modified_gmt":"2026-02-25T00:00:50","slug":"filtar-za-benzin-ancor-b-100-100lt-h","status":"publish","type":"product","link":"https:\/\/stoic-curie.212-227-153-4.plesk.page\/hr\/product\/filtar-za-benzin-ancor-b-100-100lt-h\/","title":{"rendered":"Filtar za benzin Ancor b-100 100lt \/ h"},"content":{"rendered":"<p>Filtar za benzin Ancor b-100 100lt \/ h &#8211; <\/p>\n<p>Filter za benzin s prozirnom posudom i ventilom za ispu\u0161tanje. Dolazi s vi\u0161ekratnim papirnim ulo\u0161kom filtra.<\/p>\n","protected":false},"excerpt":{"rendered":"<p>Filtar za benzin Ancor b-100 100lt \/ h &#8211; Filter za benzin s prozirnom posudom i ventilom za ispu\u0161tanje. Dolazi<\/p>\n","protected":false},"featured_media":5940289,"comment_status":"open","ping_status":"closed","template":"","meta":[],"product_brand":[2781],"product_cat":[1797],"product_tag":[],"class_list":{"0":"post-741004","1":"product","2":"type-product","3":"status-publish","4":"has-post-thumbnail","6":"product_brand-ancor-marine-hr","7":"product_cat-filtri-separatora-vode-za-gorivo","9":"first","10":"instock","11":"shipping-taxable","12":"purchasable","13":"product-type-simple"},"_links":{"self":[{"href":"https:\/\/stoic-curie.212-227-153-4.plesk.page\/hr\/wp-json\/wp\/v2\/product\/741004","targetHints":{"allow":["GET"]}}],"collection":[{"href":"https:\/\/stoic-curie.212-227-153-4.plesk.page\/hr\/wp-json\/wp\/v2\/product"}],"about":[{"href":"https:\/\/stoic-curie.212-227-153-4.plesk.page\/hr\/wp-json\/wp\/v2\/types\/product"}],"replies":[{"embeddable":true,"href":"https:\/\/stoic-curie.212-227-153-4.plesk.page\/hr\/wp-json\/wp\/v2\/comments?post=741004"}],"version-history":[{"count":0,"href":"https:\/\/stoic-curie.212-227-153-4.plesk.page\/hr\/wp-json\/wp\/v2\/product\/741004\/revisions"}],"wp:featuredmedia":[{"embeddable":true,"href":"https:\/\/stoic-curie.212-227-153-4.plesk.page\/hr\/wp-json\/wp\/v2\/media\/5940289"}],"wp:attachment":[{"href":"https:\/\/stoic-curie.212-227-153-4.plesk.page\/hr\/wp-json\/wp\/v2\/media?parent=741004"}],"wp:term":[{"taxonomy":"product_brand","embeddable":true,"href":"https:\/\/stoic-curie.212-227-153-4.plesk.page\/hr\/wp-json\/wp\/v2\/product_brand?post=741004"},{"taxonomy":"product_cat","embeddable":true,"href":"https:\/\/stoic-curie.212-227-153-4.plesk.page\/hr\/wp-json\/wp\/v2\/product_cat?post=741004"},{"taxonomy":"product_tag","embeddable":true,"href":"https:\/\/stoic-curie.212-227-153-4.plesk.page\/hr\/wp-json\/wp\/v2\/product_tag?post=741004"}],"curies":[{"name":"wp","href":"https:\/\/api.w.org\/{rel}","templated":true}]}}