{"id":741005,"date":"2025-03-03T18:12:18","date_gmt":"2025-03-03T17:12:18","guid":{"rendered":"https:\/\/stoic-curie.212-227-153-4.plesk.page\/producto\/filtar-za-dizel-racor-120ap\/"},"modified":"2026-02-25T00:00:50","modified_gmt":"2026-02-25T00:00:50","slug":"filtar-za-dizel-racor-120ap","status":"publish","type":"product","link":"https:\/\/stoic-curie.212-227-153-4.plesk.page\/hr\/product\/filtar-za-dizel-racor-120ap\/","title":{"rendered":"Filtar za dizel Racor 120ap"},"content":{"rendered":"<p>Filtar za dizel Racor 120ap &#8211; <\/p>\n<p>Racor dizelski filteri s AQUABLOC tehnologijom. Visok kapacitet procijenjen (99% u\u010dinkovitosti u odvajanju vode od dizela). Dolazi s 30 mikronskim ulo\u0161kom. Mo\u017ee zamijeniti Griffin Spin-on filtre.<\/p>\n","protected":false},"excerpt":{"rendered":"<p>Filtar za dizel Racor 120ap &#8211; Racor dizelski filteri s AQUABLOC tehnologijom. Visok kapacitet procijenjen (99% u\u010dinkovitosti u odvajanju vode<\/p>\n","protected":false},"featured_media":5940290,"comment_status":"open","ping_status":"closed","template":"","meta":[],"product_brand":[3246],"product_cat":[1797],"product_tag":[],"class_list":{"0":"post-741005","1":"product","2":"type-product","3":"status-publish","4":"has-post-thumbnail","6":"product_brand-parker-racor-hr","7":"product_cat-filtri-separatora-vode-za-gorivo","9":"first","10":"instock","11":"shipping-taxable","12":"purchasable","13":"product-type-simple"},"_links":{"self":[{"href":"https:\/\/stoic-curie.212-227-153-4.plesk.page\/hr\/wp-json\/wp\/v2\/product\/741005","targetHints":{"allow":["GET"]}}],"collection":[{"href":"https:\/\/stoic-curie.212-227-153-4.plesk.page\/hr\/wp-json\/wp\/v2\/product"}],"about":[{"href":"https:\/\/stoic-curie.212-227-153-4.plesk.page\/hr\/wp-json\/wp\/v2\/types\/product"}],"replies":[{"embeddable":true,"href":"https:\/\/stoic-curie.212-227-153-4.plesk.page\/hr\/wp-json\/wp\/v2\/comments?post=741005"}],"version-history":[{"count":0,"href":"https:\/\/stoic-curie.212-227-153-4.plesk.page\/hr\/wp-json\/wp\/v2\/product\/741005\/revisions"}],"wp:featuredmedia":[{"embeddable":true,"href":"https:\/\/stoic-curie.212-227-153-4.plesk.page\/hr\/wp-json\/wp\/v2\/media\/5940290"}],"wp:attachment":[{"href":"https:\/\/stoic-curie.212-227-153-4.plesk.page\/hr\/wp-json\/wp\/v2\/media?parent=741005"}],"wp:term":[{"taxonomy":"product_brand","embeddable":true,"href":"https:\/\/stoic-curie.212-227-153-4.plesk.page\/hr\/wp-json\/wp\/v2\/product_brand?post=741005"},{"taxonomy":"product_cat","embeddable":true,"href":"https:\/\/stoic-curie.212-227-153-4.plesk.page\/hr\/wp-json\/wp\/v2\/product_cat?post=741005"},{"taxonomy":"product_tag","embeddable":true,"href":"https:\/\/stoic-curie.212-227-153-4.plesk.page\/hr\/wp-json\/wp\/v2\/product_tag?post=741005"}],"curies":[{"name":"wp","href":"https:\/\/api.w.org\/{rel}","templated":true}]}}