{"id":741009,"date":"2025-03-03T18:12:19","date_gmt":"2025-03-03T17:12:19","guid":{"rendered":"https:\/\/stoic-curie.212-227-153-4.plesk.page\/producto\/filtar-separator-dizel-voda-separ-2000-18\/"},"modified":"2026-02-25T00:00:50","modified_gmt":"2026-02-25T00:00:50","slug":"filtar-separator-dizel-voda-separ-2000-18","status":"publish","type":"product","link":"https:\/\/stoic-curie.212-227-153-4.plesk.page\/hr\/product\/filtar-separator-dizel-voda-separ-2000-18\/","title":{"rendered":"Filtar dizel Separ SWK 2000\/18"},"content":{"rendered":"<p>Filtar dizel Separ SWK 2000\/18 &#8211; <\/p>\n<p style=\"color: rgb(34, 34, 34); font-family: Arial, Helvetica, sans-serif; font-size: small;\">Separ SWK-2000\/18 filtar slu\u017ei kao separator goriva i vode, s protokom od 285 galona na sat (GPH) iz SWK-2000 serije. Ovaj filtar je dizajniran za jednostavnu ugradnju izravno na dizel motore. Separ 2000 separator vode koristi vi\u0161ecentifugalni sustav koji u\u010dinkovito pro\u010di\u0161\u0107ava dizelsko gorivo uklanjanjem vode i drugih kontaminanata.<\/p>\n<p style=\"color: rgb(34, 34, 34); font-family: Arial, Helvetica, sans-serif; font-size: small;\">Separ morska serija filtara opremljena je deflektorom za\u0161tite od po\u017eara, raznim za\u0161titnim zna\u010dajkama i senzorom vode za pobolj\u0161anu sigurnost. Ve\u0107ina posuda izra\u0111ena je od prozirnog materijala radi lak\u0161eg nadzora, osim filtra 2000\/40, koji ima metalnu posudu i ne zahtijeva deflektor.<\/p>\n<p style=\"color: rgb(34, 34, 34); font-family: Arial, Helvetica, sans-serif; font-size: small;\"><strong>Klju\u010dne zna\u010dajke:<\/strong><\/p>\n<ul style=\"color: rgb(34, 34, 34); font-family: Arial, Helvetica, sans-serif; font-size: small;\">\n<li>U\u010dinkovito uklanja vodu i ne\u010disto\u0107e iz dizelskog goriva.<\/li>\n<li>Funkcija povratnog ispiranja produ\u017eava razmake izme\u0111u promjena elemenata.<\/li>\n<li>Niska otpornost smanjuje tro\u0161enje na pumpama za gorivo i poma\u017ee odr\u017eavanju punih RPM-a.<\/li>\n<li>Svestranost opcija ugradnje s dva ulaza i dva izlaza.<\/li>\n<li>Kompatibilan s B100 biodizelom.<\/li>\n<li>Nudi se s vi\u0161e opcija filtara.<\/li>\n<\/ul>\n<p style=\"color: rgb(34, 34, 34); font-family: Arial, Helvetica, sans-serif; font-size: small;\"><strong>Tehni\u010dke specifikacije:<\/strong><\/p>\n<ul style=\"color: rgb(34, 34, 34); font-family: Arial, Helvetica, sans-serif; font-size: small;\">\n<li>Protok: 285 GPH \/ 1,080 LPH<\/li>\n<li>Otpornost pri maksimalnom protoku s 30 mikronskim elementom: 0.44 in. Hg.<\/li>\n<li>Portovi: 1 1\/16&#8243; &#8211; 12 ravni O-prsten SAE<\/li>\n<li>Boja: bijela<\/li>\n<li>Dolazi s 30 mikronskim elementom<\/li>\n<\/ul>\n","protected":false},"excerpt":{"rendered":"<p>Filtar dizel Separ SWK 2000\/18 &#8211; Separ SWK-2000\/18 filtar slu\u017ei kao separator goriva i vode, s protokom od 285 galona<\/p>\n","protected":false},"featured_media":5940295,"comment_status":"open","ping_status":"closed","template":"","meta":[],"product_brand":[3371],"product_cat":[1797],"product_tag":[],"class_list":{"0":"post-741009","1":"product","2":"type-product","3":"status-publish","4":"has-post-thumbnail","6":"product_brand-separ-hr","7":"product_cat-filtri-separatora-vode-za-gorivo","9":"first","10":"instock","11":"shipping-taxable","12":"purchasable","13":"product-type-simple"},"_links":{"self":[{"href":"https:\/\/stoic-curie.212-227-153-4.plesk.page\/hr\/wp-json\/wp\/v2\/product\/741009","targetHints":{"allow":["GET"]}}],"collection":[{"href":"https:\/\/stoic-curie.212-227-153-4.plesk.page\/hr\/wp-json\/wp\/v2\/product"}],"about":[{"href":"https:\/\/stoic-curie.212-227-153-4.plesk.page\/hr\/wp-json\/wp\/v2\/types\/product"}],"replies":[{"embeddable":true,"href":"https:\/\/stoic-curie.212-227-153-4.plesk.page\/hr\/wp-json\/wp\/v2\/comments?post=741009"}],"version-history":[{"count":0,"href":"https:\/\/stoic-curie.212-227-153-4.plesk.page\/hr\/wp-json\/wp\/v2\/product\/741009\/revisions"}],"wp:featuredmedia":[{"embeddable":true,"href":"https:\/\/stoic-curie.212-227-153-4.plesk.page\/hr\/wp-json\/wp\/v2\/media\/5940295"}],"wp:attachment":[{"href":"https:\/\/stoic-curie.212-227-153-4.plesk.page\/hr\/wp-json\/wp\/v2\/media?parent=741009"}],"wp:term":[{"taxonomy":"product_brand","embeddable":true,"href":"https:\/\/stoic-curie.212-227-153-4.plesk.page\/hr\/wp-json\/wp\/v2\/product_brand?post=741009"},{"taxonomy":"product_cat","embeddable":true,"href":"https:\/\/stoic-curie.212-227-153-4.plesk.page\/hr\/wp-json\/wp\/v2\/product_cat?post=741009"},{"taxonomy":"product_tag","embeddable":true,"href":"https:\/\/stoic-curie.212-227-153-4.plesk.page\/hr\/wp-json\/wp\/v2\/product_tag?post=741009"}],"curies":[{"name":"wp","href":"https:\/\/api.w.org\/{rel}","templated":true}]}}