{"id":741025,"date":"2025-03-03T18:12:23","date_gmt":"2025-03-03T17:12:23","guid":{"rendered":"https:\/\/stoic-curie.212-227-153-4.plesk.page\/producto\/rucice-za-upravljanje-morse-ultraflex-b85\/"},"modified":"2026-02-25T00:00:50","modified_gmt":"2026-02-25T00:00:50","slug":"rucice-za-upravljanje-morse-ultraflex-b85","status":"publish","type":"product","link":"https:\/\/stoic-curie.212-227-153-4.plesk.page\/hr\/product\/rucice-za-upravljanje-morse-ultraflex-b85\/","title":{"rendered":"Rucice za upravljanje Morse Ultraflex B85"},"content":{"rendered":"<p>Rucice za upravljanje Morse Ultraflex B85 &#8211; <\/p>\n<p>Dvostruko djelovanje bo\u010dno montirana upravlja\u010dka poluga s jednim mehanizmom za kontrolu gasa i mjenja\u010da za unutarnje motore. Savr\u0161eno za jedrilice zahvaljuju\u0107i glatkoj poluzi. Koristi C2 \/ C8 \/ C33 \/ MACHZero kontrolne kablove. Uz opcionalni sigurnosni prekida\u010d X12 (4620112), motor se mo\u017ee pokrenuti samo kada je mjenja\u010d isklju\u010den. Opremljen pozitivnim zaklju\u010davanjem u neutralnom polo\u017eaju kako bi se sprije\u010dilo slu\u010dajno uklju\u010divanje brzine.<\/p>\n","protected":false},"excerpt":{"rendered":"<p>Rucice za upravljanje Morse Ultraflex B85 &#8211; Dvostruko djelovanje bo\u010dno montirana upravlja\u010dka poluga s jednim mehanizmom za kontrolu gasa i<\/p>\n","protected":false},"featured_media":5940323,"comment_status":"open","ping_status":"closed","template":"","meta":[],"product_brand":[3501],"product_cat":[1791],"product_tag":[],"class_list":{"0":"post-741025","1":"product","2":"type-product","3":"status-publish","4":"has-post-thumbnail","6":"product_brand-ultraflex-uflex-hr","7":"product_cat-morse-poluge-gasa","9":"first","10":"instock","11":"shipping-taxable","12":"purchasable","13":"product-type-simple"},"_links":{"self":[{"href":"https:\/\/stoic-curie.212-227-153-4.plesk.page\/hr\/wp-json\/wp\/v2\/product\/741025","targetHints":{"allow":["GET"]}}],"collection":[{"href":"https:\/\/stoic-curie.212-227-153-4.plesk.page\/hr\/wp-json\/wp\/v2\/product"}],"about":[{"href":"https:\/\/stoic-curie.212-227-153-4.plesk.page\/hr\/wp-json\/wp\/v2\/types\/product"}],"replies":[{"embeddable":true,"href":"https:\/\/stoic-curie.212-227-153-4.plesk.page\/hr\/wp-json\/wp\/v2\/comments?post=741025"}],"version-history":[{"count":0,"href":"https:\/\/stoic-curie.212-227-153-4.plesk.page\/hr\/wp-json\/wp\/v2\/product\/741025\/revisions"}],"wp:featuredmedia":[{"embeddable":true,"href":"https:\/\/stoic-curie.212-227-153-4.plesk.page\/hr\/wp-json\/wp\/v2\/media\/5940323"}],"wp:attachment":[{"href":"https:\/\/stoic-curie.212-227-153-4.plesk.page\/hr\/wp-json\/wp\/v2\/media?parent=741025"}],"wp:term":[{"taxonomy":"product_brand","embeddable":true,"href":"https:\/\/stoic-curie.212-227-153-4.plesk.page\/hr\/wp-json\/wp\/v2\/product_brand?post=741025"},{"taxonomy":"product_cat","embeddable":true,"href":"https:\/\/stoic-curie.212-227-153-4.plesk.page\/hr\/wp-json\/wp\/v2\/product_cat?post=741025"},{"taxonomy":"product_tag","embeddable":true,"href":"https:\/\/stoic-curie.212-227-153-4.plesk.page\/hr\/wp-json\/wp\/v2\/product_tag?post=741025"}],"curies":[{"name":"wp","href":"https:\/\/api.w.org\/{rel}","templated":true}]}}