{"id":741028,"date":"2025-03-03T18:12:24","date_gmt":"2025-03-03T17:12:24","guid":{"rendered":"https:\/\/stoic-curie.212-227-153-4.plesk.page\/producto\/rucica-za-upravljanje-morse-teleflex-mt3-jednostruka\/"},"modified":"2026-02-25T00:00:50","modified_gmt":"2026-02-25T00:00:50","slug":"rucica-za-upravljanje-morse-teleflex-mt3-jednostruka","status":"publish","type":"product","link":"https:\/\/stoic-curie.212-227-153-4.plesk.page\/hr\/product\/rucica-za-upravljanje-morse-teleflex-mt3-jednostruka\/","title":{"rendered":"Ru\u010dica za upravljanje Morse Teleflex MT3 jednostruka"},"content":{"rendered":"<p>Ru\u010dica za upravljanje Morse Teleflex MT3 jednostruka &#8211; <\/p>\n<p>Upravlja\u010d za gas i mjenja\u010d s dvostrukim djelovanjem za unutarnje i vanbrodske motore. Kromirani le\u017eaj i tijelo od nehr\u0111aju\u0107eg \u010delika, monta\u017ea na vrhu. Koristi C2 \/ C8 \/ C33 \/ MACHZero upravlja\u010dke kabele.<\/p>\n","protected":false},"excerpt":{"rendered":"<p>Ru\u010dica za upravljanje Morse Teleflex MT3 jednostruka &#8211; Upravlja\u010d za gas i mjenja\u010d s dvostrukim djelovanjem za unutarnje i vanbrodske<\/p>\n","protected":false},"featured_media":5940328,"comment_status":"open","ping_status":"closed","template":"","meta":[],"product_brand":[3361],"product_cat":[1791],"product_tag":[],"class_list":{"0":"post-741028","1":"product","2":"type-product","3":"status-publish","4":"has-post-thumbnail","6":"product_brand-seastar-teleflex-hr","7":"product_cat-morse-poluge-gasa","9":"first","10":"instock","11":"shipping-taxable","12":"purchasable","13":"product-type-simple"},"_links":{"self":[{"href":"https:\/\/stoic-curie.212-227-153-4.plesk.page\/hr\/wp-json\/wp\/v2\/product\/741028","targetHints":{"allow":["GET"]}}],"collection":[{"href":"https:\/\/stoic-curie.212-227-153-4.plesk.page\/hr\/wp-json\/wp\/v2\/product"}],"about":[{"href":"https:\/\/stoic-curie.212-227-153-4.plesk.page\/hr\/wp-json\/wp\/v2\/types\/product"}],"replies":[{"embeddable":true,"href":"https:\/\/stoic-curie.212-227-153-4.plesk.page\/hr\/wp-json\/wp\/v2\/comments?post=741028"}],"version-history":[{"count":0,"href":"https:\/\/stoic-curie.212-227-153-4.plesk.page\/hr\/wp-json\/wp\/v2\/product\/741028\/revisions"}],"wp:featuredmedia":[{"embeddable":true,"href":"https:\/\/stoic-curie.212-227-153-4.plesk.page\/hr\/wp-json\/wp\/v2\/media\/5940328"}],"wp:attachment":[{"href":"https:\/\/stoic-curie.212-227-153-4.plesk.page\/hr\/wp-json\/wp\/v2\/media?parent=741028"}],"wp:term":[{"taxonomy":"product_brand","embeddable":true,"href":"https:\/\/stoic-curie.212-227-153-4.plesk.page\/hr\/wp-json\/wp\/v2\/product_brand?post=741028"},{"taxonomy":"product_cat","embeddable":true,"href":"https:\/\/stoic-curie.212-227-153-4.plesk.page\/hr\/wp-json\/wp\/v2\/product_cat?post=741028"},{"taxonomy":"product_tag","embeddable":true,"href":"https:\/\/stoic-curie.212-227-153-4.plesk.page\/hr\/wp-json\/wp\/v2\/product_tag?post=741028"}],"curies":[{"name":"wp","href":"https:\/\/api.w.org\/{rel}","templated":true}]}}