{"id":741032,"date":"2025-03-03T18:12:25","date_gmt":"2025-03-03T17:12:25","guid":{"rendered":"https:\/\/stoic-curie.212-227-153-4.plesk.page\/producto\/ultraflex-t73nrfc-ukormilarski-uredaj\/"},"modified":"2026-02-25T00:00:50","modified_gmt":"2026-02-25T00:00:50","slug":"ultraflex-t73nrfc-ukormilarski-uredaj","status":"publish","type":"product","link":"https:\/\/stoic-curie.212-227-153-4.plesk.page\/hr\/product\/ultraflex-t73nrfc-ukormilarski-uredaj\/","title":{"rendered":"Ultraflex T73NRFC ukormilarski ure\u0111aj"},"content":{"rendered":"<p>Ultraflex T73NRFC ukormilarski ure\u0111aj &#8211; <\/p>\n<p>Profesionalni rotacijski upravlja\u010di T71FC\/T73NRFC za brodove s vanbrodskim, unutarnjim i zadnjim pogonskim motorima do 110 kW (150 HP). Treba ih dovr\u0161iti s M66 ili M90 Mach upravlja\u010dkim kablovima. 3,8 okretaja upravlja\u010da od kraja do kraja. T73NRFC je dizajniran kako bi se sprije\u010dilo povratak upravlja\u010da i odr\u017eao \u017eeljeni kurs.<\/p>\n","protected":false},"excerpt":{"rendered":"<p>Ultraflex T73NRFC ukormilarski ure\u0111aj &#8211; Profesionalni rotacijski upravlja\u010di T71FC\/T73NRFC za brodove s vanbrodskim, unutarnjim i zadnjim pogonskim motorima do 110<\/p>\n","protected":false},"featured_media":5940336,"comment_status":"open","ping_status":"closed","template":"","meta":[],"product_brand":[3501],"product_cat":[1828],"product_tag":[],"class_list":{"0":"post-741032","1":"product","2":"type-product","3":"status-publish","4":"has-post-thumbnail","6":"product_brand-ultraflex-uflex-hr","7":"product_cat-kormilarski-uredaji-sa-sajlom","9":"first","10":"instock","11":"shipping-taxable","12":"purchasable","13":"product-type-simple"},"_links":{"self":[{"href":"https:\/\/stoic-curie.212-227-153-4.plesk.page\/hr\/wp-json\/wp\/v2\/product\/741032","targetHints":{"allow":["GET"]}}],"collection":[{"href":"https:\/\/stoic-curie.212-227-153-4.plesk.page\/hr\/wp-json\/wp\/v2\/product"}],"about":[{"href":"https:\/\/stoic-curie.212-227-153-4.plesk.page\/hr\/wp-json\/wp\/v2\/types\/product"}],"replies":[{"embeddable":true,"href":"https:\/\/stoic-curie.212-227-153-4.plesk.page\/hr\/wp-json\/wp\/v2\/comments?post=741032"}],"version-history":[{"count":0,"href":"https:\/\/stoic-curie.212-227-153-4.plesk.page\/hr\/wp-json\/wp\/v2\/product\/741032\/revisions"}],"wp:featuredmedia":[{"embeddable":true,"href":"https:\/\/stoic-curie.212-227-153-4.plesk.page\/hr\/wp-json\/wp\/v2\/media\/5940336"}],"wp:attachment":[{"href":"https:\/\/stoic-curie.212-227-153-4.plesk.page\/hr\/wp-json\/wp\/v2\/media?parent=741032"}],"wp:term":[{"taxonomy":"product_brand","embeddable":true,"href":"https:\/\/stoic-curie.212-227-153-4.plesk.page\/hr\/wp-json\/wp\/v2\/product_brand?post=741032"},{"taxonomy":"product_cat","embeddable":true,"href":"https:\/\/stoic-curie.212-227-153-4.plesk.page\/hr\/wp-json\/wp\/v2\/product_cat?post=741032"},{"taxonomy":"product_tag","embeddable":true,"href":"https:\/\/stoic-curie.212-227-153-4.plesk.page\/hr\/wp-json\/wp\/v2\/product_tag?post=741032"}],"curies":[{"name":"wp","href":"https:\/\/api.w.org\/{rel}","templated":true}]}}