{"id":741045,"date":"2025-03-03T18:12:28","date_gmt":"2025-03-03T17:12:28","guid":{"rendered":"https:\/\/stoic-curie.212-227-153-4.plesk.page\/producto\/kolo-kormila-od-mahagonija-s-ruckom-od-nehrdajuceg-celika-od-420-mm\/"},"modified":"2026-02-25T00:00:50","modified_gmt":"2026-02-25T00:00:50","slug":"kolo-kormila-od-mahagonija-s-ruckom-od-nehrdajuceg-celika-od-420-mm","status":"publish","type":"product","link":"https:\/\/stoic-curie.212-227-153-4.plesk.page\/hr\/product\/kolo-kormila-od-mahagonija-s-ruckom-od-nehrdajuceg-celika-od-420-mm\/","title":{"rendered":"Kolo kormila od mahagonija s ruckom od nehr\u0111aju\u0107eg \u010delika od 420 mm"},"content":{"rendered":"<p>Kolo kormila od mahagonija s ruckom od nehr\u0111aju\u0107eg \u010delika od 420 mm &#8211; <\/p>\n<p>Kromirani mesingani sredi\u0161nji dio sa kormilom od mahagonija i dr\u0161kom od nehr\u0111aju\u0107eg \u010delika. Sredi\u0161nji dio 19 mm &#8211; 17 mm s utorom od 5 mm \u0161irine.<\/p>\n","protected":false},"excerpt":{"rendered":"<p>Kolo kormila od mahagonija s ruckom od nehr\u0111aju\u0107eg \u010delika od 420 mm &#8211; Kromirani mesingani sredi\u0161nji dio sa kormilom od<\/p>\n","protected":false},"featured_media":5935636,"comment_status":"open","ping_status":"closed","template":"","meta":[],"product_brand":[3331],"product_cat":[1822],"product_tag":[],"class_list":{"0":"post-741045","1":"product","2":"type-product","3":"status-publish","4":"has-post-thumbnail","6":"product_brand-savoretti-hr","7":"product_cat-kola-kormila","9":"first","10":"instock","11":"shipping-taxable","12":"purchasable","13":"product-type-simple"},"_links":{"self":[{"href":"https:\/\/stoic-curie.212-227-153-4.plesk.page\/hr\/wp-json\/wp\/v2\/product\/741045","targetHints":{"allow":["GET"]}}],"collection":[{"href":"https:\/\/stoic-curie.212-227-153-4.plesk.page\/hr\/wp-json\/wp\/v2\/product"}],"about":[{"href":"https:\/\/stoic-curie.212-227-153-4.plesk.page\/hr\/wp-json\/wp\/v2\/types\/product"}],"replies":[{"embeddable":true,"href":"https:\/\/stoic-curie.212-227-153-4.plesk.page\/hr\/wp-json\/wp\/v2\/comments?post=741045"}],"version-history":[{"count":0,"href":"https:\/\/stoic-curie.212-227-153-4.plesk.page\/hr\/wp-json\/wp\/v2\/product\/741045\/revisions"}],"wp:featuredmedia":[{"embeddable":true,"href":"https:\/\/stoic-curie.212-227-153-4.plesk.page\/hr\/wp-json\/wp\/v2\/media\/5935636"}],"wp:attachment":[{"href":"https:\/\/stoic-curie.212-227-153-4.plesk.page\/hr\/wp-json\/wp\/v2\/media?parent=741045"}],"wp:term":[{"taxonomy":"product_brand","embeddable":true,"href":"https:\/\/stoic-curie.212-227-153-4.plesk.page\/hr\/wp-json\/wp\/v2\/product_brand?post=741045"},{"taxonomy":"product_cat","embeddable":true,"href":"https:\/\/stoic-curie.212-227-153-4.plesk.page\/hr\/wp-json\/wp\/v2\/product_cat?post=741045"},{"taxonomy":"product_tag","embeddable":true,"href":"https:\/\/stoic-curie.212-227-153-4.plesk.page\/hr\/wp-json\/wp\/v2\/product_tag?post=741045"}],"curies":[{"name":"wp","href":"https:\/\/api.w.org\/{rel}","templated":true}]}}