{"id":741048,"date":"2025-03-03T18:12:28","date_gmt":"2025-03-03T17:12:28","guid":{"rendered":"https:\/\/stoic-curie.212-227-153-4.plesk.page\/producto\/kormilo-od-nehrdajuceg-celika-s-oblogom-od-poliuretana-d550\/"},"modified":"2026-02-25T00:00:50","modified_gmt":"2026-02-25T00:00:50","slug":"kormilo-od-nehrdajuceg-celika-s-oblogom-od-poliuretana-d550","status":"publish","type":"product","link":"https:\/\/stoic-curie.212-227-153-4.plesk.page\/hr\/product\/kormilo-od-nehrdajuceg-celika-s-oblogom-od-poliuretana-d550\/","title":{"rendered":"Kormilo od nehr\u0111aju\u0107eg \u010delika s oblogom od poliuretana D550"},"content":{"rendered":"<p>Kormilo od nehr\u0111aju\u0107eg \u010delika s oblogom od poliuretana D550 &#8211; <\/p>\n<p>Nema\u010dke \u010deli\u010dne kormilarske kota\u010de s poliuretanskih hvataljkama. Osovina 19 mm &#8211; 17 mm s utorom od 5 mm.<\/p>\n","protected":false},"excerpt":{"rendered":"<p>Kormilo od nehr\u0111aju\u0107eg \u010delika s oblogom od poliuretana D550 &#8211; Nema\u010dke \u010deli\u010dne kormilarske kota\u010de s poliuretanskih hvataljkama. Osovina 19 mm<\/p>\n","protected":false},"featured_media":5940352,"comment_status":"open","ping_status":"closed","template":"","meta":[],"product_brand":[3331],"product_cat":[1822],"product_tag":[],"class_list":{"0":"post-741048","1":"product","2":"type-product","3":"status-publish","4":"has-post-thumbnail","6":"product_brand-savoretti-hr","7":"product_cat-kola-kormila","9":"first","10":"instock","11":"shipping-taxable","12":"purchasable","13":"product-type-simple"},"_links":{"self":[{"href":"https:\/\/stoic-curie.212-227-153-4.plesk.page\/hr\/wp-json\/wp\/v2\/product\/741048","targetHints":{"allow":["GET"]}}],"collection":[{"href":"https:\/\/stoic-curie.212-227-153-4.plesk.page\/hr\/wp-json\/wp\/v2\/product"}],"about":[{"href":"https:\/\/stoic-curie.212-227-153-4.plesk.page\/hr\/wp-json\/wp\/v2\/types\/product"}],"replies":[{"embeddable":true,"href":"https:\/\/stoic-curie.212-227-153-4.plesk.page\/hr\/wp-json\/wp\/v2\/comments?post=741048"}],"version-history":[{"count":0,"href":"https:\/\/stoic-curie.212-227-153-4.plesk.page\/hr\/wp-json\/wp\/v2\/product\/741048\/revisions"}],"wp:featuredmedia":[{"embeddable":true,"href":"https:\/\/stoic-curie.212-227-153-4.plesk.page\/hr\/wp-json\/wp\/v2\/media\/5940352"}],"wp:attachment":[{"href":"https:\/\/stoic-curie.212-227-153-4.plesk.page\/hr\/wp-json\/wp\/v2\/media?parent=741048"}],"wp:term":[{"taxonomy":"product_brand","embeddable":true,"href":"https:\/\/stoic-curie.212-227-153-4.plesk.page\/hr\/wp-json\/wp\/v2\/product_brand?post=741048"},{"taxonomy":"product_cat","embeddable":true,"href":"https:\/\/stoic-curie.212-227-153-4.plesk.page\/hr\/wp-json\/wp\/v2\/product_cat?post=741048"},{"taxonomy":"product_tag","embeddable":true,"href":"https:\/\/stoic-curie.212-227-153-4.plesk.page\/hr\/wp-json\/wp\/v2\/product_tag?post=741048"}],"curies":[{"name":"wp","href":"https:\/\/api.w.org\/{rel}","templated":true}]}}