{"id":741056,"date":"2025-03-03T18:12:30","date_gmt":"2025-03-03T17:12:30","guid":{"rendered":"https:\/\/stoic-curie.212-227-153-4.plesk.page\/producto\/kit-sa-2-hidraulicna-crijeva-35-mt-za-nautech-1-sustave-upravljanja\/"},"modified":"2026-02-25T00:00:50","modified_gmt":"2026-02-25T00:00:50","slug":"kit-sa-2-hidraulicna-crijeva-35-mt-za-nautech-1-sustave-upravljanja","status":"publish","type":"product","link":"https:\/\/stoic-curie.212-227-153-4.plesk.page\/hr\/product\/kit-sa-2-hidraulicna-crijeva-35-mt-za-nautech-1-sustave-upravljanja\/","title":{"rendered":"Kit sa 2 hidrauli\u010dna crijeva 3,5 mt za Nautech 1 sustave upravljanja"},"content":{"rendered":"<p>Kit sa 2 hidrauli\u010dna crijeva 3,5 mt za Nautech 1 sustave upravljanja &#8211; <\/p>\n<p>Nautech1 sustav upravljanja kit za vanbrodske motore: Mercury 2 i 4T od 100 do 300 KS &#8211; Yamaha 4T od F70 do F150 i od F200 do F300 &#8211; Honda 4T 75\/90\/115A i od 135 do 250 KS &#8211; Suzuki 4T od 100 do 175 KS &#8211; Tohatsu 4T od 70 do 115 KS &#8211; Selva 2T od 80 do 150 i 4T 150 KS &#8211; Johnson 4T od 90 do 140 KS.<\/p>\n<p>Prakti\u010dan i jednostavan za ugradnju, uklju\u010duje: 1 UP28F pumpu helma (Cod MTM 4656601), 4,3 okretaja upravlja\u010da od kraja do kraja, 1 cilindar UC128-OBF\/1 (Cod MTM 4655014) i 2 litre Ultraflex hidrauli\u010dnog ulja. Prolazi se koriste za vo\u0111enje 2 hidrauli\u010dne crijeva kroz krmu.<\/p>\n","protected":false},"excerpt":{"rendered":"<p>Kit sa 2 hidrauli\u010dna crijeva 3,5 mt za Nautech 1 sustave upravljanja &#8211; Nautech1 sustav upravljanja kit za vanbrodske motore:<\/p>\n","protected":false},"featured_media":5940358,"comment_status":"open","ping_status":"closed","template":"","meta":[],"product_brand":[3501],"product_cat":[1823],"product_tag":[],"class_list":{"0":"post-741056","1":"product","2":"type-product","3":"status-publish","4":"has-post-thumbnail","6":"product_brand-ultraflex-uflex-hr","7":"product_cat-hidraulicno-kormilarenje","9":"first","10":"instock","11":"shipping-taxable","12":"purchasable","13":"product-type-simple"},"_links":{"self":[{"href":"https:\/\/stoic-curie.212-227-153-4.plesk.page\/hr\/wp-json\/wp\/v2\/product\/741056","targetHints":{"allow":["GET"]}}],"collection":[{"href":"https:\/\/stoic-curie.212-227-153-4.plesk.page\/hr\/wp-json\/wp\/v2\/product"}],"about":[{"href":"https:\/\/stoic-curie.212-227-153-4.plesk.page\/hr\/wp-json\/wp\/v2\/types\/product"}],"replies":[{"embeddable":true,"href":"https:\/\/stoic-curie.212-227-153-4.plesk.page\/hr\/wp-json\/wp\/v2\/comments?post=741056"}],"version-history":[{"count":0,"href":"https:\/\/stoic-curie.212-227-153-4.plesk.page\/hr\/wp-json\/wp\/v2\/product\/741056\/revisions"}],"wp:featuredmedia":[{"embeddable":true,"href":"https:\/\/stoic-curie.212-227-153-4.plesk.page\/hr\/wp-json\/wp\/v2\/media\/5940358"}],"wp:attachment":[{"href":"https:\/\/stoic-curie.212-227-153-4.plesk.page\/hr\/wp-json\/wp\/v2\/media?parent=741056"}],"wp:term":[{"taxonomy":"product_brand","embeddable":true,"href":"https:\/\/stoic-curie.212-227-153-4.plesk.page\/hr\/wp-json\/wp\/v2\/product_brand?post=741056"},{"taxonomy":"product_cat","embeddable":true,"href":"https:\/\/stoic-curie.212-227-153-4.plesk.page\/hr\/wp-json\/wp\/v2\/product_cat?post=741056"},{"taxonomy":"product_tag","embeddable":true,"href":"https:\/\/stoic-curie.212-227-153-4.plesk.page\/hr\/wp-json\/wp\/v2\/product_tag?post=741056"}],"curies":[{"name":"wp","href":"https:\/\/api.w.org\/{rel}","templated":true}]}}