{"id":741057,"date":"2025-03-03T18:12:30","date_gmt":"2025-03-03T17:12:30","guid":{"rendered":"https:\/\/stoic-curie.212-227-153-4.plesk.page\/producto\/nepovratni-ventil-vetus-za-dvostruku-postaju-cilindri-mt230-mt345\/"},"modified":"2026-02-25T00:00:50","modified_gmt":"2026-02-25T00:00:50","slug":"nepovratni-ventil-vetus-za-dvostruku-postaju-cilindri-mt230-mt345","status":"publish","type":"product","link":"https:\/\/stoic-curie.212-227-153-4.plesk.page\/hr\/product\/nepovratni-ventil-vetus-za-dvostruku-postaju-cilindri-mt230-mt345\/","title":{"rendered":"Nepovratni ventil Vetus za dvostruku postaju (cilindri MT230-MT345)"},"content":{"rendered":"<p>Nepovratni ventil Vetus za dvostruku postaju (cilindri MT230-MT345) &#8211; <\/p>\n<p>Dijelovi i dodaci za Vetus hidrauli\u010dke sustave upravljanja. Povratne ventile tako\u0111er se koriste za dvostruke stanice. Uvu\u010dene prirubnice su od nehr\u0111aju\u0107eg \u010delika i odgovaraju starim Vetus pumpama. Obila\u017eni slavina je montirana na hidrauli\u010dki sustav kako bi se i\u0161lo prema kormilu.<\/p>\n","protected":false},"excerpt":{"rendered":"<p>Nepovratni ventil Vetus za dvostruku postaju (cilindri MT230-MT345) &#8211; Dijelovi i dodaci za Vetus hidrauli\u010dke sustave upravljanja. Povratne ventile tako\u0111er<\/p>\n","protected":false},"featured_media":5940361,"comment_status":"open","ping_status":"closed","template":"","meta":[],"product_brand":[3521],"product_cat":[1823],"product_tag":[],"class_list":{"0":"post-741057","1":"product","2":"type-product","3":"status-publish","4":"has-post-thumbnail","6":"product_brand-vetus-hr","7":"product_cat-hidraulicno-kormilarenje","9":"first","10":"instock","11":"shipping-taxable","12":"purchasable","13":"product-type-simple"},"_links":{"self":[{"href":"https:\/\/stoic-curie.212-227-153-4.plesk.page\/hr\/wp-json\/wp\/v2\/product\/741057","targetHints":{"allow":["GET"]}}],"collection":[{"href":"https:\/\/stoic-curie.212-227-153-4.plesk.page\/hr\/wp-json\/wp\/v2\/product"}],"about":[{"href":"https:\/\/stoic-curie.212-227-153-4.plesk.page\/hr\/wp-json\/wp\/v2\/types\/product"}],"replies":[{"embeddable":true,"href":"https:\/\/stoic-curie.212-227-153-4.plesk.page\/hr\/wp-json\/wp\/v2\/comments?post=741057"}],"version-history":[{"count":0,"href":"https:\/\/stoic-curie.212-227-153-4.plesk.page\/hr\/wp-json\/wp\/v2\/product\/741057\/revisions"}],"wp:featuredmedia":[{"embeddable":true,"href":"https:\/\/stoic-curie.212-227-153-4.plesk.page\/hr\/wp-json\/wp\/v2\/media\/5940361"}],"wp:attachment":[{"href":"https:\/\/stoic-curie.212-227-153-4.plesk.page\/hr\/wp-json\/wp\/v2\/media?parent=741057"}],"wp:term":[{"taxonomy":"product_brand","embeddable":true,"href":"https:\/\/stoic-curie.212-227-153-4.plesk.page\/hr\/wp-json\/wp\/v2\/product_brand?post=741057"},{"taxonomy":"product_cat","embeddable":true,"href":"https:\/\/stoic-curie.212-227-153-4.plesk.page\/hr\/wp-json\/wp\/v2\/product_cat?post=741057"},{"taxonomy":"product_tag","embeddable":true,"href":"https:\/\/stoic-curie.212-227-153-4.plesk.page\/hr\/wp-json\/wp\/v2\/product_tag?post=741057"}],"curies":[{"name":"wp","href":"https:\/\/api.w.org\/{rel}","templated":true}]}}